{"id":13894,"date":"2023-02-16T12:29:40","date_gmt":"2023-02-16T11:29:40","guid":{"rendered":"https:\/\/zurbaran.devplatform.tech\/maria-del-carmen-segovia-cadiz\/"},"modified":"2025-03-18T11:50:42","modified_gmt":"2025-03-18T10:50:42","slug":"maria-del-carmen-segovia-cadiz","status":"publish","type":"page","link":"https:\/\/zurbaran.devplatform.tech\/en\/maria-del-carmen-segovia-cadiz\/","title":{"rendered":"Mar\u00eda del Carmen Segovia C\u00e1diz"},"content":{"rendered":"<section class=\"wpb-content-wrapper\"><style type=\"text\/css\" data-type=\"vc_cmsms_shortcodes-custom-css\"><\/style><p>[vc_row full_width=&#8221;stretch_row&#8221; parallax=&#8221;content-moving&#8221; parallax_image=&#8221;15483&#8243;][vc_column css=&#8221;.vc_custom_1641918447295{margin-top: 70px !important;}&#8221;][vc_custom_heading text=&#8221;Team&#8221; font_container=&#8221;tag:h2|font_size:56|text_align:right|color:%23ffffff|line_height:74px&#8221; google_fonts=&#8221;font_family:Merriweather%3A300%2C300italic%2Cregular%2Citalic%2C700%2C700italic%2C900%2C900italic|font_style:700%20bold%20regular%3A700%3Anormal&#8221; css=&#8221;&#8221;][vc_custom_heading text=&#8221;Professionals&#8221; font_container=&#8221;tag:h3|font_size:26|text_align:right|color:%23ffffff&#8221; use_theme_fonts=&#8221;yes&#8221; css=&#8221;.vc_custom_1742292849819{margin-top: -10px !important;margin-bottom: 40px !important;}&#8221;][\/vc_column][\/vc_row][vc_row css=&#8221;.vc_custom_1523972564928{padding-top: 70px !important;padding-bottom: 10px !important;}&#8221;][vc_column css=&#8221;.vc_custom_1523972438973{margin-bottom: 0px !important;}&#8221;][vc_custom_heading text=&#8221;Mar\u00eda del Carmen Segovia C\u00e1diz&#8221; use_theme_fonts=&#8221;yes&#8221; css=&#8221;.vc_custom_1676547021792{margin-bottom: 0px !important;padding-bottom: 0px !important;}&#8221;][vc_custom_heading text=&#8221;Lawyer&#8221; font_container=&#8221;tag:h2|font_size:14|text_align:left|color:%231e73be&#8221; use_theme_fonts=&#8221;yes&#8221; css=&#8221;.vc_custom_1676547409100{margin-top: 0px !important;margin-bottom: 0px !important;padding-bottom: 0px !important;}&#8221; el_class=&#8221;cargo-ficha&#8221;][\/vc_column][\/vc_row][vc_row gap=&#8221;35&#8243; css=&#8221;.vc_custom_1523976294937{margin-top: 0px !important;padding-top: 0px !important;padding-bottom: 30px !important;}&#8221;][vc_column width=&#8221;2\/3&#8243; css=&#8221;.vc_custom_1523972492860{margin-top: 0px !important;padding-top: 0px !important;}&#8221;][vc_single_image image=&#8221;13887&#8243; img_size=&#8221;full&#8221;][vc_column_text]Degree in Law, specializing in Public Law, from the University of Seville, 1996. Legal practice course at the School of Forensic Legal Practice of the Bar Association of Seville, 1998-2000. Master in Territorial Planning and Environment, Instituto Garc\u00eda Oviedo, University of Seville, 2006-2008.<\/p>\n<p>She has been practicing law since 2000, joining Bufete Imagen in 2009, with extensive experience in judicial and extrajudicial proceedings of civil law, especially in matters of contracts, liability and inheritance, as well as the handling of criminal proceedings.<\/p>\n<p>Interim civil servant, assigned to the Superior Body of Inspection of Territory, Urbanism and Housing of the Regional Government of Andalusia 2021-2022.<\/p>\n<p>In 2022 she joined Zurbar\u00e1n Abogados as a lawyer in the Civil Law Department.<\/p>\n<p><strong>Language<\/strong>: English[\/vc_column_text][\/vc_column][vc_column width=&#8221;1\/3&#8243; css=&#8221;.vc_custom_1484053228560{padding-left: 20px !important;}&#8221;][vc_row_inner css=&#8221;.vc_custom_1642087694056{border-top-width: 1px !important;border-right-width: 1px !important;border-bottom-width: 1px !important;border-left-width: 1px !important;background-color: #ffff !important;border-left-color: #e0e0e0 !important;border-left-style: solid !important;border-right-color: #e0e0e0 !important;border-right-style: solid !important;border-top-color: #e0e0e0 !important;border-top-style: solid !important;border-bottom-color: #e0e0e0 !important;border-bottom-style: solid !important;}&#8221;][vc_column_inner css=&#8221;.vc_custom_1524032408983{border-top-width: 1px !important;border-right-width: 1px !important;border-bottom-width: 1px !important;border-left-width: 1px !important;padding-top: 40px !important;padding-right: 28px !important;padding-bottom: 0px !important;padding-left: 32px !important;}&#8221;][vc_custom_heading text=&#8221;Contact Information&#8221; font_container=&#8221;tag:h3|text_align:left&#8221; use_theme_fonts=&#8221;yes&#8221; css=&#8221;.vc_custom_1676547437564{margin-bottom: 25px !important;padding-bottom: 0px !important;}&#8221;][vc_column_text css=&#8221;.vc_custom_1676547477420{margin-bottom: 30px !important;padding-bottom: 0px !important;}&#8221;]<\/p>\n<div class=\"widget widget_custom_contact_info_entries\"><span class=\"contact_widget_email cmsms_theme_icon_mail\" style=\"color: white;\"><a class=\"email\" href=\"mailto:csegovia@zurbaran.devplatform.tech\">csegovia@zurbaran.devplatform.tech<\/a><\/span><span class=\"contact_widget_phone cmsms_theme_icon_phone\"><span class=\"tel\">Tel (+34) 954 470 470<\/span><\/span><!--<span class=\"cmsms_social_icon cmsms_social_icon_1 Theme-Default-Icons-linkedin-with-circle\" style=\"font-size: 21px !important;\"><a class=\"tel\" href=\"https:\/\/www.linkedin.com\/in\/alfonso-jos%C3%A9-albarrac%C3%ADn-pacheco-30359922\/\" target=\"_blank\" rel=\"noopener noreferrer\">Linkedin<\/a><\/span>--><\/div>\n<p>[\/vc_column_text][\/vc_column_inner][\/vc_row_inner][vc_custom_heading text=&#8221;Areas of Practice&#8221; use_theme_fonts=&#8221;yes&#8221; css=&#8221;.vc_custom_1676547449915{margin-top: 30px !important;margin-bottom: 30px !important;padding-bottom: 0px !important;}&#8221;][vc_basic_grid post_type=&#8221;page&#8221; max_items=&#8221;4&#8243; element_width=&#8221;12&#8243; gap=&#8221;20&#8243; item=&#8221;9725&#8243; grid_id=&#8221;vc_gid:1742295036551-bb6ac692-2825-8&#8243; exclude=&#8221;2726&#8243; taxonomies=&#8221;33&#8243; el_id=&#8221;areas-de-practica&#8221;][\/vc_column][\/vc_row][vc_row full_width=&#8221;stretch_row&#8221; css=&#8221;.vc_custom_1484058709294{margin-left: 0px !important;border-top-width: 1px !important;padding-top: 40px !important;padding-bottom: 25px !important;background-color: #fbfbfb !important;border-top-color: #e0e0e0 !important;border-top-style: solid !important;}&#8221;][vc_column][vc_row_inner][vc_column_inner width=&#8221;3\/4&#8243;][\/vc_column_inner][\/vc_row_inner][\/vc_column][\/vc_row]<\/p>\n<\/section>","protected":false},"excerpt":{"rendered":"<p>[vc_row full_width=&#8221;stretch_row&#8221; parallax=&#8221;content-moving&#8221; parallax_image=&#8221;15483&#8243;][vc_column css=&#8221;.vc_custom_1641918447295{margin-top: 70px !important;}&#8221;][vc_custom_heading text=&#8221;Team&#8221; font_container=&#8221;tag:h2|font_size:56|text_align:right|color:%23ffffff|line_height:74px&#8221; google_fonts=&#8221;font_family:Merriweather%3A300%2C300italic%2Cregular%2Citalic%2C700%2C700italic%2C900%2C900italic|font_style:700%20bold%20regular%3A700%3Anormal&#8221; css=&#8221;&#8221;][vc_custom_heading text=&#8221;Professionals&#8221; font_container=&#8221;tag:h3|font_size:26|text_align:right|color:%23ffffff&#8221; use_theme_fonts=&#8221;yes&#8221; css=&#8221;.vc_custom_1742292849819{margin-top: -10px !important;margin-bottom: 40px !important;}&#8221;][\/vc_column][\/vc_row][vc_row css=&#8221;.vc_custom_1523972564928{padding-top: 70px !important;padding-bottom: 10px !important;}&#8221;][vc_column css=&#8221;.vc_custom_1523972438973{margin-bottom: 0px !important;}&#8221;][vc_custom_heading text=&#8221;Mar\u00eda del Carmen Segovia C\u00e1diz&#8221; use_theme_fonts=&#8221;yes&#8221; css=&#8221;.vc_custom_1676547021792{margin-bottom: 0px !important;padding-bottom: 0px !important;}&#8221;][vc_custom_heading text=&#8221;Lawyer&#8221; font_container=&#8221;tag:h2|font_size:14|text_align:left|color:%231e73be&#8221; use_theme_fonts=&#8221;yes&#8221; css=&#8221;.vc_custom_1676547409100{margin-top: 0px !important;margin-bottom: 0px !important;padding-bottom: 0px !important;}&#8221; el_class=&#8221;cargo-ficha&#8221;][\/vc_column][\/vc_row][vc_row gap=&#8221;35&#8243; css=&#8221;.vc_custom_1523976294937{margin-top: 0px !important;padding-top: 0px !important;padding-bottom:&#8230;<\/p>\n","protected":false},"author":4,"featured_media":0,"parent":0,"menu_order":0,"comment_status":"closed","ping_status":"closed","template":"","meta":[],"categories":[89],"tags":[],"yoast_head":"<!-- This site is optimized with the Yoast SEO plugin v20.10 - https:\/\/yoast.com\/wordpress\/plugins\/seo\/ -->\n<title>Mar\u00eda del Carmen Segovia C\u00e1diz - Zurbar\u00e1n Abogados<\/title>\n<meta name=\"robots\" content=\"index, follow, max-snippet:-1, max-image-preview:large, max-video-preview:-1\" \/>\n<link rel=\"canonical\" href=\"https:\/\/zurbaran.devplatform.tech\/en\/maria-del-carmen-segovia-cadiz\/\" \/>\n<meta property=\"og:locale\" content=\"en_US\" \/>\n<meta property=\"og:type\" content=\"article\" \/>\n<meta property=\"og:title\" content=\"Mar\u00eda del Carmen Segovia C\u00e1diz - Zurbar\u00e1n Abogados\" \/>\n<meta property=\"og:description\" content=\"[vc_row full_width=&#8221;stretch_row&#8221; parallax=&#8221;content-moving&#8221; parallax_image=&#8221;15483&#8243;][vc_column css=&#8221;.vc_custom_1641918447295{margin-top: 70px !important;}&#8221;][vc_custom_heading text=&#8221;Team&#8221; font_container=&#8221;tag:h2|font_size:56|text_align:right|color:%23ffffff|line_height:74px&#8221; google_fonts=&#8221;font_family:Merriweather%3A300%2C300italic%2Cregular%2Citalic%2C700%2C700italic%2C900%2C900italic|font_style:700%20bold%20regular%3A700%3Anormal&#8221; css=&#8221;&#8221;][vc_custom_heading text=&#8221;Professionals&#8221; font_container=&#8221;tag:h3|font_size:26|text_align:right|color:%23ffffff&#8221; use_theme_fonts=&#8221;yes&#8221; css=&#8221;.vc_custom_1742292849819{margin-top: -10px !important;margin-bottom: 40px !important;}&#8221;][\/vc_column][\/vc_row][vc_row css=&#8221;.vc_custom_1523972564928{padding-top: 70px !important;padding-bottom: 10px !important;}&#8221;][vc_column css=&#8221;.vc_custom_1523972438973{margin-bottom: 0px !important;}&#8221;][vc_custom_heading text=&#8221;Mar\u00eda del Carmen Segovia C\u00e1diz&#8221; use_theme_fonts=&#8221;yes&#8221; css=&#8221;.vc_custom_1676547021792{margin-bottom: 0px !important;padding-bottom: 0px !important;}&#8221;][vc_custom_heading text=&#8221;Lawyer&#8221; font_container=&#8221;tag:h2|font_size:14|text_align:left|color:%231e73be&#8221; use_theme_fonts=&#8221;yes&#8221; css=&#8221;.vc_custom_1676547409100{margin-top: 0px !important;margin-bottom: 0px !important;padding-bottom: 0px !important;}&#8221; el_class=&#8221;cargo-ficha&#8221;][\/vc_column][\/vc_row][vc_row gap=&#8221;35&#8243; css=&#8221;.vc_custom_1523976294937{margin-top: 0px !important;padding-top: 0px !important;padding-bottom:...\" \/>\n<meta property=\"og:url\" content=\"https:\/\/zurbaran.devplatform.tech\/en\/maria-del-carmen-segovia-cadiz\/\" \/>\n<meta property=\"og:site_name\" content=\"Zurbar\u00e1n Abogados\" \/>\n<meta property=\"article:modified_time\" content=\"2025-03-18T10:50:42+00:00\" \/>\n<meta name=\"twitter:card\" content=\"summary_large_image\" \/>\n<meta name=\"twitter:label1\" content=\"Est. reading time\" \/>\n\t<meta name=\"twitter:data1\" content=\"2 minutes\" \/>\n<script type=\"application\/ld+json\" class=\"yoast-schema-graph\">{\"@context\":\"https:\/\/schema.org\",\"@graph\":[{\"@type\":\"WebPage\",\"@id\":\"https:\/\/zurbaran.devplatform.tech\/en\/maria-del-carmen-segovia-cadiz\/\",\"url\":\"https:\/\/zurbaran.devplatform.tech\/en\/maria-del-carmen-segovia-cadiz\/\",\"name\":\"Mar\u00eda del Carmen Segovia C\u00e1diz - Zurbar\u00e1n Abogados\",\"isPartOf\":{\"@id\":\"https:\/\/zurbaran.devplatform.tech\/#website\"},\"datePublished\":\"2023-02-16T11:29:40+00:00\",\"dateModified\":\"2025-03-18T10:50:42+00:00\",\"breadcrumb\":{\"@id\":\"https:\/\/zurbaran.devplatform.tech\/en\/maria-del-carmen-segovia-cadiz\/#breadcrumb\"},\"inLanguage\":\"en-US\",\"potentialAction\":[{\"@type\":\"ReadAction\",\"target\":[\"https:\/\/zurbaran.devplatform.tech\/en\/maria-del-carmen-segovia-cadiz\/\"]}]},{\"@type\":\"BreadcrumbList\",\"@id\":\"https:\/\/zurbaran.devplatform.tech\/en\/maria-del-carmen-segovia-cadiz\/#breadcrumb\",\"itemListElement\":[{\"@type\":\"ListItem\",\"position\":1,\"name\":\"Home\",\"item\":\"https:\/\/zurbaran.devplatform.tech\/en\/home\/\"},{\"@type\":\"ListItem\",\"position\":2,\"name\":\"Mar\u00eda del Carmen Segovia C\u00e1diz\"}]},{\"@type\":\"WebSite\",\"@id\":\"https:\/\/zurbaran.devplatform.tech\/#website\",\"url\":\"https:\/\/zurbaran.devplatform.tech\/\",\"name\":\"Zurbar\u00e1n Abogados\",\"description\":\"Zurbar\u00e1n Abogados - Legal Solutions\",\"potentialAction\":[{\"@type\":\"SearchAction\",\"target\":{\"@type\":\"EntryPoint\",\"urlTemplate\":\"https:\/\/zurbaran.devplatform.tech\/?s={search_term_string}\"},\"query-input\":\"required name=search_term_string\"}],\"inLanguage\":\"en-US\"}]}<\/script>\n<!-- \/ Yoast SEO plugin. -->","yoast_head_json":{"title":"Mar\u00eda del Carmen Segovia C\u00e1diz - Zurbar\u00e1n Abogados","robots":{"index":"index","follow":"follow","max-snippet":"max-snippet:-1","max-image-preview":"max-image-preview:large","max-video-preview":"max-video-preview:-1"},"canonical":"https:\/\/zurbaran.devplatform.tech\/en\/maria-del-carmen-segovia-cadiz\/","og_locale":"en_US","og_type":"article","og_title":"Mar\u00eda del Carmen Segovia C\u00e1diz - Zurbar\u00e1n Abogados","og_description":"[vc_row full_width=&#8221;stretch_row&#8221; parallax=&#8221;content-moving&#8221; parallax_image=&#8221;15483&#8243;][vc_column css=&#8221;.vc_custom_1641918447295{margin-top: 70px !important;}&#8221;][vc_custom_heading text=&#8221;Team&#8221; font_container=&#8221;tag:h2|font_size:56|text_align:right|color:%23ffffff|line_height:74px&#8221; google_fonts=&#8221;font_family:Merriweather%3A300%2C300italic%2Cregular%2Citalic%2C700%2C700italic%2C900%2C900italic|font_style:700%20bold%20regular%3A700%3Anormal&#8221; css=&#8221;&#8221;][vc_custom_heading text=&#8221;Professionals&#8221; font_container=&#8221;tag:h3|font_size:26|text_align:right|color:%23ffffff&#8221; use_theme_fonts=&#8221;yes&#8221; css=&#8221;.vc_custom_1742292849819{margin-top: -10px !important;margin-bottom: 40px !important;}&#8221;][\/vc_column][\/vc_row][vc_row css=&#8221;.vc_custom_1523972564928{padding-top: 70px !important;padding-bottom: 10px !important;}&#8221;][vc_column css=&#8221;.vc_custom_1523972438973{margin-bottom: 0px !important;}&#8221;][vc_custom_heading text=&#8221;Mar\u00eda del Carmen Segovia C\u00e1diz&#8221; use_theme_fonts=&#8221;yes&#8221; css=&#8221;.vc_custom_1676547021792{margin-bottom: 0px !important;padding-bottom: 0px !important;}&#8221;][vc_custom_heading text=&#8221;Lawyer&#8221; font_container=&#8221;tag:h2|font_size:14|text_align:left|color:%231e73be&#8221; use_theme_fonts=&#8221;yes&#8221; css=&#8221;.vc_custom_1676547409100{margin-top: 0px !important;margin-bottom: 0px !important;padding-bottom: 0px !important;}&#8221; el_class=&#8221;cargo-ficha&#8221;][\/vc_column][\/vc_row][vc_row gap=&#8221;35&#8243; css=&#8221;.vc_custom_1523976294937{margin-top: 0px !important;padding-top: 0px !important;padding-bottom:...","og_url":"https:\/\/zurbaran.devplatform.tech\/en\/maria-del-carmen-segovia-cadiz\/","og_site_name":"Zurbar\u00e1n Abogados","article_modified_time":"2025-03-18T10:50:42+00:00","twitter_card":"summary_large_image","twitter_misc":{"Est. reading time":"2 minutes"},"schema":{"@context":"https:\/\/schema.org","@graph":[{"@type":"WebPage","@id":"https:\/\/zurbaran.devplatform.tech\/en\/maria-del-carmen-segovia-cadiz\/","url":"https:\/\/zurbaran.devplatform.tech\/en\/maria-del-carmen-segovia-cadiz\/","name":"Mar\u00eda del Carmen Segovia C\u00e1diz - Zurbar\u00e1n Abogados","isPartOf":{"@id":"https:\/\/zurbaran.devplatform.tech\/#website"},"datePublished":"2023-02-16T11:29:40+00:00","dateModified":"2025-03-18T10:50:42+00:00","breadcrumb":{"@id":"https:\/\/zurbaran.devplatform.tech\/en\/maria-del-carmen-segovia-cadiz\/#breadcrumb"},"inLanguage":"en-US","potentialAction":[{"@type":"ReadAction","target":["https:\/\/zurbaran.devplatform.tech\/en\/maria-del-carmen-segovia-cadiz\/"]}]},{"@type":"BreadcrumbList","@id":"https:\/\/zurbaran.devplatform.tech\/en\/maria-del-carmen-segovia-cadiz\/#breadcrumb","itemListElement":[{"@type":"ListItem","position":1,"name":"Home","item":"https:\/\/zurbaran.devplatform.tech\/en\/home\/"},{"@type":"ListItem","position":2,"name":"Mar\u00eda del Carmen Segovia C\u00e1diz"}]},{"@type":"WebSite","@id":"https:\/\/zurbaran.devplatform.tech\/#website","url":"https:\/\/zurbaran.devplatform.tech\/","name":"Zurbar\u00e1n Abogados","description":"Zurbar\u00e1n Abogados - Legal Solutions","potentialAction":[{"@type":"SearchAction","target":{"@type":"EntryPoint","urlTemplate":"https:\/\/zurbaran.devplatform.tech\/?s={search_term_string}"},"query-input":"required name=search_term_string"}],"inLanguage":"en-US"}]}},"_links":{"self":[{"href":"https:\/\/zurbaran.devplatform.tech\/en\/wp-json\/wp\/v2\/pages\/13894"}],"collection":[{"href":"https:\/\/zurbaran.devplatform.tech\/en\/wp-json\/wp\/v2\/pages"}],"about":[{"href":"https:\/\/zurbaran.devplatform.tech\/en\/wp-json\/wp\/v2\/types\/page"}],"author":[{"embeddable":true,"href":"https:\/\/zurbaran.devplatform.tech\/en\/wp-json\/wp\/v2\/users\/4"}],"replies":[{"embeddable":true,"href":"https:\/\/zurbaran.devplatform.tech\/en\/wp-json\/wp\/v2\/comments?post=13894"}],"version-history":[{"count":3,"href":"https:\/\/zurbaran.devplatform.tech\/en\/wp-json\/wp\/v2\/pages\/13894\/revisions"}],"predecessor-version":[{"id":15763,"href":"https:\/\/zurbaran.devplatform.tech\/en\/wp-json\/wp\/v2\/pages\/13894\/revisions\/15763"}],"wp:attachment":[{"href":"https:\/\/zurbaran.devplatform.tech\/en\/wp-json\/wp\/v2\/media?parent=13894"}],"wp:term":[{"taxonomy":"category","embeddable":true,"href":"https:\/\/zurbaran.devplatform.tech\/en\/wp-json\/wp\/v2\/categories?post=13894"},{"taxonomy":"post_tag","embeddable":true,"href":"https:\/\/zurbaran.devplatform.tech\/en\/wp-json\/wp\/v2\/tags?post=13894"}],"curies":[{"name":"wp","href":"https:\/\/api.w.org\/{rel}","templated":true}]}}