{"id":11857,"date":"2022-04-06T11:15:00","date_gmt":"2022-04-06T09:15:00","guid":{"rendered":"https:\/\/zurbaran.devplatform.tech\/of-counsel\/"},"modified":"2025-03-18T11:03:06","modified_gmt":"2025-03-18T10:03:06","slug":"of-counsel","status":"publish","type":"page","link":"https:\/\/zurbaran.devplatform.tech\/en\/of-counsel\/","title":{"rendered":"Of Counsel"},"content":{"rendered":"<section class=\"wpb-content-wrapper\"><style type=\"text\/css\" data-type=\"vc_cmsms_shortcodes-custom-css\"><\/style><p>[vc_row full_width=&#8221;stretch_row&#8221; parallax=&#8221;content-moving&#8221; parallax_image=&#8221;15483&#8243; css_animation=&#8221;none&#8221; parallax_content=&#8221;off&#8221; fadeout_row=&#8221;fadeout_row_value&#8221; fadeout_start_effect=&#8221;70&#8243; enable_overlay=&#8221;enable_overlay_value&#8221; overlay_color=&#8221;rgba(17,17,17,0.78)&#8221; seperator_enable=&#8221;off&#8221; css=&#8221;.vc_custom_1742292055876{margin-bottom: 0px !important;}&#8221;][vc_column css=&#8221;.vc_custom_1641918011839{margin-top: 70px !important;}&#8221;][vc_custom_heading text=&#8221;Team&#8221; font_container=&#8221;tag:h2|font_size:56|text_align:right|color:%23ffffff|line_height:74px&#8221; google_fonts=&#8221;font_family:Merriweather%3A300%2C300italic%2Cregular%2Citalic%2C700%2C700italic%2C900%2C900italic|font_style:700%20bold%20regular%3A700%3Anormal&#8221; css=&#8221;.vc_custom_1742292115164{margin-top: 35px !important;margin-bottom: 80px !important;}&#8221;][\/vc_column][\/vc_row][vc_row][vc_column][vc_custom_heading text=&#8221;Of Counsel&#8221; font_container=&#8221;tag:h2|font_size:45|text_align:center|color:%23000000|line_height:50px&#8221; google_fonts=&#8221;font_family:Merriweather%3A300%2C300italic%2Cregular%2Citalic%2C700%2C700italic%2C900%2C900italic|font_style:400%20regular%3A400%3Anormal&#8221; css=&#8221;.vc_custom_1742292183190{margin-top: 20px !important;margin-bottom: 20px !important;}&#8221;][vc_column_text css=&#8221;.vc_custom_1663769565765{padding-top: 50px !important;padding-bottom: 50px !important;}&#8221;]<\/p>\n<h4 style=\"text-align: center;\">Zurbar\u00e1n Abogados features a team of professionals with in-depth knowledge and broad experience in their areas of practice which combine their professional and teaching work with direct support to the members and clients of the firm.<\/h4>\n<p>[\/vc_column_text][\/vc_column][\/vc_row][vc_row css=&#8221;.vc_custom_1524144864864{margin-bottom: 40px !important;padding-top: 30px !important;padding-bottom: 0px !important;}&#8221;][vc_column css=&#8221;.vc_custom_1608208389031{margin-top: 0px !important;margin-bottom: 0px !important;}&#8221; offset=&#8221;vc_col-lg-12 vc_col-md-12 vc_col-sm-offset-0&#8243; el_class=&#8221;profiles-containter&#8221;][cmsms_profile uniqid=&#8221;cmsms_shcd_65a04b31417be1_08866989&#8243; image=&#8221;14600&#8243; title=&#8221;Emilio Hidalgo Hern\u00e1ndez&#8221; subtitle=&#8221;Of Counsel&#8221; icons=&#8221;%5B%7B%7D%5D&#8221; text=&#8221;<!--Socio Director del Despacho M&P ABOGADOS y abogado Of Counsel en ZURBAR\u00c1N ABOGADOS. Tambi\u00e9n ejerce labores docentes como profesor del M\u00e1ster de Ordenaci\u00f3n del Territorio y Urbanismo (T\u00e9cnico Urbanista) y del Curso de Experto de Derecho Urban\u00edstico del Instituto de Estudios Jur\u00eddicos y Empresariales de Cajasol.-->&#8221; css=&#8221;.vc_custom_1705003861641{margin-bottom: 0px !important;}&#8221; link=&#8221;url:%2Fen%2Femilio-hidalgo-hernandez%2F|title:Emilio%20Hidalgo%20Hern%C3%A1ndez&#8221;][cmsms_profile uniqid=&#8221;cmsms_shcd_63ee0b2378bd43_19271101&#8243; image=&#8221;13874&#8243; title=&#8221;Jos\u00e9 Antonio Pic\u00f3n Aparicio&#8221; subtitle=&#8221;Of Counsel&#8221; icons=&#8221;%5B%7B%7D%5D&#8221; text=&#8221;<!--Socio Director del Despacho M&P ABOGADOS y abogado Of Counsel en ZURBAR\u00c1N ABOGADOS. Tambi\u00e9n ejerce labores docentes como profesor del M\u00e1ster de Ordenaci\u00f3n del Territorio y Urbanismo (T\u00e9cnico Urbanista) y del Curso de Experto de Derecho Urban\u00edstico del Instituto de Estudios Jur\u00eddicos y Empresariales de Cajasol.-->&#8221; css=&#8221;.vc_custom_1676544815955{margin-bottom: 0px !important;}&#8221; link=&#8221;url:%2Fen%2Fjose-antonio-picon-aparicio%2F|title:Jos%C3%A9%20Antonio%20Pic%C3%B3n%20Aparicio||&#8221;][cmsms_profile uniqid=&#8221;cmsms_shcd_631b098b6a8c89_88741168&#8243; image=&#8221;11852&#8243; title=&#8221;Julio Hern\u00e1ndez Polo&#8221; subtitle=&#8221;Of Counsel&#8221; icons=&#8221;%5B%7B%7D%5D&#8221; text=&#8221;<!--Socio Director del Despacho M&P ABOGADOS y abogado Of Counsel en ZURBAR\u00c1N ABOGADOS. Tambi\u00e9n ejerce labores docentes como profesor del M\u00e1ster de Ordenaci\u00f3n del Territorio y Urbanismo (T\u00e9cnico Urbanista) y del Curso de Experto de Derecho Urban\u00edstico del Instituto de Estudios Jur\u00eddicos y Empresariales de Cajasol.-->&#8221; css=&#8221;.vc_custom_1662716307092{margin-bottom: 0px !important;}&#8221; link=&#8221;url:https%3A%2F%2Fzurbaran.devplatform.tech%2Fen%2Fjulio-hernandez-polo%2F|title:Julio%20Hern%C3%A1ndez%20Polo||&#8221;][cmsms_profile uniqid=&#8221;cmsms_shcd_6489dc08cb2f27_13845469&#8243; image=&#8221;14187&#8243; title=&#8221;Pablo Mart\u00ednez-Gij\u00f3n Machuca&#8221; subtitle=&#8221;Of Counsel&#8221; icons=&#8221;%5B%7B%7D%5D&#8221; text=&#8221;<!--Socio Director del Despacho M&P ABOGADOS y abogado Of Counsel en ZURBAR\u00c1N ABOGADOS. Tambi\u00e9n ejerce labores docentes como profesor del M\u00e1ster de Ordenaci\u00f3n del Territorio y Urbanismo (T\u00e9cnico Urbanista) y del Curso de Experto de Derecho Urban\u00edstico del Instituto de Estudios Jur\u00eddicos y Empresariales de Cajasol.-->&#8221; css=&#8221;.vc_custom_1686756313354{margin-bottom: 0px !important;}&#8221; link=&#8221;url:https%3A%2F%2Fzurbaran.devplatform.tech%2Fen%2Fpablo-martinez-gijon-machuca%2F|title:Pablo%20Mart%C3%ADnez-Gij%C3%B3n%20Machuca&#8221;][\/vc_column][\/vc_row]<\/p>\n<\/section>","protected":false},"excerpt":{"rendered":"<p>[vc_row full_width=&#8221;stretch_row&#8221; parallax=&#8221;content-moving&#8221; parallax_image=&#8221;15483&#8243; css_animation=&#8221;none&#8221; parallax_content=&#8221;off&#8221; fadeout_row=&#8221;fadeout_row_value&#8221; fadeout_start_effect=&#8221;70&#8243; enable_overlay=&#8221;enable_overlay_value&#8221; overlay_color=&#8221;rgba(17,17,17,0.78)&#8221; seperator_enable=&#8221;off&#8221; css=&#8221;.vc_custom_1742292055876{margin-bottom: 0px !important;}&#8221;][vc_column css=&#8221;.vc_custom_1641918011839{margin-top: 70px !important;}&#8221;][vc_custom_heading text=&#8221;Team&#8221; font_container=&#8221;tag:h2|font_size:56|text_align:right|color:%23ffffff|line_height:74px&#8221; google_fonts=&#8221;font_family:Merriweather%3A300%2C300italic%2Cregular%2Citalic%2C700%2C700italic%2C900%2C900italic|font_style:700%20bold%20regular%3A700%3Anormal&#8221; css=&#8221;.vc_custom_1742292115164{margin-top: 35px !important;margin-bottom: 80px !important;}&#8221;][\/vc_column][\/vc_row][vc_row][vc_column][vc_custom_heading text=&#8221;Of Counsel&#8221; font_container=&#8221;tag:h2|font_size:45|text_align:center|color:%23000000|line_height:50px&#8221; google_fonts=&#8221;font_family:Merriweather%3A300%2C300italic%2Cregular%2Citalic%2C700%2C700italic%2C900%2C900italic|font_style:400%20regular%3A400%3Anormal&#8221; css=&#8221;.vc_custom_1742292183190{margin-top: 20px !important;margin-bottom: 20px !important;}&#8221;][vc_column_text css=&#8221;.vc_custom_1663769565765{padding-top: 50px !important;padding-bottom: 50px !important;}&#8221;] Zurbar\u00e1n Abogados features a team of professionals with in-depth knowledge and broad experience in their areas&#8230;<\/p>\n","protected":false},"author":4,"featured_media":0,"parent":0,"menu_order":0,"comment_status":"closed","ping_status":"closed","template":"","meta":[],"categories":[],"tags":[],"yoast_head":"<!-- This site is optimized with the Yoast SEO plugin v20.10 - https:\/\/yoast.com\/wordpress\/plugins\/seo\/ -->\n<title>Of Counsel - Zurbar\u00e1n Abogados<\/title>\n<meta name=\"robots\" content=\"index, follow, max-snippet:-1, max-image-preview:large, max-video-preview:-1\" \/>\n<link rel=\"canonical\" href=\"https:\/\/zurbaran.devplatform.tech\/en\/of-counsel\/\" \/>\n<meta property=\"og:locale\" content=\"en_US\" \/>\n<meta property=\"og:type\" content=\"article\" \/>\n<meta property=\"og:title\" content=\"Of Counsel - Zurbar\u00e1n Abogados\" \/>\n<meta property=\"og:description\" content=\"[vc_row full_width=&#8221;stretch_row&#8221; parallax=&#8221;content-moving&#8221; parallax_image=&#8221;15483&#8243; css_animation=&#8221;none&#8221; parallax_content=&#8221;off&#8221; fadeout_row=&#8221;fadeout_row_value&#8221; fadeout_start_effect=&#8221;70&#8243; enable_overlay=&#8221;enable_overlay_value&#8221; overlay_color=&#8221;rgba(17,17,17,0.78)&#8221; seperator_enable=&#8221;off&#8221; css=&#8221;.vc_custom_1742292055876{margin-bottom: 0px !important;}&#8221;][vc_column css=&#8221;.vc_custom_1641918011839{margin-top: 70px !important;}&#8221;][vc_custom_heading text=&#8221;Team&#8221; font_container=&#8221;tag:h2|font_size:56|text_align:right|color:%23ffffff|line_height:74px&#8221; google_fonts=&#8221;font_family:Merriweather%3A300%2C300italic%2Cregular%2Citalic%2C700%2C700italic%2C900%2C900italic|font_style:700%20bold%20regular%3A700%3Anormal&#8221; css=&#8221;.vc_custom_1742292115164{margin-top: 35px !important;margin-bottom: 80px !important;}&#8221;][\/vc_column][\/vc_row][vc_row][vc_column][vc_custom_heading text=&#8221;Of Counsel&#8221; font_container=&#8221;tag:h2|font_size:45|text_align:center|color:%23000000|line_height:50px&#8221; google_fonts=&#8221;font_family:Merriweather%3A300%2C300italic%2Cregular%2Citalic%2C700%2C700italic%2C900%2C900italic|font_style:400%20regular%3A400%3Anormal&#8221; css=&#8221;.vc_custom_1742292183190{margin-top: 20px !important;margin-bottom: 20px !important;}&#8221;][vc_column_text css=&#8221;.vc_custom_1663769565765{padding-top: 50px !important;padding-bottom: 50px !important;}&#8221;] Zurbar\u00e1n Abogados features a team of professionals with in-depth knowledge and broad experience in their areas...\" \/>\n<meta property=\"og:url\" content=\"https:\/\/zurbaran.devplatform.tech\/en\/of-counsel\/\" \/>\n<meta property=\"og:site_name\" content=\"Zurbar\u00e1n Abogados\" \/>\n<meta property=\"article:modified_time\" content=\"2025-03-18T10:03:06+00:00\" \/>\n<meta name=\"twitter:card\" content=\"summary_large_image\" \/>\n<meta name=\"twitter:label1\" content=\"Est. reading time\" \/>\n\t<meta name=\"twitter:data1\" content=\"1 minute\" \/>\n<script type=\"application\/ld+json\" class=\"yoast-schema-graph\">{\"@context\":\"https:\/\/schema.org\",\"@graph\":[{\"@type\":\"WebPage\",\"@id\":\"https:\/\/zurbaran.devplatform.tech\/en\/of-counsel\/\",\"url\":\"https:\/\/zurbaran.devplatform.tech\/en\/of-counsel\/\",\"name\":\"Of Counsel - Zurbar\u00e1n Abogados\",\"isPartOf\":{\"@id\":\"https:\/\/zurbaran.devplatform.tech\/#website\"},\"datePublished\":\"2022-04-06T09:15:00+00:00\",\"dateModified\":\"2025-03-18T10:03:06+00:00\",\"breadcrumb\":{\"@id\":\"https:\/\/zurbaran.devplatform.tech\/en\/of-counsel\/#breadcrumb\"},\"inLanguage\":\"en-US\",\"potentialAction\":[{\"@type\":\"ReadAction\",\"target\":[\"https:\/\/zurbaran.devplatform.tech\/en\/of-counsel\/\"]}]},{\"@type\":\"BreadcrumbList\",\"@id\":\"https:\/\/zurbaran.devplatform.tech\/en\/of-counsel\/#breadcrumb\",\"itemListElement\":[{\"@type\":\"ListItem\",\"position\":1,\"name\":\"Home\",\"item\":\"https:\/\/zurbaran.devplatform.tech\/en\/home\/\"},{\"@type\":\"ListItem\",\"position\":2,\"name\":\"Of Counsel\"}]},{\"@type\":\"WebSite\",\"@id\":\"https:\/\/zurbaran.devplatform.tech\/#website\",\"url\":\"https:\/\/zurbaran.devplatform.tech\/\",\"name\":\"Zurbar\u00e1n Abogados\",\"description\":\"Zurbar\u00e1n Abogados - Legal Solutions\",\"potentialAction\":[{\"@type\":\"SearchAction\",\"target\":{\"@type\":\"EntryPoint\",\"urlTemplate\":\"https:\/\/zurbaran.devplatform.tech\/?s={search_term_string}\"},\"query-input\":\"required name=search_term_string\"}],\"inLanguage\":\"en-US\"}]}<\/script>\n<!-- \/ Yoast SEO plugin. -->","yoast_head_json":{"title":"Of Counsel - Zurbar\u00e1n Abogados","robots":{"index":"index","follow":"follow","max-snippet":"max-snippet:-1","max-image-preview":"max-image-preview:large","max-video-preview":"max-video-preview:-1"},"canonical":"https:\/\/zurbaran.devplatform.tech\/en\/of-counsel\/","og_locale":"en_US","og_type":"article","og_title":"Of Counsel - Zurbar\u00e1n Abogados","og_description":"[vc_row full_width=&#8221;stretch_row&#8221; parallax=&#8221;content-moving&#8221; parallax_image=&#8221;15483&#8243; css_animation=&#8221;none&#8221; parallax_content=&#8221;off&#8221; fadeout_row=&#8221;fadeout_row_value&#8221; fadeout_start_effect=&#8221;70&#8243; enable_overlay=&#8221;enable_overlay_value&#8221; overlay_color=&#8221;rgba(17,17,17,0.78)&#8221; seperator_enable=&#8221;off&#8221; css=&#8221;.vc_custom_1742292055876{margin-bottom: 0px !important;}&#8221;][vc_column css=&#8221;.vc_custom_1641918011839{margin-top: 70px !important;}&#8221;][vc_custom_heading text=&#8221;Team&#8221; font_container=&#8221;tag:h2|font_size:56|text_align:right|color:%23ffffff|line_height:74px&#8221; google_fonts=&#8221;font_family:Merriweather%3A300%2C300italic%2Cregular%2Citalic%2C700%2C700italic%2C900%2C900italic|font_style:700%20bold%20regular%3A700%3Anormal&#8221; css=&#8221;.vc_custom_1742292115164{margin-top: 35px !important;margin-bottom: 80px !important;}&#8221;][\/vc_column][\/vc_row][vc_row][vc_column][vc_custom_heading text=&#8221;Of Counsel&#8221; font_container=&#8221;tag:h2|font_size:45|text_align:center|color:%23000000|line_height:50px&#8221; google_fonts=&#8221;font_family:Merriweather%3A300%2C300italic%2Cregular%2Citalic%2C700%2C700italic%2C900%2C900italic|font_style:400%20regular%3A400%3Anormal&#8221; css=&#8221;.vc_custom_1742292183190{margin-top: 20px !important;margin-bottom: 20px !important;}&#8221;][vc_column_text css=&#8221;.vc_custom_1663769565765{padding-top: 50px !important;padding-bottom: 50px !important;}&#8221;] Zurbar\u00e1n Abogados features a team of professionals with in-depth knowledge and broad experience in their areas...","og_url":"https:\/\/zurbaran.devplatform.tech\/en\/of-counsel\/","og_site_name":"Zurbar\u00e1n Abogados","article_modified_time":"2025-03-18T10:03:06+00:00","twitter_card":"summary_large_image","twitter_misc":{"Est. reading time":"1 minute"},"schema":{"@context":"https:\/\/schema.org","@graph":[{"@type":"WebPage","@id":"https:\/\/zurbaran.devplatform.tech\/en\/of-counsel\/","url":"https:\/\/zurbaran.devplatform.tech\/en\/of-counsel\/","name":"Of Counsel - Zurbar\u00e1n Abogados","isPartOf":{"@id":"https:\/\/zurbaran.devplatform.tech\/#website"},"datePublished":"2022-04-06T09:15:00+00:00","dateModified":"2025-03-18T10:03:06+00:00","breadcrumb":{"@id":"https:\/\/zurbaran.devplatform.tech\/en\/of-counsel\/#breadcrumb"},"inLanguage":"en-US","potentialAction":[{"@type":"ReadAction","target":["https:\/\/zurbaran.devplatform.tech\/en\/of-counsel\/"]}]},{"@type":"BreadcrumbList","@id":"https:\/\/zurbaran.devplatform.tech\/en\/of-counsel\/#breadcrumb","itemListElement":[{"@type":"ListItem","position":1,"name":"Home","item":"https:\/\/zurbaran.devplatform.tech\/en\/home\/"},{"@type":"ListItem","position":2,"name":"Of Counsel"}]},{"@type":"WebSite","@id":"https:\/\/zurbaran.devplatform.tech\/#website","url":"https:\/\/zurbaran.devplatform.tech\/","name":"Zurbar\u00e1n Abogados","description":"Zurbar\u00e1n Abogados - Legal Solutions","potentialAction":[{"@type":"SearchAction","target":{"@type":"EntryPoint","urlTemplate":"https:\/\/zurbaran.devplatform.tech\/?s={search_term_string}"},"query-input":"required name=search_term_string"}],"inLanguage":"en-US"}]}},"_links":{"self":[{"href":"https:\/\/zurbaran.devplatform.tech\/en\/wp-json\/wp\/v2\/pages\/11857"}],"collection":[{"href":"https:\/\/zurbaran.devplatform.tech\/en\/wp-json\/wp\/v2\/pages"}],"about":[{"href":"https:\/\/zurbaran.devplatform.tech\/en\/wp-json\/wp\/v2\/types\/page"}],"author":[{"embeddable":true,"href":"https:\/\/zurbaran.devplatform.tech\/en\/wp-json\/wp\/v2\/users\/4"}],"replies":[{"embeddable":true,"href":"https:\/\/zurbaran.devplatform.tech\/en\/wp-json\/wp\/v2\/comments?post=11857"}],"version-history":[{"count":21,"href":"https:\/\/zurbaran.devplatform.tech\/en\/wp-json\/wp\/v2\/pages\/11857\/revisions"}],"predecessor-version":[{"id":15738,"href":"https:\/\/zurbaran.devplatform.tech\/en\/wp-json\/wp\/v2\/pages\/11857\/revisions\/15738"}],"wp:attachment":[{"href":"https:\/\/zurbaran.devplatform.tech\/en\/wp-json\/wp\/v2\/media?parent=11857"}],"wp:term":[{"taxonomy":"category","embeddable":true,"href":"https:\/\/zurbaran.devplatform.tech\/en\/wp-json\/wp\/v2\/categories?post=11857"},{"taxonomy":"post_tag","embeddable":true,"href":"https:\/\/zurbaran.devplatform.tech\/en\/wp-json\/wp\/v2\/tags?post=11857"}],"curies":[{"name":"wp","href":"https:\/\/api.w.org\/{rel}","templated":true}]}}