{"id":11637,"date":"2016-12-30T08:24:26","date_gmt":"2016-12-30T08:24:26","guid":{"rendered":"https:\/\/zurbaran.devplatform.tech\/socios\/"},"modified":"2025-03-18T11:01:59","modified_gmt":"2025-03-18T10:01:59","slug":"partners","status":"publish","type":"page","link":"https:\/\/zurbaran.devplatform.tech\/en\/partners\/","title":{"rendered":"Partners"},"content":{"rendered":"<section class=\"wpb-content-wrapper\"><style type=\"text\/css\" data-type=\"vc_cmsms_shortcodes-custom-css\"><\/style><p>[vc_row full_width=&#8221;stretch_row&#8221; parallax=&#8221;content-moving&#8221; parallax_image=&#8221;15483&#8243; css_animation=&#8221;none&#8221; parallax_content=&#8221;off&#8221; fadeout_row=&#8221;fadeout_row_value&#8221; fadeout_start_effect=&#8221;70&#8243; enable_overlay=&#8221;enable_overlay_value&#8221; overlay_color=&#8221;rgba(17,17,17,0.78)&#8221; seperator_enable=&#8221;off&#8221; css=&#8221;.vc_custom_1742292055876{margin-bottom: 0px !important;}&#8221;][vc_column css=&#8221;.vc_custom_1641918011839{margin-top: 70px !important;}&#8221;][vc_custom_heading text=&#8221;Team&#8221; font_container=&#8221;tag:h2|font_size:56|text_align:right|color:%23ffffff|line_height:74px&#8221; google_fonts=&#8221;font_family:Merriweather%3A300%2C300italic%2Cregular%2Citalic%2C700%2C700italic%2C900%2C900italic|font_style:700%20bold%20regular%3A700%3Anormal&#8221; css=&#8221;.vc_custom_1742292115164{margin-top: 35px !important;margin-bottom: 80px !important;}&#8221;][\/vc_column][\/vc_row][vc_row][vc_column][vc_custom_heading text=&#8221;Partners&#8221; font_container=&#8221;tag:h2|font_size:45|text_align:center|color:%23000000|line_height:50px&#8221; google_fonts=&#8221;font_family:Merriweather%3A300%2C300italic%2Cregular%2Citalic%2C700%2C700italic%2C900%2C900italic|font_style:400%20regular%3A400%3Anormal&#8221; css=&#8221;.vc_custom_1742292083045{margin-top: 20px !important;margin-bottom: 20px !important;}&#8221;][vc_column_text css=&#8221;.vc_custom_1663769431257{padding-top: 50px !important;padding-bottom: 50px !important;}&#8221;]<\/p>\n<h4 style=\"text-align: center;\">The associates at Zurbar\u00e1n Abogados form a team of professionals that combine specialists with solid experience and recognized prestige, together with the excellence and tenacity of a new generation of lawyers dedicated to the swift and complete resolution of the challenges of each case.<\/h4>\n<p>[\/vc_column_text][vc_row_inner][vc_column_inner width=&#8221;1\/2&#8243; offset=&#8221;vc_hidden-sm vc_hidden-xs&#8221;][vc_column_text]<\/p>\n<h4 class=\"cmsms_profile_title\" style=\"text-align: center;\"><a style=\"color: #4e9cb5 !important;\" title=\"Adolfo Cu\u00e9llar Portero\" href=\"\/en\/adolfo-cuellar-portero\/\">Adolfo Cu\u00e9llar Portero<\/a><br \/>\n<a style=\"color: #4e9cb5 !important;\" title=\"Miguel Cu\u00e9llar Portero\" href=\"\/en\/miguel-cuellar-portero\/\">Miguel Cu\u00e9llar Portero<\/a><br \/>\n<a style=\"color: #4e9cb5 !important;\" title=\"Elena Maria Oviedo Moral\" href=\"\/en\/elena-maria-oviedo-moral\/\">Elena Mar\u00eda Oviedo Moral<\/a><\/h4>\n<p>[\/vc_column_text][\/vc_column_inner][vc_column_inner width=&#8221;1\/2&#8243; offset=&#8221;vc_hidden-sm vc_hidden-xs&#8221;][vc_column_text css=&#8221;&#8221;]<\/p>\n<h4 class=\"cmsms_profile_title\" style=\"text-align: center;\"><a style=\"color: #4e9cb5 !important;\" title=\"Ricardo Astorga Morano\" href=\"\/en\/ricardo-astorga-morano\/\">Ricardo Astorga Morano<\/a><br \/>\n<a style=\"color: #4e9cb5 !important;\" title=\"Jos\u00e9 Manuel Garc\u00eda-Qu\u00edlez G\u00f3mez\" href=\"\/en\/jose-manuel-garcia-quilez-gomez\/\">Jos\u00e9 Manuel Garc\u00eda-Qu\u00edlez G\u00f3mez<\/a><\/h4>\n<p>[\/vc_column_text][\/vc_column_inner][\/vc_row_inner][vc_row_inner][vc_column_inner offset=&#8221;vc_hidden-lg vc_hidden-md&#8221;][vc_column_text css=&#8221;&#8221;]<\/p>\n<h4 class=\"cmsms_profile_title\" style=\"text-align: center;\"><a style=\"color: #4e9cb5 !important;\" title=\"Adolfo Cu\u00e9llar Portero\" href=\"\/en\/adolfo-cuellar-portero\/\">Adolfo Cu\u00e9llar Portero<\/a><br \/>\n<a style=\"color: #4e9cb5 !important;\" title=\"Ricardo Astorga Morano\" href=\"\/en\/ricardo-astorga-morano\/\">Ricardo Astorga Morano<\/a><br \/>\n<a style=\"color: #4e9cb5 !important;\" title=\"Miguel Cu\u00e9llar Portero\" href=\"\/en\/miguel-cuellar-portero\/\">Miguel Cu\u00e9llar Portero<\/a><br \/>\n<a style=\"color: #4e9cb5 !important;\" title=\"Jos\u00e9 Manuel Garc\u00eda-Qu\u00edlez G\u00f3mez\" href=\"\/en\/jose-manuel-garcia-quilez-gomez\/\">Jos\u00e9 Manuel Garc\u00eda-Qu\u00edlez G\u00f3mez<\/a><br \/>\n<a style=\"color: #4e9cb5 !important;\" title=\"Elena Maria Oviedo Moral\" href=\"\/en\/elena-maria-oviedo-moral\/\">Elena Mar\u00eda Oviedo Moral<\/a><\/h4>\n<p>[\/vc_column_text][\/vc_column_inner][\/vc_row_inner][\/vc_column][\/vc_row][vc_row css=&#8221;.vc_custom_1524144864864{margin-bottom: 40px !important;padding-top: 30px !important;padding-bottom: 0px !important;}&#8221;][vc_column css=&#8221;.vc_custom_1608208389031{margin-top: 0px !important;margin-bottom: 0px !important;}&#8221; offset=&#8221;vc_col-lg-12 vc_col-md-12 vc_col-sm-offset-0&#8243; el_class=&#8221;profiles-containter&#8221;][cmsms_profile uniqid=&#8221;cmsms_shcd_637ba803a10100_94803781&#8243; image=&#8221;11730&#8243; title=&#8221;Adolfo Cu\u00e9llar Portero&#8221; subtitle=&#8221;Senior Partner&#8221; icons=&#8221;%5B%7B%7D%5D&#8221; text=&#8221;<!--Vicedecano de la Junta de Gobierno del Ilustre Colegio de Abogados de Sevilla, Consejero del Colegio Andaluz de Colegios de Abogados, Vicepresidente de la Comisi\u00f3n Ejecutiva de la Asociaci\u00f3n para el ejercicio de la Mediaci\u00f3n y Arbitraje de Sevilla.-->&#8221; css=&#8221;.vc_custom_1669048323975{margin-bottom: 0px !important;}&#8221; link=&#8221;url:https%3A%2F%2Fzurbaran.devplatform.tech%2Fen%2Fadolfo-cuellar-portero%2F|title:Adolfo%20Cu%C3%A9llar%20Portero||&#8221;][cmsms_profile uniqid=&#8221;cmsms_shcd_632c83aa3bb180_67971437&#8243; image=&#8221;11727&#8243; title=&#8221;Ricardo Astorga Morano&#8221; subtitle=&#8221;Managing Partner&#8221; icons=&#8221;%5B%7B%7D%5D&#8221; text=&#8221;<!--Profesor asociado de Derecho Mercantil de la Facultad de Derecho de la Universidad de Sevilla desde 1993, director del M\u00e1ster de Asesor\u00eda Jur\u00eddica de Empresas del Instituto de Estudios Cajasol y profesor en el M\u00e1ster Universitario en Abogac\u00eda de la Universidad de Sevilla (Facultad de Derecho).-->&#8221; css=&#8221;.vc_custom_1663861679456{margin-bottom: 0px !important;}&#8221; link=&#8221;url:https%3A%2F%2Fzurbaran.devplatform.tech%2Fen%2Fricardo-astorga-morano%2F|title:Ricardo%20Astorga%20Morano||&#8221;][cmsms_profile uniqid=&#8221;cmsms_shcd_632c83bdb35e06_31602792&#8243; image=&#8221;11732&#8243; title=&#8221;Miguel Cu\u00e9llar Portero&#8221; subtitle=&#8221;Partner&#8221; icons=&#8221;%5B%7B%7D%5D&#8221; text=&#8221;<!--A lo largo de su trayectoria ha sido asesor jur\u00eddico de la Universidad de Sevilla, de diversos Ayuntamientos y empresas, agencias y fundaciones p\u00fablicas. Adem\u00e1s, imparte cursos y participa en seminarios relacionados con sus \u00e1reas de actuaci\u00f3n.-->&#8221; css=&#8221;.vc_custom_1663861695870{margin-bottom: 0px !important;}&#8221; link=&#8221;url:https%3A%2F%2Fzurbaran.devplatform.tech%2Fen%2Fmiguel-cuellar-portero%2F|title:Miguel%20Cu%C3%A9llar%20Portero||&#8221;][cmsms_profile uniqid=&#8221;cmsms_shcd_6336dcf1972491_40336929&#8243; image=&#8221;12622&#8243; title=&#8221;Jos\u00e9 Manuel Garc\u00eda-Qu\u00edlez G\u00f3mez&#8221; subtitle=&#8221;Partner&#8221; icons=&#8221;%5B%7B%7D%5D&#8221; text=&#8221;<!--Especializado en la pr\u00e1ctica procesal civil y penal, es \u00e1rbitro en la Asociaci\u00f3n para el Ejercicio de la Mediaci\u00f3n y el Arbitraje (ASEMARB) y Miembro del Chartered Institute of Arbitrators (CIArb).-->&#8221; css=&#8221;.vc_custom_1664539897447{margin-bottom: 0px !important;}&#8221; link=&#8221;url:https%3A%2F%2Fzurbaran.devplatform.tech%2Fen%2Fjose-manuel-garcia-quilez-gomez%2F|title:Jos%C3%A9%20Manuel%20Garc%C3%ADa-Qu%C3%ADlez%20G%C3%B3mez||&#8221;][cmsms_profile uniqid=&#8221;cmsms_shcd_63344ee1916562_26481783&#8243; image=&#8221;12311&#8243; title=&#8221;Elena Mar\u00eda Oviedo Moral&#8221; subtitle=&#8221;Partner&#8221; icons=&#8221;%5B%7B%7D%5D&#8221; text=&#8221;<!--Como responsable del \u00c1rea de Derecho Tributario en ZURBAR\u00c1N ABOGADOS, vierte toda su trayectoria y profesionalidad a fin de obtener las mejores respuestas y actuaciones a los diferentes desaf\u00edos de los clientes de la firma.-->&#8221; css=&#8221;.vc_custom_1664372482239{margin-bottom: 0px !important;}&#8221; link=&#8221;url:https%3A%2F%2Fzurbaran.devplatform.tech%2Fen%2Felena-maria-oviedo-moral%2F|title:Elena%20Maria%20Oviedo%20Moral||&#8221;][\/vc_column][\/vc_row]<\/p>\n<\/section>","protected":false},"excerpt":{"rendered":"<p>[vc_row full_width=&#8221;stretch_row&#8221; parallax=&#8221;content-moving&#8221; parallax_image=&#8221;15483&#8243; css_animation=&#8221;none&#8221; parallax_content=&#8221;off&#8221; fadeout_row=&#8221;fadeout_row_value&#8221; fadeout_start_effect=&#8221;70&#8243; enable_overlay=&#8221;enable_overlay_value&#8221; overlay_color=&#8221;rgba(17,17,17,0.78)&#8221; seperator_enable=&#8221;off&#8221; css=&#8221;.vc_custom_1742292055876{margin-bottom: 0px !important;}&#8221;][vc_column css=&#8221;.vc_custom_1641918011839{margin-top: 70px !important;}&#8221;][vc_custom_heading text=&#8221;Team&#8221; font_container=&#8221;tag:h2|font_size:56|text_align:right|color:%23ffffff|line_height:74px&#8221; google_fonts=&#8221;font_family:Merriweather%3A300%2C300italic%2Cregular%2Citalic%2C700%2C700italic%2C900%2C900italic|font_style:700%20bold%20regular%3A700%3Anormal&#8221; css=&#8221;.vc_custom_1742292115164{margin-top: 35px !important;margin-bottom: 80px !important;}&#8221;][\/vc_column][\/vc_row][vc_row][vc_column][vc_custom_heading text=&#8221;Partners&#8221; font_container=&#8221;tag:h2|font_size:45|text_align:center|color:%23000000|line_height:50px&#8221; google_fonts=&#8221;font_family:Merriweather%3A300%2C300italic%2Cregular%2Citalic%2C700%2C700italic%2C900%2C900italic|font_style:400%20regular%3A400%3Anormal&#8221; css=&#8221;.vc_custom_1742292083045{margin-top: 20px !important;margin-bottom: 20px !important;}&#8221;][vc_column_text css=&#8221;.vc_custom_1663769431257{padding-top: 50px !important;padding-bottom: 50px !important;}&#8221;] The associates at Zurbar\u00e1n Abogados form a team of professionals that combine specialists with solid experience and&#8230;<\/p>\n","protected":false},"author":1,"featured_media":0,"parent":0,"menu_order":0,"comment_status":"closed","ping_status":"closed","template":"","meta":[],"categories":[],"tags":[],"yoast_head":"<!-- This site is optimized with the Yoast SEO plugin v20.10 - https:\/\/yoast.com\/wordpress\/plugins\/seo\/ -->\n<title>Partners - Zurbar\u00e1n Abogados<\/title>\n<meta name=\"robots\" content=\"index, follow, max-snippet:-1, max-image-preview:large, max-video-preview:-1\" \/>\n<link rel=\"canonical\" href=\"https:\/\/zurbaran.devplatform.tech\/en\/partners\/\" \/>\n<meta property=\"og:locale\" content=\"en_US\" \/>\n<meta property=\"og:type\" content=\"article\" \/>\n<meta property=\"og:title\" content=\"Partners - Zurbar\u00e1n Abogados\" \/>\n<meta property=\"og:description\" content=\"[vc_row full_width=&#8221;stretch_row&#8221; parallax=&#8221;content-moving&#8221; parallax_image=&#8221;15483&#8243; css_animation=&#8221;none&#8221; parallax_content=&#8221;off&#8221; fadeout_row=&#8221;fadeout_row_value&#8221; fadeout_start_effect=&#8221;70&#8243; enable_overlay=&#8221;enable_overlay_value&#8221; overlay_color=&#8221;rgba(17,17,17,0.78)&#8221; seperator_enable=&#8221;off&#8221; css=&#8221;.vc_custom_1742292055876{margin-bottom: 0px !important;}&#8221;][vc_column css=&#8221;.vc_custom_1641918011839{margin-top: 70px !important;}&#8221;][vc_custom_heading text=&#8221;Team&#8221; font_container=&#8221;tag:h2|font_size:56|text_align:right|color:%23ffffff|line_height:74px&#8221; google_fonts=&#8221;font_family:Merriweather%3A300%2C300italic%2Cregular%2Citalic%2C700%2C700italic%2C900%2C900italic|font_style:700%20bold%20regular%3A700%3Anormal&#8221; css=&#8221;.vc_custom_1742292115164{margin-top: 35px !important;margin-bottom: 80px !important;}&#8221;][\/vc_column][\/vc_row][vc_row][vc_column][vc_custom_heading text=&#8221;Partners&#8221; font_container=&#8221;tag:h2|font_size:45|text_align:center|color:%23000000|line_height:50px&#8221; google_fonts=&#8221;font_family:Merriweather%3A300%2C300italic%2Cregular%2Citalic%2C700%2C700italic%2C900%2C900italic|font_style:400%20regular%3A400%3Anormal&#8221; css=&#8221;.vc_custom_1742292083045{margin-top: 20px !important;margin-bottom: 20px !important;}&#8221;][vc_column_text css=&#8221;.vc_custom_1663769431257{padding-top: 50px !important;padding-bottom: 50px !important;}&#8221;] The associates at Zurbar\u00e1n Abogados form a team of professionals that combine specialists with solid experience and...\" \/>\n<meta property=\"og:url\" content=\"https:\/\/zurbaran.devplatform.tech\/en\/partners\/\" \/>\n<meta property=\"og:site_name\" content=\"Zurbar\u00e1n Abogados\" \/>\n<meta property=\"article:modified_time\" content=\"2025-03-18T10:01:59+00:00\" \/>\n<meta name=\"twitter:card\" content=\"summary_large_image\" \/>\n<meta name=\"twitter:label1\" content=\"Est. reading time\" \/>\n\t<meta name=\"twitter:data1\" content=\"1 minute\" \/>\n<script type=\"application\/ld+json\" class=\"yoast-schema-graph\">{\"@context\":\"https:\/\/schema.org\",\"@graph\":[{\"@type\":\"WebPage\",\"@id\":\"https:\/\/zurbaran.devplatform.tech\/en\/partners\/\",\"url\":\"https:\/\/zurbaran.devplatform.tech\/en\/partners\/\",\"name\":\"Partners - Zurbar\u00e1n Abogados\",\"isPartOf\":{\"@id\":\"https:\/\/zurbaran.devplatform.tech\/#website\"},\"datePublished\":\"2016-12-30T08:24:26+00:00\",\"dateModified\":\"2025-03-18T10:01:59+00:00\",\"breadcrumb\":{\"@id\":\"https:\/\/zurbaran.devplatform.tech\/en\/partners\/#breadcrumb\"},\"inLanguage\":\"en-US\",\"potentialAction\":[{\"@type\":\"ReadAction\",\"target\":[\"https:\/\/zurbaran.devplatform.tech\/en\/partners\/\"]}]},{\"@type\":\"BreadcrumbList\",\"@id\":\"https:\/\/zurbaran.devplatform.tech\/en\/partners\/#breadcrumb\",\"itemListElement\":[{\"@type\":\"ListItem\",\"position\":1,\"name\":\"Home\",\"item\":\"https:\/\/zurbaran.devplatform.tech\/en\/home\/\"},{\"@type\":\"ListItem\",\"position\":2,\"name\":\"Partners\"}]},{\"@type\":\"WebSite\",\"@id\":\"https:\/\/zurbaran.devplatform.tech\/#website\",\"url\":\"https:\/\/zurbaran.devplatform.tech\/\",\"name\":\"Zurbar\u00e1n Abogados\",\"description\":\"Zurbar\u00e1n Abogados - Legal Solutions\",\"potentialAction\":[{\"@type\":\"SearchAction\",\"target\":{\"@type\":\"EntryPoint\",\"urlTemplate\":\"https:\/\/zurbaran.devplatform.tech\/?s={search_term_string}\"},\"query-input\":\"required name=search_term_string\"}],\"inLanguage\":\"en-US\"}]}<\/script>\n<!-- \/ Yoast SEO plugin. -->","yoast_head_json":{"title":"Partners - Zurbar\u00e1n Abogados","robots":{"index":"index","follow":"follow","max-snippet":"max-snippet:-1","max-image-preview":"max-image-preview:large","max-video-preview":"max-video-preview:-1"},"canonical":"https:\/\/zurbaran.devplatform.tech\/en\/partners\/","og_locale":"en_US","og_type":"article","og_title":"Partners - Zurbar\u00e1n Abogados","og_description":"[vc_row full_width=&#8221;stretch_row&#8221; parallax=&#8221;content-moving&#8221; parallax_image=&#8221;15483&#8243; css_animation=&#8221;none&#8221; parallax_content=&#8221;off&#8221; fadeout_row=&#8221;fadeout_row_value&#8221; fadeout_start_effect=&#8221;70&#8243; enable_overlay=&#8221;enable_overlay_value&#8221; overlay_color=&#8221;rgba(17,17,17,0.78)&#8221; seperator_enable=&#8221;off&#8221; css=&#8221;.vc_custom_1742292055876{margin-bottom: 0px !important;}&#8221;][vc_column css=&#8221;.vc_custom_1641918011839{margin-top: 70px !important;}&#8221;][vc_custom_heading text=&#8221;Team&#8221; font_container=&#8221;tag:h2|font_size:56|text_align:right|color:%23ffffff|line_height:74px&#8221; google_fonts=&#8221;font_family:Merriweather%3A300%2C300italic%2Cregular%2Citalic%2C700%2C700italic%2C900%2C900italic|font_style:700%20bold%20regular%3A700%3Anormal&#8221; css=&#8221;.vc_custom_1742292115164{margin-top: 35px !important;margin-bottom: 80px !important;}&#8221;][\/vc_column][\/vc_row][vc_row][vc_column][vc_custom_heading text=&#8221;Partners&#8221; font_container=&#8221;tag:h2|font_size:45|text_align:center|color:%23000000|line_height:50px&#8221; google_fonts=&#8221;font_family:Merriweather%3A300%2C300italic%2Cregular%2Citalic%2C700%2C700italic%2C900%2C900italic|font_style:400%20regular%3A400%3Anormal&#8221; css=&#8221;.vc_custom_1742292083045{margin-top: 20px !important;margin-bottom: 20px !important;}&#8221;][vc_column_text css=&#8221;.vc_custom_1663769431257{padding-top: 50px !important;padding-bottom: 50px !important;}&#8221;] The associates at Zurbar\u00e1n Abogados form a team of professionals that combine specialists with solid experience and...","og_url":"https:\/\/zurbaran.devplatform.tech\/en\/partners\/","og_site_name":"Zurbar\u00e1n Abogados","article_modified_time":"2025-03-18T10:01:59+00:00","twitter_card":"summary_large_image","twitter_misc":{"Est. reading time":"1 minute"},"schema":{"@context":"https:\/\/schema.org","@graph":[{"@type":"WebPage","@id":"https:\/\/zurbaran.devplatform.tech\/en\/partners\/","url":"https:\/\/zurbaran.devplatform.tech\/en\/partners\/","name":"Partners - Zurbar\u00e1n Abogados","isPartOf":{"@id":"https:\/\/zurbaran.devplatform.tech\/#website"},"datePublished":"2016-12-30T08:24:26+00:00","dateModified":"2025-03-18T10:01:59+00:00","breadcrumb":{"@id":"https:\/\/zurbaran.devplatform.tech\/en\/partners\/#breadcrumb"},"inLanguage":"en-US","potentialAction":[{"@type":"ReadAction","target":["https:\/\/zurbaran.devplatform.tech\/en\/partners\/"]}]},{"@type":"BreadcrumbList","@id":"https:\/\/zurbaran.devplatform.tech\/en\/partners\/#breadcrumb","itemListElement":[{"@type":"ListItem","position":1,"name":"Home","item":"https:\/\/zurbaran.devplatform.tech\/en\/home\/"},{"@type":"ListItem","position":2,"name":"Partners"}]},{"@type":"WebSite","@id":"https:\/\/zurbaran.devplatform.tech\/#website","url":"https:\/\/zurbaran.devplatform.tech\/","name":"Zurbar\u00e1n Abogados","description":"Zurbar\u00e1n Abogados - Legal Solutions","potentialAction":[{"@type":"SearchAction","target":{"@type":"EntryPoint","urlTemplate":"https:\/\/zurbaran.devplatform.tech\/?s={search_term_string}"},"query-input":"required name=search_term_string"}],"inLanguage":"en-US"}]}},"_links":{"self":[{"href":"https:\/\/zurbaran.devplatform.tech\/en\/wp-json\/wp\/v2\/pages\/11637"}],"collection":[{"href":"https:\/\/zurbaran.devplatform.tech\/en\/wp-json\/wp\/v2\/pages"}],"about":[{"href":"https:\/\/zurbaran.devplatform.tech\/en\/wp-json\/wp\/v2\/types\/page"}],"author":[{"embeddable":true,"href":"https:\/\/zurbaran.devplatform.tech\/en\/wp-json\/wp\/v2\/users\/1"}],"replies":[{"embeddable":true,"href":"https:\/\/zurbaran.devplatform.tech\/en\/wp-json\/wp\/v2\/comments?post=11637"}],"version-history":[{"count":42,"href":"https:\/\/zurbaran.devplatform.tech\/en\/wp-json\/wp\/v2\/pages\/11637\/revisions"}],"predecessor-version":[{"id":15737,"href":"https:\/\/zurbaran.devplatform.tech\/en\/wp-json\/wp\/v2\/pages\/11637\/revisions\/15737"}],"wp:attachment":[{"href":"https:\/\/zurbaran.devplatform.tech\/en\/wp-json\/wp\/v2\/media?parent=11637"}],"wp:term":[{"taxonomy":"category","embeddable":true,"href":"https:\/\/zurbaran.devplatform.tech\/en\/wp-json\/wp\/v2\/categories?post=11637"},{"taxonomy":"post_tag","embeddable":true,"href":"https:\/\/zurbaran.devplatform.tech\/en\/wp-json\/wp\/v2\/tags?post=11637"}],"curies":[{"name":"wp","href":"https:\/\/api.w.org\/{rel}","templated":true}]}}