{"id":11613,"date":"2022-05-18T08:16:46","date_gmt":"2022-05-18T06:16:46","guid":{"rendered":"https:\/\/zurbaran.devplatform.tech\/deportivo\/"},"modified":"2025-03-18T10:44:19","modified_gmt":"2025-03-18T09:44:19","slug":"sports-law","status":"publish","type":"page","link":"https:\/\/zurbaran.devplatform.tech\/en\/sports-law\/","title":{"rendered":"Sports Law"},"content":{"rendered":"<section class=\"wpb-content-wrapper\"><style type=\"text\/css\" data-type=\"vc_cmsms_shortcodes-custom-css\"><\/style><p>[vc_row full_width=&#8221;stretch_row&#8221; content_placement=&#8221;middle&#8221; parallax=&#8221;content-moving&#8221; parallax_image=&#8221;15570&#8243; css=&#8221;.vc_custom_1742291041869{margin-top: 0px !important;border-top-width: 0px !important;padding-top: 0px !important;}&#8221;][vc_column css=&#8221;.vc_custom_1642088459357{margin-top: 70px !important;}&#8221;][vc_custom_heading text=&#8221;Areas of Practice&#8221; font_container=&#8221;tag:h2|font_size:56|text_align:right|color:%23ffffff|line_height:70px&#8221; google_fonts=&#8221;font_family:Merriweather%3A300%2C300italic%2Cregular%2Citalic%2C700%2C700italic%2C900%2C900italic|font_style:700%20bold%20regular%3A700%3Anormal&#8221; css=&#8221;.vc_custom_1742289528916{margin-top: 35px !important;margin-bottom: 80px !important;}&#8221;][\/vc_column][\/vc_row][vc_row][vc_column][vc_custom_heading text=&#8221;Sports Law&#8221; font_container=&#8221;tag:h2|font_size:45|text_align:center|line_height:50px&#8221; google_fonts=&#8221;font_family:Merriweather%3A300%2C300italic%2Cregular%2Citalic%2C700%2C700italic%2C900%2C900italic|font_style:400%20regular%3A400%3Anormal&#8221; css=&#8221;.vc_custom_1742291054732{margin-bottom: 15px !important;}&#8221;][\/vc_column][\/vc_row][vc_row css=&#8221;.vc_custom_1598269582888{margin-top: 20px !important;}&#8221;][vc_column width=&#8221;3\/4&#8243;][vc_column_text css=&#8221;&#8221;]The sports and entertainment industry has evolved, becoming complex, international and resulting in its own specialty with its own normative and regulatory framework. The <span style=\"color: #555555;\">Zurbar\u00e1n Abogados<\/span> team is specially trained in this area, knows and acts within this industry, and has sufficient knowledge and experience to represent and defend sportsmen and women, athletes, clubs, sports entities, and agencies operating in the professional sports and entertainment sector.<\/p>\n<p><a href=\"\/wp-content\/uploads\/2024\/09\/DOSSIER_Sports-Rev3.pdf\"><img decoding=\"async\" loading=\"lazy\" class=\"alignnone wp-image-12869\" src=\"https:\/\/zurbaran.devplatform.tech\/wp-content\/uploads\/2022\/11\/download-en-300x58.png\" alt=\"\" width=\"243\" height=\"47\" srcset=\"https:\/\/zurbaran.devplatform.tech\/wp-content\/uploads\/2022\/11\/download-en-300x58.png 300w, https:\/\/zurbaran.devplatform.tech\/wp-content\/uploads\/2022\/11\/download-en-600x116.png 600w, https:\/\/zurbaran.devplatform.tech\/wp-content\/uploads\/2022\/11\/download-en.png 750w\" sizes=\"(max-width: 243px) 100vw, 243px\" \/><\/a>[\/vc_column_text][\/vc_column][vc_column width=&#8221;1\/2&#8243; css=&#8221;.vc_custom_1657722640234{margin-top: 5px !important;margin-bottom: 30px !important;padding-top: 0px !important;padding-right: 5px !important;padding-left: 30px !important;background-position: center !important;background-repeat: no-repeat !important;background-size: cover !important;}&#8221; offset=&#8221;vc_col-lg-3 vc_col-xs-12&#8243; el_id=&#8221;perfiles-del-area&#8221;][vc_single_image image=&#8221;10804&#8243; img_size=&#8221;full&#8221;][cmsms_profile uniqid=&#8221;cmsms_shcd_6336d58f4c6b91_99917971&#8243; image=&#8221;12622&#8243; title=&#8221;Jos\u00e9 Manuel Garc\u00eda-Qu\u00edlez G\u00f3mez&#8221; subtitle=&#8221;Partner&#8221; icons=&#8221;%5B%7B%7D%5D&#8221; text=&#8221;<!--Especializado en la pr\u00e1ctica procesal civil y penal, es \u00e1rbitro en la Asociaci\u00f3n para el Ejercicio de la Mediaci\u00f3n y el Arbitraje (ASEMARB) y Miembro del Chartered Institute of Arbitrators (CIArb).-->&#8221; css=&#8221;.vc_custom_1664538007145{margin-bottom: 0px !important;}&#8221; link=&#8221;url:https%3A%2F%2Fzurbaran.devplatform.tech%2Fen%2Fjose-manuel-garcia-quilez-gomez%2F|title:Jos%C3%A9%20Manuel%20Garc%C3%ADa-Qu%C3%ADlez%20G%C3%B3mez||&#8221;][\/vc_column][\/vc_row]<\/p>\n<\/section>","protected":false},"excerpt":{"rendered":"<p>Asesoramiento, asistencia y defensa jur\u00eddica en las principales relaciones constituyentes del \u00e1rea, entre las que se encuentran la negociaci\u00f3n y redacci\u00f3n de toda clase de contratos, resoluci\u00f3n por la v\u00eda judicial o extrajudicial de conflictos relacionados con diferentes tipos de arrendamientos o asistencia jur\u00eddica en relaci\u00f3n con propiedad industrial e intelectual y otros derechos inmateriales.<\/p>\n","protected":false},"author":1,"featured_media":10805,"parent":0,"menu_order":0,"comment_status":"closed","ping_status":"closed","template":"","meta":[],"categories":[79,88],"tags":[],"yoast_head":"<!-- This site is optimized with the Yoast SEO plugin v20.10 - https:\/\/yoast.com\/wordpress\/plugins\/seo\/ -->\n<title>Sports Law - Zurbar\u00e1n Abogados<\/title>\n<meta name=\"robots\" content=\"index, follow, max-snippet:-1, max-image-preview:large, max-video-preview:-1\" \/>\n<link rel=\"canonical\" href=\"https:\/\/zurbaran.devplatform.tech\/en\/sports-law\/\" \/>\n<meta property=\"og:locale\" content=\"en_US\" \/>\n<meta property=\"og:type\" content=\"article\" \/>\n<meta property=\"og:title\" content=\"Sports Law - Zurbar\u00e1n Abogados\" \/>\n<meta property=\"og:description\" content=\"Asesoramiento, asistencia y defensa jur\u00eddica en las principales relaciones constituyentes del \u00e1rea, entre las que se encuentran la negociaci\u00f3n y redacci\u00f3n de toda clase de contratos, resoluci\u00f3n por la v\u00eda judicial o extrajudicial de conflictos relacionados con diferentes tipos de arrendamientos o asistencia jur\u00eddica en relaci\u00f3n con propiedad industrial e intelectual y otros derechos inmateriales.\" \/>\n<meta property=\"og:url\" content=\"https:\/\/zurbaran.devplatform.tech\/en\/sports-law\/\" \/>\n<meta property=\"og:site_name\" content=\"Zurbar\u00e1n Abogados\" \/>\n<meta property=\"article:modified_time\" content=\"2025-03-18T09:44:19+00:00\" \/>\n<meta property=\"og:image\" content=\"https:\/\/zurbaran.devplatform.tech\/wp-content\/uploads\/2022\/06\/deporte.jpg\" \/>\n\t<meta property=\"og:image:width\" content=\"700\" \/>\n\t<meta property=\"og:image:height\" content=\"467\" \/>\n\t<meta property=\"og:image:type\" content=\"image\/jpeg\" \/>\n<meta name=\"twitter:card\" content=\"summary_large_image\" \/>\n<meta name=\"twitter:label1\" content=\"Est. reading time\" \/>\n\t<meta name=\"twitter:data1\" content=\"2 minutes\" \/>\n<script type=\"application\/ld+json\" class=\"yoast-schema-graph\">{\"@context\":\"https:\/\/schema.org\",\"@graph\":[{\"@type\":\"WebPage\",\"@id\":\"https:\/\/zurbaran.devplatform.tech\/en\/sports-law\/\",\"url\":\"https:\/\/zurbaran.devplatform.tech\/en\/sports-law\/\",\"name\":\"Sports Law - Zurbar\u00e1n Abogados\",\"isPartOf\":{\"@id\":\"https:\/\/zurbaran.devplatform.tech\/#website\"},\"datePublished\":\"2022-05-18T06:16:46+00:00\",\"dateModified\":\"2025-03-18T09:44:19+00:00\",\"breadcrumb\":{\"@id\":\"https:\/\/zurbaran.devplatform.tech\/en\/sports-law\/#breadcrumb\"},\"inLanguage\":\"en-US\",\"potentialAction\":[{\"@type\":\"ReadAction\",\"target\":[\"https:\/\/zurbaran.devplatform.tech\/en\/sports-law\/\"]}]},{\"@type\":\"BreadcrumbList\",\"@id\":\"https:\/\/zurbaran.devplatform.tech\/en\/sports-law\/#breadcrumb\",\"itemListElement\":[{\"@type\":\"ListItem\",\"position\":1,\"name\":\"Home\",\"item\":\"https:\/\/zurbaran.devplatform.tech\/en\/home\/\"},{\"@type\":\"ListItem\",\"position\":2,\"name\":\"Sports Law\"}]},{\"@type\":\"WebSite\",\"@id\":\"https:\/\/zurbaran.devplatform.tech\/#website\",\"url\":\"https:\/\/zurbaran.devplatform.tech\/\",\"name\":\"Zurbar\u00e1n Abogados\",\"description\":\"Zurbar\u00e1n Abogados - Legal Solutions\",\"potentialAction\":[{\"@type\":\"SearchAction\",\"target\":{\"@type\":\"EntryPoint\",\"urlTemplate\":\"https:\/\/zurbaran.devplatform.tech\/?s={search_term_string}\"},\"query-input\":\"required name=search_term_string\"}],\"inLanguage\":\"en-US\"}]}<\/script>\n<!-- \/ Yoast SEO plugin. -->","yoast_head_json":{"title":"Sports Law - Zurbar\u00e1n Abogados","robots":{"index":"index","follow":"follow","max-snippet":"max-snippet:-1","max-image-preview":"max-image-preview:large","max-video-preview":"max-video-preview:-1"},"canonical":"https:\/\/zurbaran.devplatform.tech\/en\/sports-law\/","og_locale":"en_US","og_type":"article","og_title":"Sports Law - Zurbar\u00e1n Abogados","og_description":"Asesoramiento, asistencia y defensa jur\u00eddica en las principales relaciones constituyentes del \u00e1rea, entre las que se encuentran la negociaci\u00f3n y redacci\u00f3n de toda clase de contratos, resoluci\u00f3n por la v\u00eda judicial o extrajudicial de conflictos relacionados con diferentes tipos de arrendamientos o asistencia jur\u00eddica en relaci\u00f3n con propiedad industrial e intelectual y otros derechos inmateriales.","og_url":"https:\/\/zurbaran.devplatform.tech\/en\/sports-law\/","og_site_name":"Zurbar\u00e1n Abogados","article_modified_time":"2025-03-18T09:44:19+00:00","og_image":[{"width":700,"height":467,"url":"https:\/\/zurbaran.devplatform.tech\/wp-content\/uploads\/2022\/06\/deporte.jpg","type":"image\/jpeg"}],"twitter_card":"summary_large_image","twitter_misc":{"Est. reading time":"2 minutes"},"schema":{"@context":"https:\/\/schema.org","@graph":[{"@type":"WebPage","@id":"https:\/\/zurbaran.devplatform.tech\/en\/sports-law\/","url":"https:\/\/zurbaran.devplatform.tech\/en\/sports-law\/","name":"Sports Law - Zurbar\u00e1n Abogados","isPartOf":{"@id":"https:\/\/zurbaran.devplatform.tech\/#website"},"datePublished":"2022-05-18T06:16:46+00:00","dateModified":"2025-03-18T09:44:19+00:00","breadcrumb":{"@id":"https:\/\/zurbaran.devplatform.tech\/en\/sports-law\/#breadcrumb"},"inLanguage":"en-US","potentialAction":[{"@type":"ReadAction","target":["https:\/\/zurbaran.devplatform.tech\/en\/sports-law\/"]}]},{"@type":"BreadcrumbList","@id":"https:\/\/zurbaran.devplatform.tech\/en\/sports-law\/#breadcrumb","itemListElement":[{"@type":"ListItem","position":1,"name":"Home","item":"https:\/\/zurbaran.devplatform.tech\/en\/home\/"},{"@type":"ListItem","position":2,"name":"Sports Law"}]},{"@type":"WebSite","@id":"https:\/\/zurbaran.devplatform.tech\/#website","url":"https:\/\/zurbaran.devplatform.tech\/","name":"Zurbar\u00e1n Abogados","description":"Zurbar\u00e1n Abogados - Legal Solutions","potentialAction":[{"@type":"SearchAction","target":{"@type":"EntryPoint","urlTemplate":"https:\/\/zurbaran.devplatform.tech\/?s={search_term_string}"},"query-input":"required name=search_term_string"}],"inLanguage":"en-US"}]}},"_links":{"self":[{"href":"https:\/\/zurbaran.devplatform.tech\/en\/wp-json\/wp\/v2\/pages\/11613"}],"collection":[{"href":"https:\/\/zurbaran.devplatform.tech\/en\/wp-json\/wp\/v2\/pages"}],"about":[{"href":"https:\/\/zurbaran.devplatform.tech\/en\/wp-json\/wp\/v2\/types\/page"}],"author":[{"embeddable":true,"href":"https:\/\/zurbaran.devplatform.tech\/en\/wp-json\/wp\/v2\/users\/1"}],"replies":[{"embeddable":true,"href":"https:\/\/zurbaran.devplatform.tech\/en\/wp-json\/wp\/v2\/comments?post=11613"}],"version-history":[{"count":11,"href":"https:\/\/zurbaran.devplatform.tech\/en\/wp-json\/wp\/v2\/pages\/11613\/revisions"}],"predecessor-version":[{"id":15727,"href":"https:\/\/zurbaran.devplatform.tech\/en\/wp-json\/wp\/v2\/pages\/11613\/revisions\/15727"}],"wp:featuredmedia":[{"embeddable":true,"href":"https:\/\/zurbaran.devplatform.tech\/en\/wp-json\/wp\/v2\/media\/10805"}],"wp:attachment":[{"href":"https:\/\/zurbaran.devplatform.tech\/en\/wp-json\/wp\/v2\/media?parent=11613"}],"wp:term":[{"taxonomy":"category","embeddable":true,"href":"https:\/\/zurbaran.devplatform.tech\/en\/wp-json\/wp\/v2\/categories?post=11613"},{"taxonomy":"post_tag","embeddable":true,"href":"https:\/\/zurbaran.devplatform.tech\/en\/wp-json\/wp\/v2\/tags?post=11613"}],"curies":[{"name":"wp","href":"https:\/\/api.w.org\/{rel}","templated":true}]}}