{"id":11609,"date":"2022-05-18T09:05:24","date_gmt":"2022-05-18T07:05:24","guid":{"rendered":"https:\/\/zurbaran.devplatform.tech\/capital-privado\/"},"modified":"2025-03-18T10:42:41","modified_gmt":"2025-03-18T09:42:41","slug":"private-equity-and-new-technologies","status":"publish","type":"page","link":"https:\/\/zurbaran.devplatform.tech\/en\/private-equity-and-new-technologies\/","title":{"rendered":"Private Equity and New Technologies"},"content":{"rendered":"<section class=\"wpb-content-wrapper\"><style type=\"text\/css\" data-type=\"vc_cmsms_shortcodes-custom-css\"><\/style><p>[vc_row full_width=&#8221;stretch_row&#8221; content_placement=&#8221;middle&#8221; parallax=&#8221;content-moving&#8221; parallax_image=&#8221;15582&#8243; css=&#8221;.vc_custom_1742290947159{margin-top: 0px !important;border-top-width: 0px !important;padding-top: 0px !important;}&#8221;][vc_column css=&#8221;.vc_custom_1642088459357{margin-top: 70px !important;}&#8221;][vc_custom_heading text=&#8221;Areas of Practice&#8221; font_container=&#8221;tag:h2|font_size:56|text_align:right|color:%23ffffff|line_height:70px&#8221; google_fonts=&#8221;font_family:Merriweather%3A300%2C300italic%2Cregular%2Citalic%2C700%2C700italic%2C900%2C900italic|font_style:700%20bold%20regular%3A700%3Anormal&#8221; css=&#8221;.vc_custom_1742289528916{margin-top: 35px !important;margin-bottom: 80px !important;}&#8221;][\/vc_column][\/vc_row][vc_row][vc_column][vc_custom_heading text=&#8221;Private Equity and New Technologies&#8221; font_container=&#8221;tag:h2|font_size:45|text_align:center|line_height:50px&#8221; google_fonts=&#8221;font_family:Merriweather%3A300%2C300italic%2Cregular%2Citalic%2C700%2C700italic%2C900%2C900italic|font_style:400%20regular%3A400%3Anormal&#8221; css=&#8221;.vc_custom_1742290957797{margin-bottom: 15px !important;}&#8221;][\/vc_column][\/vc_row][vc_row css=&#8221;.vc_custom_1598269582888{margin-top: 20px !important;}&#8221;][vc_column width=&#8221;3\/4&#8243;][vc_column_text css=&#8221;&#8221;]The modern Venture Capital and Private Equity industry needs flexibility and knowledge of the latest trends in its advice. <span style=\"color: #333333;\">Zurbar\u00e1n Abogados&#8217;<\/span> lawyers are on the cutting edge of legal knowledge in this industry, understand your needs, know the ecosystem, and can provide solutions to challenges from incorporation to financing rounds or disinvestments.<\/p>\n<p>Our multidisciplinary team has extensive experience designing, negotiating, and executing Private Equity investments in all areas for a greater return for all parties involved.<\/p>\n<p>For emerging companies, we offer cost-competitive advice on legal, business, and financial strategies and a network of investors and extensive knowledge of the market, both angel investors and professional investors and funds.<\/p>\n<p>Related to the Private Equity industry, the emerging sectors linked to Digitalization and Tech require specialized and professional legal support. In fact, the digital industry is rapidly becoming one of the most important in the world, and Zurbar\u00e1n Abogados advises these companies on their legal needs in this changing environment. We can solve legal needs in advertising, data protection, e-commerce, privacy, software, multimedia, licensing and marketing, combining them with the financial, accounting, regulatory, tax, and business issues of the digital industry, in which the associates of Zurbar\u00e1n Abogados are experts, understanding the entire digital business. The firm understands the technical and legal language and the value chain of the digital environment, advising many companies in these areas with vast experience and configured as true specialists in the digital industry.<\/p>\n<p><a href=\"\/wp-content\/uploads\/2024\/09\/DOSSIER_VentureCapital-Rev3.pdf\"><img decoding=\"async\" loading=\"lazy\" class=\"alignnone wp-image-12869\" src=\"https:\/\/zurbaran.devplatform.tech\/wp-content\/uploads\/2022\/11\/download-en-300x58.png\" alt=\"\" width=\"243\" height=\"47\" srcset=\"https:\/\/zurbaran.devplatform.tech\/wp-content\/uploads\/2022\/11\/download-en-300x58.png 300w, https:\/\/zurbaran.devplatform.tech\/wp-content\/uploads\/2022\/11\/download-en-600x116.png 600w, https:\/\/zurbaran.devplatform.tech\/wp-content\/uploads\/2022\/11\/download-en.png 750w\" sizes=\"(max-width: 243px) 100vw, 243px\" \/><\/a>[\/vc_column_text][\/vc_column][vc_column width=&#8221;1\/2&#8243; css=&#8221;.vc_custom_1657722531093{margin-top: 5px !important;margin-bottom: 30px !important;padding-top: 0px !important;padding-right: 5px !important;padding-left: 30px !important;background-position: center !important;background-repeat: no-repeat !important;background-size: cover !important;}&#8221; offset=&#8221;vc_col-lg-3 vc_col-xs-12&#8243; el_id=&#8221;perfiles-del-area&#8221;][vc_single_image image=&#8221;10802&#8243; img_size=&#8221;full&#8221;][cmsms_profile uniqid=&#8221;cmsms_shcd_6347cf3ec22382_74063298&#8243; image=&#8221;11727&#8243; title=&#8221;Ricardo Astorga Morano&#8221; icons=&#8221;%5B%7B%7D%5D&#8221; text=&#8221;<!--Vicedecano de la Junta de Gobierno del Ilustre Colegio de Abogados de Sevilla, Consejero del Colegio Andaluz de Colegios de Abogados, Vicepresidente de la Comisi\u00f3n Ejecutiva de la Asociaci\u00f3n para el ejercicio de la Mediaci\u00f3n y Arbitraje de Sevilla.-->&#8221; css=&#8221;.vc_custom_1665650497782{margin-bottom: 0px !important;}&#8221; link=&#8221;url:https%3A%2F%2Fzurbaran.devplatform.tech%2Fen%2Fricardo-astorga-morano%2F|title:Ricardo%20Astorga%20Morano||&#8221; subtitle=&#8221;Managing Partner&#8221;][\/vc_column][\/vc_row]<\/p>\n<\/section>","protected":false},"excerpt":{"rendered":"<p>Asesoramiento, asistencia y defensa jur\u00eddica en las principales relaciones constituyentes del \u00e1rea, entre las que se encuentran la negociaci\u00f3n y redacci\u00f3n de toda clase de contratos, resoluci\u00f3n por la v\u00eda judicial o extrajudicial de conflictos relacionados con diferentes tipos de arrendamientos o asistencia jur\u00eddica en relaci\u00f3n con propiedad industrial e intelectual y otros derechos inmateriales.<\/p>\n","protected":false},"author":1,"featured_media":10803,"parent":0,"menu_order":0,"comment_status":"closed","ping_status":"closed","template":"","meta":[],"categories":[79,87],"tags":[],"yoast_head":"<!-- This site is optimized with the Yoast SEO plugin v20.10 - https:\/\/yoast.com\/wordpress\/plugins\/seo\/ -->\n<title>Private Equity and New Technologies - Zurbar\u00e1n Abogados<\/title>\n<meta name=\"robots\" content=\"index, follow, max-snippet:-1, max-image-preview:large, max-video-preview:-1\" \/>\n<link rel=\"canonical\" href=\"https:\/\/zurbaran.devplatform.tech\/en\/private-equity-and-new-technologies\/\" \/>\n<meta property=\"og:locale\" content=\"en_US\" \/>\n<meta property=\"og:type\" content=\"article\" \/>\n<meta property=\"og:title\" content=\"Private Equity and New Technologies - Zurbar\u00e1n Abogados\" \/>\n<meta property=\"og:description\" content=\"Asesoramiento, asistencia y defensa jur\u00eddica en las principales relaciones constituyentes del \u00e1rea, entre las que se encuentran la negociaci\u00f3n y redacci\u00f3n de toda clase de contratos, resoluci\u00f3n por la v\u00eda judicial o extrajudicial de conflictos relacionados con diferentes tipos de arrendamientos o asistencia jur\u00eddica en relaci\u00f3n con propiedad industrial e intelectual y otros derechos inmateriales.\" \/>\n<meta property=\"og:url\" content=\"https:\/\/zurbaran.devplatform.tech\/en\/private-equity-and-new-technologies\/\" \/>\n<meta property=\"og:site_name\" content=\"Zurbar\u00e1n Abogados\" \/>\n<meta property=\"article:modified_time\" content=\"2025-03-18T09:42:41+00:00\" \/>\n<meta property=\"og:image\" content=\"https:\/\/zurbaran.devplatform.tech\/wp-content\/uploads\/2022\/06\/capital.jpg\" \/>\n\t<meta property=\"og:image:width\" content=\"700\" \/>\n\t<meta property=\"og:image:height\" content=\"467\" \/>\n\t<meta property=\"og:image:type\" content=\"image\/jpeg\" \/>\n<meta name=\"twitter:card\" content=\"summary_large_image\" \/>\n<meta name=\"twitter:label1\" content=\"Est. reading time\" \/>\n\t<meta name=\"twitter:data1\" content=\"3 minutes\" \/>\n<script type=\"application\/ld+json\" class=\"yoast-schema-graph\">{\"@context\":\"https:\/\/schema.org\",\"@graph\":[{\"@type\":\"WebPage\",\"@id\":\"https:\/\/zurbaran.devplatform.tech\/en\/private-equity-and-new-technologies\/\",\"url\":\"https:\/\/zurbaran.devplatform.tech\/en\/private-equity-and-new-technologies\/\",\"name\":\"Private Equity and New Technologies - Zurbar\u00e1n Abogados\",\"isPartOf\":{\"@id\":\"https:\/\/zurbaran.devplatform.tech\/#website\"},\"datePublished\":\"2022-05-18T07:05:24+00:00\",\"dateModified\":\"2025-03-18T09:42:41+00:00\",\"breadcrumb\":{\"@id\":\"https:\/\/zurbaran.devplatform.tech\/en\/private-equity-and-new-technologies\/#breadcrumb\"},\"inLanguage\":\"en-US\",\"potentialAction\":[{\"@type\":\"ReadAction\",\"target\":[\"https:\/\/zurbaran.devplatform.tech\/en\/private-equity-and-new-technologies\/\"]}]},{\"@type\":\"BreadcrumbList\",\"@id\":\"https:\/\/zurbaran.devplatform.tech\/en\/private-equity-and-new-technologies\/#breadcrumb\",\"itemListElement\":[{\"@type\":\"ListItem\",\"position\":1,\"name\":\"Home\",\"item\":\"https:\/\/zurbaran.devplatform.tech\/en\/home\/\"},{\"@type\":\"ListItem\",\"position\":2,\"name\":\"Private Equity and New Technologies\"}]},{\"@type\":\"WebSite\",\"@id\":\"https:\/\/zurbaran.devplatform.tech\/#website\",\"url\":\"https:\/\/zurbaran.devplatform.tech\/\",\"name\":\"Zurbar\u00e1n Abogados\",\"description\":\"Zurbar\u00e1n Abogados - Legal Solutions\",\"potentialAction\":[{\"@type\":\"SearchAction\",\"target\":{\"@type\":\"EntryPoint\",\"urlTemplate\":\"https:\/\/zurbaran.devplatform.tech\/?s={search_term_string}\"},\"query-input\":\"required name=search_term_string\"}],\"inLanguage\":\"en-US\"}]}<\/script>\n<!-- \/ Yoast SEO plugin. -->","yoast_head_json":{"title":"Private Equity and New Technologies - Zurbar\u00e1n Abogados","robots":{"index":"index","follow":"follow","max-snippet":"max-snippet:-1","max-image-preview":"max-image-preview:large","max-video-preview":"max-video-preview:-1"},"canonical":"https:\/\/zurbaran.devplatform.tech\/en\/private-equity-and-new-technologies\/","og_locale":"en_US","og_type":"article","og_title":"Private Equity and New Technologies - Zurbar\u00e1n Abogados","og_description":"Asesoramiento, asistencia y defensa jur\u00eddica en las principales relaciones constituyentes del \u00e1rea, entre las que se encuentran la negociaci\u00f3n y redacci\u00f3n de toda clase de contratos, resoluci\u00f3n por la v\u00eda judicial o extrajudicial de conflictos relacionados con diferentes tipos de arrendamientos o asistencia jur\u00eddica en relaci\u00f3n con propiedad industrial e intelectual y otros derechos inmateriales.","og_url":"https:\/\/zurbaran.devplatform.tech\/en\/private-equity-and-new-technologies\/","og_site_name":"Zurbar\u00e1n Abogados","article_modified_time":"2025-03-18T09:42:41+00:00","og_image":[{"width":700,"height":467,"url":"https:\/\/zurbaran.devplatform.tech\/wp-content\/uploads\/2022\/06\/capital.jpg","type":"image\/jpeg"}],"twitter_card":"summary_large_image","twitter_misc":{"Est. reading time":"3 minutes"},"schema":{"@context":"https:\/\/schema.org","@graph":[{"@type":"WebPage","@id":"https:\/\/zurbaran.devplatform.tech\/en\/private-equity-and-new-technologies\/","url":"https:\/\/zurbaran.devplatform.tech\/en\/private-equity-and-new-technologies\/","name":"Private Equity and New Technologies - Zurbar\u00e1n Abogados","isPartOf":{"@id":"https:\/\/zurbaran.devplatform.tech\/#website"},"datePublished":"2022-05-18T07:05:24+00:00","dateModified":"2025-03-18T09:42:41+00:00","breadcrumb":{"@id":"https:\/\/zurbaran.devplatform.tech\/en\/private-equity-and-new-technologies\/#breadcrumb"},"inLanguage":"en-US","potentialAction":[{"@type":"ReadAction","target":["https:\/\/zurbaran.devplatform.tech\/en\/private-equity-and-new-technologies\/"]}]},{"@type":"BreadcrumbList","@id":"https:\/\/zurbaran.devplatform.tech\/en\/private-equity-and-new-technologies\/#breadcrumb","itemListElement":[{"@type":"ListItem","position":1,"name":"Home","item":"https:\/\/zurbaran.devplatform.tech\/en\/home\/"},{"@type":"ListItem","position":2,"name":"Private Equity and New Technologies"}]},{"@type":"WebSite","@id":"https:\/\/zurbaran.devplatform.tech\/#website","url":"https:\/\/zurbaran.devplatform.tech\/","name":"Zurbar\u00e1n Abogados","description":"Zurbar\u00e1n Abogados - Legal Solutions","potentialAction":[{"@type":"SearchAction","target":{"@type":"EntryPoint","urlTemplate":"https:\/\/zurbaran.devplatform.tech\/?s={search_term_string}"},"query-input":"required name=search_term_string"}],"inLanguage":"en-US"}]}},"_links":{"self":[{"href":"https:\/\/zurbaran.devplatform.tech\/en\/wp-json\/wp\/v2\/pages\/11609"}],"collection":[{"href":"https:\/\/zurbaran.devplatform.tech\/en\/wp-json\/wp\/v2\/pages"}],"about":[{"href":"https:\/\/zurbaran.devplatform.tech\/en\/wp-json\/wp\/v2\/types\/page"}],"author":[{"embeddable":true,"href":"https:\/\/zurbaran.devplatform.tech\/en\/wp-json\/wp\/v2\/users\/1"}],"replies":[{"embeddable":true,"href":"https:\/\/zurbaran.devplatform.tech\/en\/wp-json\/wp\/v2\/comments?post=11609"}],"version-history":[{"count":14,"href":"https:\/\/zurbaran.devplatform.tech\/en\/wp-json\/wp\/v2\/pages\/11609\/revisions"}],"predecessor-version":[{"id":15725,"href":"https:\/\/zurbaran.devplatform.tech\/en\/wp-json\/wp\/v2\/pages\/11609\/revisions\/15725"}],"wp:featuredmedia":[{"embeddable":true,"href":"https:\/\/zurbaran.devplatform.tech\/en\/wp-json\/wp\/v2\/media\/10803"}],"wp:attachment":[{"href":"https:\/\/zurbaran.devplatform.tech\/en\/wp-json\/wp\/v2\/media?parent=11609"}],"wp:term":[{"taxonomy":"category","embeddable":true,"href":"https:\/\/zurbaran.devplatform.tech\/en\/wp-json\/wp\/v2\/categories?post=11609"},{"taxonomy":"post_tag","embeddable":true,"href":"https:\/\/zurbaran.devplatform.tech\/en\/wp-json\/wp\/v2\/tags?post=11609"}],"curies":[{"name":"wp","href":"https:\/\/api.w.org\/{rel}","templated":true}]}}