{"id":11605,"date":"2021-01-20T16:20:54","date_gmt":"2021-01-20T15:20:54","guid":{"rendered":"https:\/\/zurbaran.devplatform.tech\/fiscal\/"},"modified":"2025-03-18T10:39:37","modified_gmt":"2025-03-18T09:39:37","slug":"tax-law","status":"publish","type":"page","link":"https:\/\/zurbaran.devplatform.tech\/en\/tax-law\/","title":{"rendered":"Tax Law"},"content":{"rendered":"<section class=\"wpb-content-wrapper\"><style type=\"text\/css\" data-type=\"vc_cmsms_shortcodes-custom-css\"><\/style><p>[vc_row full_width=&#8221;stretch_row&#8221; content_placement=&#8221;middle&#8221; parallax=&#8221;content-moving&#8221; parallax_image=&#8221;15645&#8243; css=&#8221;.vc_custom_1742290762758{margin-top: 0px !important;border-top-width: 0px !important;padding-top: 0px !important;}&#8221;][vc_column css=&#8221;.vc_custom_1642088459357{margin-top: 70px !important;}&#8221;][vc_custom_heading text=&#8221;Areas of Practice&#8221; font_container=&#8221;tag:h2|font_size:56|text_align:right|color:%23ffffff|line_height:70px&#8221; google_fonts=&#8221;font_family:Merriweather%3A300%2C300italic%2Cregular%2Citalic%2C700%2C700italic%2C900%2C900italic|font_style:700%20bold%20regular%3A700%3Anormal&#8221; css=&#8221;.vc_custom_1742289528916{margin-top: 35px !important;margin-bottom: 80px !important;}&#8221;][\/vc_column][\/vc_row][vc_row][vc_column][vc_custom_heading text=&#8221;Tax Law&#8221; font_container=&#8221;tag:h2|font_size:45|text_align:center|line_height:50px&#8221; google_fonts=&#8221;font_family:Merriweather%3A300%2C300italic%2Cregular%2Citalic%2C700%2C700italic%2C900%2C900italic|font_style:400%20regular%3A400%3Anormal&#8221; css=&#8221;.vc_custom_1742290773892{margin-bottom: 15px !important;}&#8221;][\/vc_column][\/vc_row][vc_row css=&#8221;.vc_custom_1598269582888{margin-top: 20px !important;}&#8221;][vc_column width=&#8221;3\/4&#8243;][vc_column_text]We focus our services on facilitating compliance with the tax obligations of companies and individuals, seeking to optimize their fiscal situation. To this end, our Tax Department provides advice on all tax matters, either regularly or by implementing specific solutions according to the client&#8217;s specific needs at any given time.<\/p>\n<p>On the one hand, we provide general tax services, advising on the operations inherent to the ordinary activity of the company and corporate operations and business restructuring, advising on their design and optimizing the taxation derived from them. We also advise family businesses seeking to obtain the tax benefits provided for in their ownership and transfer.<\/p>\n<p>On the other hand, concerning specific transactions, we advise on indirect taxation in relation to indirect taxes such as VAT or ITPAJD. We also have extensive experience in related party transactions and transfer pricing, assisting the client in the analysis of comparability and assessing them.<\/p>\n<p>In addition, the Tax Department assists the client in contentious tax matters, providing advisory services in management procedures, tax inspections, and sanctioning procedures, as well as in appeals derived from the client&#8217;s litigation with the Tax Administration.[\/vc_column_text][\/vc_column][vc_column width=&#8221;1\/2&#8243; css=&#8221;.vc_custom_1657722031955{margin-top: 5px !important;margin-bottom: 30px !important;padding-top: 0px !important;padding-right: 5px !important;padding-left: 30px !important;background-position: center !important;background-repeat: no-repeat !important;background-size: cover !important;}&#8221; offset=&#8221;vc_col-lg-3 vc_col-xs-12&#8243; el_id=&#8221;perfiles-del-area&#8221;][vc_single_image image=&#8221;10808&#8243; img_size=&#8221;full&#8221;][\/vc_column][\/vc_row]<\/p>\n<\/section>","protected":false},"excerpt":{"rendered":"<p>Orientamos nuestros servicios a facilitar el cumplimiento de las obligaciones tributarias propias de las empresas a trav\u00e9s del dise\u00f1o de una pol\u00edtica fiscal que lo permita, as\u00ed como buscando la optimizaci\u00f3n de su fiscalidad. Asesoramos en todo el \u00e1mbito tributario, de modo recurrente o implementando soluciones espec\u00edficas en funci\u00f3n de las necesidades del cliente.<\/p>\n","protected":false},"author":4,"featured_media":10809,"parent":0,"menu_order":0,"comment_status":"closed","ping_status":"closed","template":"","meta":[],"categories":[79,86],"tags":[],"yoast_head":"<!-- This site is optimized with the Yoast SEO plugin v20.10 - https:\/\/yoast.com\/wordpress\/plugins\/seo\/ -->\n<title>Tax Law - Zurbar\u00e1n Abogados<\/title>\n<meta name=\"robots\" content=\"index, follow, max-snippet:-1, max-image-preview:large, max-video-preview:-1\" \/>\n<link rel=\"canonical\" href=\"https:\/\/zurbaran.devplatform.tech\/en\/tax-law\/\" \/>\n<meta property=\"og:locale\" content=\"en_US\" \/>\n<meta property=\"og:type\" content=\"article\" \/>\n<meta property=\"og:title\" content=\"Tax Law - Zurbar\u00e1n Abogados\" \/>\n<meta property=\"og:description\" content=\"Orientamos nuestros servicios a facilitar el cumplimiento de las obligaciones tributarias propias de las empresas a trav\u00e9s del dise\u00f1o de una pol\u00edtica fiscal que lo permita, as\u00ed como buscando la optimizaci\u00f3n de su fiscalidad. Asesoramos en todo el \u00e1mbito tributario, de modo recurrente o implementando soluciones espec\u00edficas en funci\u00f3n de las necesidades del cliente.\" \/>\n<meta property=\"og:url\" content=\"https:\/\/zurbaran.devplatform.tech\/en\/tax-law\/\" \/>\n<meta property=\"og:site_name\" content=\"Zurbar\u00e1n Abogados\" \/>\n<meta property=\"article:modified_time\" content=\"2025-03-18T09:39:37+00:00\" \/>\n<meta property=\"og:image\" content=\"https:\/\/zurbaran.devplatform.tech\/wp-content\/uploads\/2022\/06\/fiscal.jpg\" \/>\n\t<meta property=\"og:image:width\" content=\"700\" \/>\n\t<meta property=\"og:image:height\" content=\"467\" \/>\n\t<meta property=\"og:image:type\" content=\"image\/jpeg\" \/>\n<meta name=\"twitter:card\" content=\"summary_large_image\" \/>\n<meta name=\"twitter:label1\" content=\"Est. reading time\" \/>\n\t<meta name=\"twitter:data1\" content=\"2 minutes\" \/>\n<script type=\"application\/ld+json\" class=\"yoast-schema-graph\">{\"@context\":\"https:\/\/schema.org\",\"@graph\":[{\"@type\":\"WebPage\",\"@id\":\"https:\/\/zurbaran.devplatform.tech\/en\/tax-law\/\",\"url\":\"https:\/\/zurbaran.devplatform.tech\/en\/tax-law\/\",\"name\":\"Tax Law - Zurbar\u00e1n Abogados\",\"isPartOf\":{\"@id\":\"https:\/\/zurbaran.devplatform.tech\/#website\"},\"datePublished\":\"2021-01-20T15:20:54+00:00\",\"dateModified\":\"2025-03-18T09:39:37+00:00\",\"breadcrumb\":{\"@id\":\"https:\/\/zurbaran.devplatform.tech\/en\/tax-law\/#breadcrumb\"},\"inLanguage\":\"en-US\",\"potentialAction\":[{\"@type\":\"ReadAction\",\"target\":[\"https:\/\/zurbaran.devplatform.tech\/en\/tax-law\/\"]}]},{\"@type\":\"BreadcrumbList\",\"@id\":\"https:\/\/zurbaran.devplatform.tech\/en\/tax-law\/#breadcrumb\",\"itemListElement\":[{\"@type\":\"ListItem\",\"position\":1,\"name\":\"Home\",\"item\":\"https:\/\/zurbaran.devplatform.tech\/en\/home\/\"},{\"@type\":\"ListItem\",\"position\":2,\"name\":\"Tax Law\"}]},{\"@type\":\"WebSite\",\"@id\":\"https:\/\/zurbaran.devplatform.tech\/#website\",\"url\":\"https:\/\/zurbaran.devplatform.tech\/\",\"name\":\"Zurbar\u00e1n Abogados\",\"description\":\"Zurbar\u00e1n Abogados - Legal Solutions\",\"potentialAction\":[{\"@type\":\"SearchAction\",\"target\":{\"@type\":\"EntryPoint\",\"urlTemplate\":\"https:\/\/zurbaran.devplatform.tech\/?s={search_term_string}\"},\"query-input\":\"required name=search_term_string\"}],\"inLanguage\":\"en-US\"}]}<\/script>\n<!-- \/ Yoast SEO plugin. -->","yoast_head_json":{"title":"Tax Law - Zurbar\u00e1n Abogados","robots":{"index":"index","follow":"follow","max-snippet":"max-snippet:-1","max-image-preview":"max-image-preview:large","max-video-preview":"max-video-preview:-1"},"canonical":"https:\/\/zurbaran.devplatform.tech\/en\/tax-law\/","og_locale":"en_US","og_type":"article","og_title":"Tax Law - Zurbar\u00e1n Abogados","og_description":"Orientamos nuestros servicios a facilitar el cumplimiento de las obligaciones tributarias propias de las empresas a trav\u00e9s del dise\u00f1o de una pol\u00edtica fiscal que lo permita, as\u00ed como buscando la optimizaci\u00f3n de su fiscalidad. Asesoramos en todo el \u00e1mbito tributario, de modo recurrente o implementando soluciones espec\u00edficas en funci\u00f3n de las necesidades del cliente.","og_url":"https:\/\/zurbaran.devplatform.tech\/en\/tax-law\/","og_site_name":"Zurbar\u00e1n Abogados","article_modified_time":"2025-03-18T09:39:37+00:00","og_image":[{"width":700,"height":467,"url":"https:\/\/zurbaran.devplatform.tech\/wp-content\/uploads\/2022\/06\/fiscal.jpg","type":"image\/jpeg"}],"twitter_card":"summary_large_image","twitter_misc":{"Est. reading time":"2 minutes"},"schema":{"@context":"https:\/\/schema.org","@graph":[{"@type":"WebPage","@id":"https:\/\/zurbaran.devplatform.tech\/en\/tax-law\/","url":"https:\/\/zurbaran.devplatform.tech\/en\/tax-law\/","name":"Tax Law - Zurbar\u00e1n Abogados","isPartOf":{"@id":"https:\/\/zurbaran.devplatform.tech\/#website"},"datePublished":"2021-01-20T15:20:54+00:00","dateModified":"2025-03-18T09:39:37+00:00","breadcrumb":{"@id":"https:\/\/zurbaran.devplatform.tech\/en\/tax-law\/#breadcrumb"},"inLanguage":"en-US","potentialAction":[{"@type":"ReadAction","target":["https:\/\/zurbaran.devplatform.tech\/en\/tax-law\/"]}]},{"@type":"BreadcrumbList","@id":"https:\/\/zurbaran.devplatform.tech\/en\/tax-law\/#breadcrumb","itemListElement":[{"@type":"ListItem","position":1,"name":"Home","item":"https:\/\/zurbaran.devplatform.tech\/en\/home\/"},{"@type":"ListItem","position":2,"name":"Tax Law"}]},{"@type":"WebSite","@id":"https:\/\/zurbaran.devplatform.tech\/#website","url":"https:\/\/zurbaran.devplatform.tech\/","name":"Zurbar\u00e1n Abogados","description":"Zurbar\u00e1n Abogados - Legal Solutions","potentialAction":[{"@type":"SearchAction","target":{"@type":"EntryPoint","urlTemplate":"https:\/\/zurbaran.devplatform.tech\/?s={search_term_string}"},"query-input":"required name=search_term_string"}],"inLanguage":"en-US"}]}},"_links":{"self":[{"href":"https:\/\/zurbaran.devplatform.tech\/en\/wp-json\/wp\/v2\/pages\/11605"}],"collection":[{"href":"https:\/\/zurbaran.devplatform.tech\/en\/wp-json\/wp\/v2\/pages"}],"about":[{"href":"https:\/\/zurbaran.devplatform.tech\/en\/wp-json\/wp\/v2\/types\/page"}],"author":[{"embeddable":true,"href":"https:\/\/zurbaran.devplatform.tech\/en\/wp-json\/wp\/v2\/users\/4"}],"replies":[{"embeddable":true,"href":"https:\/\/zurbaran.devplatform.tech\/en\/wp-json\/wp\/v2\/comments?post=11605"}],"version-history":[{"count":7,"href":"https:\/\/zurbaran.devplatform.tech\/en\/wp-json\/wp\/v2\/pages\/11605\/revisions"}],"predecessor-version":[{"id":15723,"href":"https:\/\/zurbaran.devplatform.tech\/en\/wp-json\/wp\/v2\/pages\/11605\/revisions\/15723"}],"wp:featuredmedia":[{"embeddable":true,"href":"https:\/\/zurbaran.devplatform.tech\/en\/wp-json\/wp\/v2\/media\/10809"}],"wp:attachment":[{"href":"https:\/\/zurbaran.devplatform.tech\/en\/wp-json\/wp\/v2\/media?parent=11605"}],"wp:term":[{"taxonomy":"category","embeddable":true,"href":"https:\/\/zurbaran.devplatform.tech\/en\/wp-json\/wp\/v2\/categories?post=11605"},{"taxonomy":"post_tag","embeddable":true,"href":"https:\/\/zurbaran.devplatform.tech\/en\/wp-json\/wp\/v2\/tags?post=11605"}],"curies":[{"name":"wp","href":"https:\/\/api.w.org\/{rel}","templated":true}]}}