{"id":11601,"date":"2021-01-20T16:24:06","date_gmt":"2021-01-20T15:24:06","guid":{"rendered":"https:\/\/zurbaran.devplatform.tech\/inmobiliario-y-urbanismo\/"},"modified":"2025-03-18T10:38:22","modified_gmt":"2025-03-18T09:38:22","slug":"real-estate-and-urban-planning","status":"publish","type":"page","link":"https:\/\/zurbaran.devplatform.tech\/en\/real-estate-and-urban-planning\/","title":{"rendered":"Real Estate and Urban Planning"},"content":{"rendered":"<section class=\"wpb-content-wrapper\"><style type=\"text\/css\" data-type=\"vc_cmsms_shortcodes-custom-css\"><\/style><p>[vc_row full_width=&#8221;stretch_row&#8221; content_placement=&#8221;middle&#8221; parallax=&#8221;content-moving&#8221; parallax_image=&#8221;15586&#8243; css=&#8221;.vc_custom_1742290687134{margin-top: 0px !important;border-top-width: 0px !important;padding-top: 0px !important;}&#8221;][vc_column css=&#8221;.vc_custom_1642088459357{margin-top: 70px !important;}&#8221;][vc_custom_heading text=&#8221;Areas of Practice&#8221; font_container=&#8221;tag:h2|font_size:56|text_align:right|color:%23ffffff|line_height:70px&#8221; google_fonts=&#8221;font_family:Merriweather%3A300%2C300italic%2Cregular%2Citalic%2C700%2C700italic%2C900%2C900italic|font_style:700%20bold%20regular%3A700%3Anormal&#8221; css=&#8221;.vc_custom_1742289528916{margin-top: 35px !important;margin-bottom: 80px !important;}&#8221;][\/vc_column][\/vc_row][vc_row][vc_column][vc_custom_heading text=&#8221;Real Estate and Urban Planning&#8221; font_container=&#8221;tag:h2|font_size:45|text_align:center|line_height:50px&#8221; google_fonts=&#8221;font_family:Merriweather%3A300%2C300italic%2Cregular%2Citalic%2C700%2C700italic%2C900%2C900italic|font_style:400%20regular%3A400%3Anormal&#8221; css=&#8221;.vc_custom_1742290696804{margin-bottom: 15px !important;}&#8221;][\/vc_column][\/vc_row][vc_row css=&#8221;.vc_custom_1598269582888{margin-top: 20px !important;}&#8221;][vc_column width=&#8221;3\/4&#8243;][vc_column_text css=&#8221;&#8221;]Our Real Estate and Urban Planning Law Department assists individuals and companies in their real estate transactions, offering a tailor-made service for each transaction. Our advice covers all aspects of the transaction, from the negotiation and drafting of the legal documents to the legal, due diligence of the property and its urban situation.<\/p>\n<p>In addition, we provide recurring advice to owners of shopping centers and other properties that require continuous monitoring in their relations with third parties (tenants, suppliers, public administrations, etc.). This global service guarantees the fulfillment of legal obligations and the resolution of common issues related to the operation of the properties.<\/p>\n<p>Our services also include assistance in negotiating and drafting construction contracts, monitoring their compliance or execution, and legal advice, assistance, and defense in any matters related to the construction process.<\/p>\n<p>In the urban planning field, we have a highly specialized team that analyzes and prepares reports on the urban planning situation of properties and assists clients in their relations with public administrations, either to obtain licenses and authorizations or in the negotiation and management of urban planning agreements. All this is in close collaboration with the Administrative Law Department.<\/p>\n<p><a href=\"\/wp-content\/uploads\/2024\/09\/DOSSIER_RealEstate-Rev3-R.pdf\"><img decoding=\"async\" loading=\"lazy\" class=\"alignnone wp-image-12869\" src=\"https:\/\/zurbaran.devplatform.tech\/wp-content\/uploads\/2022\/11\/download-en-300x58.png\" alt=\"\" width=\"254\" height=\"49\" srcset=\"https:\/\/zurbaran.devplatform.tech\/wp-content\/uploads\/2022\/11\/download-en-300x58.png 300w, https:\/\/zurbaran.devplatform.tech\/wp-content\/uploads\/2022\/11\/download-en-600x116.png 600w, https:\/\/zurbaran.devplatform.tech\/wp-content\/uploads\/2022\/11\/download-en.png 750w\" sizes=\"(max-width: 254px) 100vw, 254px\" \/><\/a>[\/vc_column_text][\/vc_column][vc_column width=&#8221;1\/2&#8243; css=&#8221;.vc_custom_1657722117692{margin-top: 5px !important;margin-bottom: 30px !important;padding-top: 0px !important;padding-right: 5px !important;padding-left: 30px !important;background-position: center !important;background-repeat: no-repeat !important;background-size: cover !important;}&#8221; offset=&#8221;vc_col-lg-3 vc_col-xs-12&#8243; el_id=&#8221;perfiles-del-area&#8221;][vc_single_image image=&#8221;10814&#8243; img_size=&#8221;full&#8221;][cmsms_profile uniqid=&#8221;cmsms_shcd_65bab562408c62_53180200&#8243; image=&#8221;12311&#8243; title=&#8221;Elena M\u00aa Oviedo Moral&#8221; subtitle=&#8221;Partner&#8221; icons=&#8221;%5B%7B%7D%5D&#8221; text=&#8221;<!--A lo largo de su trayectoria ha sido asesor jur\u00eddico de la Universidad de Sevilla, de diversos Ayuntamientos y empresas, agencias y fundaciones p\u00fablicas. Adem\u00e1s, imparte cursos y participa en seminarios relacionados con sus \u00e1reas de actuaci\u00f3n.-->&#8221; css=&#8221;.vc_custom_1706734964562{margin-bottom: 0px !important;}&#8221; link=&#8221;url:https%3A%2F%2Fzurbaran.devplatform.tech%2Fen%2Felena-maria-oviedo-moral%2F|title:Elena%20M%C2%AA%20Oviedo%20Moral||&#8221;][\/vc_column][\/vc_row]<\/p>\n<\/section>","protected":false},"excerpt":{"rendered":"<p>Afrontamos con todas las garant\u00edas posibles un asesoramiento preciso, coordinado y profundo en cuanto a los conocimientos necesarios para llevar a cabo con \u00e9xito el Derecho p\u00fablico y urbanismo. Adem\u00e1s, asesoramos a empresas, agentes urbanizadores o edificadores, particulares y Administraci\u00f3n P\u00fablica a lo largo de todo el proceso para completar el desarrollo de cualquier actividad de tipo inmobiliario. Investigamos minuciosamente cada caso para asegurar el cumplimiento de la legalidad urban\u00edstica.<\/p>\n","protected":false},"author":4,"featured_media":10815,"parent":0,"menu_order":0,"comment_status":"closed","ping_status":"closed","template":"","meta":[],"categories":[79,85],"tags":[],"yoast_head":"<!-- This site is optimized with the Yoast SEO plugin v20.10 - https:\/\/yoast.com\/wordpress\/plugins\/seo\/ -->\n<title>Real Estate and Urban Planning - Zurbar\u00e1n Abogados<\/title>\n<meta name=\"robots\" content=\"index, follow, max-snippet:-1, max-image-preview:large, max-video-preview:-1\" \/>\n<link rel=\"canonical\" href=\"https:\/\/zurbaran.devplatform.tech\/en\/real-estate-and-urban-planning\/\" \/>\n<meta property=\"og:locale\" content=\"en_US\" \/>\n<meta property=\"og:type\" content=\"article\" \/>\n<meta property=\"og:title\" content=\"Real Estate and Urban Planning - Zurbar\u00e1n Abogados\" \/>\n<meta property=\"og:description\" content=\"Afrontamos con todas las garant\u00edas posibles un asesoramiento preciso, coordinado y profundo en cuanto a los conocimientos necesarios para llevar a cabo con \u00e9xito el Derecho p\u00fablico y urbanismo. Adem\u00e1s, asesoramos a empresas, agentes urbanizadores o edificadores, particulares y Administraci\u00f3n P\u00fablica a lo largo de todo el proceso para completar el desarrollo de cualquier actividad de tipo inmobiliario. Investigamos minuciosamente cada caso para asegurar el cumplimiento de la legalidad urban\u00edstica.\" \/>\n<meta property=\"og:url\" content=\"https:\/\/zurbaran.devplatform.tech\/en\/real-estate-and-urban-planning\/\" \/>\n<meta property=\"og:site_name\" content=\"Zurbar\u00e1n Abogados\" \/>\n<meta property=\"article:modified_time\" content=\"2025-03-18T09:38:22+00:00\" \/>\n<meta property=\"og:image\" content=\"https:\/\/zurbaran.devplatform.tech\/wp-content\/uploads\/2022\/06\/urbanismo.jpg\" \/>\n\t<meta property=\"og:image:width\" content=\"700\" \/>\n\t<meta property=\"og:image:height\" content=\"467\" \/>\n\t<meta property=\"og:image:type\" content=\"image\/jpeg\" \/>\n<meta name=\"twitter:card\" content=\"summary_large_image\" \/>\n<meta name=\"twitter:label1\" content=\"Est. reading time\" \/>\n\t<meta name=\"twitter:data1\" content=\"3 minutes\" \/>\n<script type=\"application\/ld+json\" class=\"yoast-schema-graph\">{\"@context\":\"https:\/\/schema.org\",\"@graph\":[{\"@type\":\"WebPage\",\"@id\":\"https:\/\/zurbaran.devplatform.tech\/en\/real-estate-and-urban-planning\/\",\"url\":\"https:\/\/zurbaran.devplatform.tech\/en\/real-estate-and-urban-planning\/\",\"name\":\"Real Estate and Urban Planning - Zurbar\u00e1n Abogados\",\"isPartOf\":{\"@id\":\"https:\/\/zurbaran.devplatform.tech\/#website\"},\"datePublished\":\"2021-01-20T15:24:06+00:00\",\"dateModified\":\"2025-03-18T09:38:22+00:00\",\"breadcrumb\":{\"@id\":\"https:\/\/zurbaran.devplatform.tech\/en\/real-estate-and-urban-planning\/#breadcrumb\"},\"inLanguage\":\"en-US\",\"potentialAction\":[{\"@type\":\"ReadAction\",\"target\":[\"https:\/\/zurbaran.devplatform.tech\/en\/real-estate-and-urban-planning\/\"]}]},{\"@type\":\"BreadcrumbList\",\"@id\":\"https:\/\/zurbaran.devplatform.tech\/en\/real-estate-and-urban-planning\/#breadcrumb\",\"itemListElement\":[{\"@type\":\"ListItem\",\"position\":1,\"name\":\"Home\",\"item\":\"https:\/\/zurbaran.devplatform.tech\/en\/home\/\"},{\"@type\":\"ListItem\",\"position\":2,\"name\":\"Real Estate and Urban Planning\"}]},{\"@type\":\"WebSite\",\"@id\":\"https:\/\/zurbaran.devplatform.tech\/#website\",\"url\":\"https:\/\/zurbaran.devplatform.tech\/\",\"name\":\"Zurbar\u00e1n Abogados\",\"description\":\"Zurbar\u00e1n Abogados - Legal Solutions\",\"potentialAction\":[{\"@type\":\"SearchAction\",\"target\":{\"@type\":\"EntryPoint\",\"urlTemplate\":\"https:\/\/zurbaran.devplatform.tech\/?s={search_term_string}\"},\"query-input\":\"required name=search_term_string\"}],\"inLanguage\":\"en-US\"}]}<\/script>\n<!-- \/ Yoast SEO plugin. -->","yoast_head_json":{"title":"Real Estate and Urban Planning - Zurbar\u00e1n Abogados","robots":{"index":"index","follow":"follow","max-snippet":"max-snippet:-1","max-image-preview":"max-image-preview:large","max-video-preview":"max-video-preview:-1"},"canonical":"https:\/\/zurbaran.devplatform.tech\/en\/real-estate-and-urban-planning\/","og_locale":"en_US","og_type":"article","og_title":"Real Estate and Urban Planning - Zurbar\u00e1n Abogados","og_description":"Afrontamos con todas las garant\u00edas posibles un asesoramiento preciso, coordinado y profundo en cuanto a los conocimientos necesarios para llevar a cabo con \u00e9xito el Derecho p\u00fablico y urbanismo. Adem\u00e1s, asesoramos a empresas, agentes urbanizadores o edificadores, particulares y Administraci\u00f3n P\u00fablica a lo largo de todo el proceso para completar el desarrollo de cualquier actividad de tipo inmobiliario. Investigamos minuciosamente cada caso para asegurar el cumplimiento de la legalidad urban\u00edstica.","og_url":"https:\/\/zurbaran.devplatform.tech\/en\/real-estate-and-urban-planning\/","og_site_name":"Zurbar\u00e1n Abogados","article_modified_time":"2025-03-18T09:38:22+00:00","og_image":[{"width":700,"height":467,"url":"https:\/\/zurbaran.devplatform.tech\/wp-content\/uploads\/2022\/06\/urbanismo.jpg","type":"image\/jpeg"}],"twitter_card":"summary_large_image","twitter_misc":{"Est. reading time":"3 minutes"},"schema":{"@context":"https:\/\/schema.org","@graph":[{"@type":"WebPage","@id":"https:\/\/zurbaran.devplatform.tech\/en\/real-estate-and-urban-planning\/","url":"https:\/\/zurbaran.devplatform.tech\/en\/real-estate-and-urban-planning\/","name":"Real Estate and Urban Planning - Zurbar\u00e1n Abogados","isPartOf":{"@id":"https:\/\/zurbaran.devplatform.tech\/#website"},"datePublished":"2021-01-20T15:24:06+00:00","dateModified":"2025-03-18T09:38:22+00:00","breadcrumb":{"@id":"https:\/\/zurbaran.devplatform.tech\/en\/real-estate-and-urban-planning\/#breadcrumb"},"inLanguage":"en-US","potentialAction":[{"@type":"ReadAction","target":["https:\/\/zurbaran.devplatform.tech\/en\/real-estate-and-urban-planning\/"]}]},{"@type":"BreadcrumbList","@id":"https:\/\/zurbaran.devplatform.tech\/en\/real-estate-and-urban-planning\/#breadcrumb","itemListElement":[{"@type":"ListItem","position":1,"name":"Home","item":"https:\/\/zurbaran.devplatform.tech\/en\/home\/"},{"@type":"ListItem","position":2,"name":"Real Estate and Urban Planning"}]},{"@type":"WebSite","@id":"https:\/\/zurbaran.devplatform.tech\/#website","url":"https:\/\/zurbaran.devplatform.tech\/","name":"Zurbar\u00e1n Abogados","description":"Zurbar\u00e1n Abogados - Legal Solutions","potentialAction":[{"@type":"SearchAction","target":{"@type":"EntryPoint","urlTemplate":"https:\/\/zurbaran.devplatform.tech\/?s={search_term_string}"},"query-input":"required name=search_term_string"}],"inLanguage":"en-US"}]}},"_links":{"self":[{"href":"https:\/\/zurbaran.devplatform.tech\/en\/wp-json\/wp\/v2\/pages\/11601"}],"collection":[{"href":"https:\/\/zurbaran.devplatform.tech\/en\/wp-json\/wp\/v2\/pages"}],"about":[{"href":"https:\/\/zurbaran.devplatform.tech\/en\/wp-json\/wp\/v2\/types\/page"}],"author":[{"embeddable":true,"href":"https:\/\/zurbaran.devplatform.tech\/en\/wp-json\/wp\/v2\/users\/4"}],"replies":[{"embeddable":true,"href":"https:\/\/zurbaran.devplatform.tech\/en\/wp-json\/wp\/v2\/comments?post=11601"}],"version-history":[{"count":12,"href":"https:\/\/zurbaran.devplatform.tech\/en\/wp-json\/wp\/v2\/pages\/11601\/revisions"}],"predecessor-version":[{"id":15722,"href":"https:\/\/zurbaran.devplatform.tech\/en\/wp-json\/wp\/v2\/pages\/11601\/revisions\/15722"}],"wp:featuredmedia":[{"embeddable":true,"href":"https:\/\/zurbaran.devplatform.tech\/en\/wp-json\/wp\/v2\/media\/10815"}],"wp:attachment":[{"href":"https:\/\/zurbaran.devplatform.tech\/en\/wp-json\/wp\/v2\/media?parent=11601"}],"wp:term":[{"taxonomy":"category","embeddable":true,"href":"https:\/\/zurbaran.devplatform.tech\/en\/wp-json\/wp\/v2\/categories?post=11601"},{"taxonomy":"post_tag","embeddable":true,"href":"https:\/\/zurbaran.devplatform.tech\/en\/wp-json\/wp\/v2\/tags?post=11601"}],"curies":[{"name":"wp","href":"https:\/\/api.w.org\/{rel}","templated":true}]}}