{"id":11597,"date":"2021-01-20T16:11:54","date_gmt":"2021-01-20T15:11:54","guid":{"rendered":"https:\/\/zurbaran.devplatform.tech\/derecho-administrativo\/"},"modified":"2025-03-18T10:37:07","modified_gmt":"2025-03-18T09:37:07","slug":"administrative-law","status":"publish","type":"page","link":"https:\/\/zurbaran.devplatform.tech\/en\/administrative-law\/","title":{"rendered":"Administrative Law"},"content":{"rendered":"<section class=\"wpb-content-wrapper\"><style type=\"text\/css\" data-type=\"vc_cmsms_shortcodes-custom-css\"><\/style><p>[vc_row full_width=&#8221;stretch_row&#8221; content_placement=&#8221;middle&#8221; parallax=&#8221;content-moving&#8221; parallax_image=&#8221;15584&#8243; css=&#8221;.vc_custom_1742290611861{margin-top: 0px !important;border-top-width: 0px !important;padding-top: 0px !important;}&#8221;][vc_column css=&#8221;.vc_custom_1642088459357{margin-top: 70px !important;}&#8221;][vc_custom_heading text=&#8221;Areas of Practice&#8221; font_container=&#8221;tag:h2|font_size:56|text_align:right|color:%23ffffff|line_height:70px&#8221; google_fonts=&#8221;font_family:Merriweather%3A300%2C300italic%2Cregular%2Citalic%2C700%2C700italic%2C900%2C900italic|font_style:700%20bold%20regular%3A700%3Anormal&#8221; css=&#8221;.vc_custom_1742289528916{margin-top: 35px !important;margin-bottom: 80px !important;}&#8221;][\/vc_column][\/vc_row][vc_row][vc_column][vc_custom_heading text=&#8221;Administrative Law&#8221; font_container=&#8221;tag:h2|font_size:45|text_align:center|line_height:50px&#8221; google_fonts=&#8221;font_family:Merriweather%3A300%2C300italic%2Cregular%2Citalic%2C700%2C700italic%2C900%2C900italic|font_style:400%20regular%3A400%3Anormal&#8221; css=&#8221;.vc_custom_1742290624627{margin-bottom: 15px !important;}&#8221;][\/vc_column][\/vc_row][vc_row css=&#8221;.vc_custom_1598269582888{margin-top: 20px !important;}&#8221;][vc_column width=&#8221;3\/4&#8243;][vc_column_text]We provide precise, coordinated, and specific advice to our clients in their relations with public administrations. On the one hand, our Administrative Law Department assists clients in participating in public procurement processes, administrative concessions, and other tenders. We also assist those affected by expropriation proceedings to preserve their rights against the administration.<\/p>\n<p>Likewise, we have extensive experience in defense of the rights of the administered in their relations with the administration, both in the administrative field and in subsequent proceedings before the contentious-administrative jurisdiction. Among the usual matters, we find the sanctioning proceedings in regulated sectors or the procedures for patrimonial responsibility of the administration.<\/p>\n<p>The Administrative Law Department is perfectly coordinated with the urban planning team in all matters related to this area: negotiation of planning agreements, advice on planning execution, negotiation and execution of management agreements, initiative or modification of the system chosen by the administration (Constitution of Compensation Boards, legal advice and secretariat of the Compensation Boards) to obtaining licenses and authorizations (commercial, works, installation, first occupation, opening, demolition, activity, etc.).[\/vc_column_text][\/vc_column][vc_column width=&#8221;1\/2&#8243; css=&#8221;.vc_custom_1657722252833{margin-top: 5px !important;margin-bottom: 30px !important;padding-top: 0px !important;padding-right: 5px !important;padding-left: 30px !important;background-position: center !important;background-repeat: no-repeat !important;background-size: cover !important;}&#8221; offset=&#8221;vc_col-lg-3 vc_col-xs-12&#8243; el_id=&#8221;perfiles-del-area&#8221;][vc_single_image image=&#8221;10800&#8243; img_size=&#8221;full&#8221;][cmsms_profile uniqid=&#8221;cmsms_shcd_65bab5b38b98c2_17036457&#8243; image=&#8221;12311&#8243; title=&#8221;Elena M\u00aa Oviedo Moral&#8221; subtitle=&#8221;Partner&#8221; icons=&#8221;%5B%7B%7D%5D&#8221; text=&#8221;<!--Vicedecano de la Junta de Gobierno del Ilustre Colegio de Abogados de Sevilla, Consejero del Colegio Andaluz de Colegios de Abogados, Vicepresidente de la Comisi\u00f3n Ejecutiva de la Asociaci\u00f3n para el ejercicio de la Mediaci\u00f3n y Arbitraje de Sevilla.-->&#8221; css=&#8221;.vc_custom_1706735040038{margin-bottom: 0px !important;}&#8221; link=&#8221;url:https%3A%2F%2Fzurbaran.devplatform.tech%2Fen%2Felena-maria-oviedo-moral%2F|title:Elena%20Maria%20Oviedo%20Moral||&#8221;][\/vc_column][\/vc_row]<\/p>\n<\/section>","protected":false},"excerpt":{"rendered":"<p>Defendemos los intereses del cliente ante esta jurisdicci\u00f3n, con especializaci\u00f3n en delitos o faltas de car\u00e1cter econ\u00f3mico, societario, contra la ordenaci\u00f3n del territorio, fiscal, y materias conexas. As\u00ed se procede a la formulaci\u00f3n de querellas, denuncias, asistencias judiciales y cualquier actuaci\u00f3n que requiera presencia de Letrado.<\/p>\n","protected":false},"author":4,"featured_media":10801,"parent":0,"menu_order":0,"comment_status":"closed","ping_status":"closed","template":"","meta":[],"categories":[79,84],"tags":[],"yoast_head":"<!-- This site is optimized with the Yoast SEO plugin v20.10 - https:\/\/yoast.com\/wordpress\/plugins\/seo\/ -->\n<title>Administrative Law - Zurbar\u00e1n Abogados<\/title>\n<meta name=\"robots\" content=\"index, follow, max-snippet:-1, max-image-preview:large, max-video-preview:-1\" \/>\n<link rel=\"canonical\" href=\"https:\/\/zurbaran.devplatform.tech\/en\/administrative-law\/\" \/>\n<meta property=\"og:locale\" content=\"en_US\" \/>\n<meta property=\"og:type\" content=\"article\" \/>\n<meta property=\"og:title\" content=\"Administrative Law - Zurbar\u00e1n Abogados\" \/>\n<meta property=\"og:description\" content=\"Defendemos los intereses del cliente ante esta jurisdicci\u00f3n, con especializaci\u00f3n en delitos o faltas de car\u00e1cter econ\u00f3mico, societario, contra la ordenaci\u00f3n del territorio, fiscal, y materias conexas. As\u00ed se procede a la formulaci\u00f3n de querellas, denuncias, asistencias judiciales y cualquier actuaci\u00f3n que requiera presencia de Letrado.\" \/>\n<meta property=\"og:url\" content=\"https:\/\/zurbaran.devplatform.tech\/en\/administrative-law\/\" \/>\n<meta property=\"og:site_name\" content=\"Zurbar\u00e1n Abogados\" \/>\n<meta property=\"article:modified_time\" content=\"2025-03-18T09:37:07+00:00\" \/>\n<meta property=\"og:image\" content=\"https:\/\/zurbaran.devplatform.tech\/wp-content\/uploads\/2022\/06\/administrativo.jpg\" \/>\n\t<meta property=\"og:image:width\" content=\"700\" \/>\n\t<meta property=\"og:image:height\" content=\"467\" \/>\n\t<meta property=\"og:image:type\" content=\"image\/jpeg\" \/>\n<meta name=\"twitter:card\" content=\"summary_large_image\" \/>\n<meta name=\"twitter:label1\" content=\"Est. reading time\" \/>\n\t<meta name=\"twitter:data1\" content=\"2 minutes\" \/>\n<script type=\"application\/ld+json\" class=\"yoast-schema-graph\">{\"@context\":\"https:\/\/schema.org\",\"@graph\":[{\"@type\":\"WebPage\",\"@id\":\"https:\/\/zurbaran.devplatform.tech\/en\/administrative-law\/\",\"url\":\"https:\/\/zurbaran.devplatform.tech\/en\/administrative-law\/\",\"name\":\"Administrative Law - Zurbar\u00e1n Abogados\",\"isPartOf\":{\"@id\":\"https:\/\/zurbaran.devplatform.tech\/#website\"},\"datePublished\":\"2021-01-20T15:11:54+00:00\",\"dateModified\":\"2025-03-18T09:37:07+00:00\",\"breadcrumb\":{\"@id\":\"https:\/\/zurbaran.devplatform.tech\/en\/administrative-law\/#breadcrumb\"},\"inLanguage\":\"en-US\",\"potentialAction\":[{\"@type\":\"ReadAction\",\"target\":[\"https:\/\/zurbaran.devplatform.tech\/en\/administrative-law\/\"]}]},{\"@type\":\"BreadcrumbList\",\"@id\":\"https:\/\/zurbaran.devplatform.tech\/en\/administrative-law\/#breadcrumb\",\"itemListElement\":[{\"@type\":\"ListItem\",\"position\":1,\"name\":\"Home\",\"item\":\"https:\/\/zurbaran.devplatform.tech\/en\/home\/\"},{\"@type\":\"ListItem\",\"position\":2,\"name\":\"Administrative Law\"}]},{\"@type\":\"WebSite\",\"@id\":\"https:\/\/zurbaran.devplatform.tech\/#website\",\"url\":\"https:\/\/zurbaran.devplatform.tech\/\",\"name\":\"Zurbar\u00e1n Abogados\",\"description\":\"Zurbar\u00e1n Abogados - Legal Solutions\",\"potentialAction\":[{\"@type\":\"SearchAction\",\"target\":{\"@type\":\"EntryPoint\",\"urlTemplate\":\"https:\/\/zurbaran.devplatform.tech\/?s={search_term_string}\"},\"query-input\":\"required name=search_term_string\"}],\"inLanguage\":\"en-US\"}]}<\/script>\n<!-- \/ Yoast SEO plugin. -->","yoast_head_json":{"title":"Administrative Law - Zurbar\u00e1n Abogados","robots":{"index":"index","follow":"follow","max-snippet":"max-snippet:-1","max-image-preview":"max-image-preview:large","max-video-preview":"max-video-preview:-1"},"canonical":"https:\/\/zurbaran.devplatform.tech\/en\/administrative-law\/","og_locale":"en_US","og_type":"article","og_title":"Administrative Law - Zurbar\u00e1n Abogados","og_description":"Defendemos los intereses del cliente ante esta jurisdicci\u00f3n, con especializaci\u00f3n en delitos o faltas de car\u00e1cter econ\u00f3mico, societario, contra la ordenaci\u00f3n del territorio, fiscal, y materias conexas. As\u00ed se procede a la formulaci\u00f3n de querellas, denuncias, asistencias judiciales y cualquier actuaci\u00f3n que requiera presencia de Letrado.","og_url":"https:\/\/zurbaran.devplatform.tech\/en\/administrative-law\/","og_site_name":"Zurbar\u00e1n Abogados","article_modified_time":"2025-03-18T09:37:07+00:00","og_image":[{"width":700,"height":467,"url":"https:\/\/zurbaran.devplatform.tech\/wp-content\/uploads\/2022\/06\/administrativo.jpg","type":"image\/jpeg"}],"twitter_card":"summary_large_image","twitter_misc":{"Est. reading time":"2 minutes"},"schema":{"@context":"https:\/\/schema.org","@graph":[{"@type":"WebPage","@id":"https:\/\/zurbaran.devplatform.tech\/en\/administrative-law\/","url":"https:\/\/zurbaran.devplatform.tech\/en\/administrative-law\/","name":"Administrative Law - Zurbar\u00e1n Abogados","isPartOf":{"@id":"https:\/\/zurbaran.devplatform.tech\/#website"},"datePublished":"2021-01-20T15:11:54+00:00","dateModified":"2025-03-18T09:37:07+00:00","breadcrumb":{"@id":"https:\/\/zurbaran.devplatform.tech\/en\/administrative-law\/#breadcrumb"},"inLanguage":"en-US","potentialAction":[{"@type":"ReadAction","target":["https:\/\/zurbaran.devplatform.tech\/en\/administrative-law\/"]}]},{"@type":"BreadcrumbList","@id":"https:\/\/zurbaran.devplatform.tech\/en\/administrative-law\/#breadcrumb","itemListElement":[{"@type":"ListItem","position":1,"name":"Home","item":"https:\/\/zurbaran.devplatform.tech\/en\/home\/"},{"@type":"ListItem","position":2,"name":"Administrative Law"}]},{"@type":"WebSite","@id":"https:\/\/zurbaran.devplatform.tech\/#website","url":"https:\/\/zurbaran.devplatform.tech\/","name":"Zurbar\u00e1n Abogados","description":"Zurbar\u00e1n Abogados - Legal Solutions","potentialAction":[{"@type":"SearchAction","target":{"@type":"EntryPoint","urlTemplate":"https:\/\/zurbaran.devplatform.tech\/?s={search_term_string}"},"query-input":"required name=search_term_string"}],"inLanguage":"en-US"}]}},"_links":{"self":[{"href":"https:\/\/zurbaran.devplatform.tech\/en\/wp-json\/wp\/v2\/pages\/11597"}],"collection":[{"href":"https:\/\/zurbaran.devplatform.tech\/en\/wp-json\/wp\/v2\/pages"}],"about":[{"href":"https:\/\/zurbaran.devplatform.tech\/en\/wp-json\/wp\/v2\/types\/page"}],"author":[{"embeddable":true,"href":"https:\/\/zurbaran.devplatform.tech\/en\/wp-json\/wp\/v2\/users\/4"}],"replies":[{"embeddable":true,"href":"https:\/\/zurbaran.devplatform.tech\/en\/wp-json\/wp\/v2\/comments?post=11597"}],"version-history":[{"count":9,"href":"https:\/\/zurbaran.devplatform.tech\/en\/wp-json\/wp\/v2\/pages\/11597\/revisions"}],"predecessor-version":[{"id":15721,"href":"https:\/\/zurbaran.devplatform.tech\/en\/wp-json\/wp\/v2\/pages\/11597\/revisions\/15721"}],"wp:featuredmedia":[{"embeddable":true,"href":"https:\/\/zurbaran.devplatform.tech\/en\/wp-json\/wp\/v2\/media\/10801"}],"wp:attachment":[{"href":"https:\/\/zurbaran.devplatform.tech\/en\/wp-json\/wp\/v2\/media?parent=11597"}],"wp:term":[{"taxonomy":"category","embeddable":true,"href":"https:\/\/zurbaran.devplatform.tech\/en\/wp-json\/wp\/v2\/categories?post=11597"},{"taxonomy":"post_tag","embeddable":true,"href":"https:\/\/zurbaran.devplatform.tech\/en\/wp-json\/wp\/v2\/tags?post=11597"}],"curies":[{"name":"wp","href":"https:\/\/api.w.org\/{rel}","templated":true}]}}