{"id":11581,"date":"2020-08-25T09:43:07","date_gmt":"2020-08-25T07:43:07","guid":{"rendered":"https:\/\/zurbaran.devplatform.tech\/la-firma\/"},"modified":"2025-03-18T09:41:05","modified_gmt":"2025-03-18T08:41:05","slug":"the-firm","status":"publish","type":"page","link":"https:\/\/zurbaran.devplatform.tech\/en\/the-firm\/","title":{"rendered":"The Firm"},"content":{"rendered":"<section class=\"wpb-content-wrapper\"><style type=\"text\/css\" data-type=\"vc_cmsms_shortcodes-custom-css\"><\/style><p>[vc_row full_width=&#8221;stretch_row&#8221; content_placement=&#8221;middle&#8221; parallax=&#8221;content-moving&#8221; parallax_image=&#8221;15472&#8243; css=&#8221;.vc_custom_1742287193982{margin-top: 0px !important;border-top-width: 0px !important;padding-top: 0px !important;}&#8221;][vc_column css=&#8221;.vc_custom_1642073463106{margin-top: 70px !important;}&#8221;][vc_custom_heading text=&#8221;The Firm&#8221; font_container=&#8221;tag:h2|font_size:56|text_align:right|color:%23ffffff|line_height:70px&#8221; google_fonts=&#8221;font_family:Merriweather%3A300%2C300italic%2Cregular%2Citalic%2C700%2C700italic%2C900%2C900italic|font_style:700%20bold%20regular%3A700%3Anormal&#8221; css=&#8221;.vc_custom_1742287157340{margin-top: 35px !important;margin-bottom: 80px !important;padding-top: 0px !important;}&#8221;][\/vc_column][\/vc_row][vc_row full_width=&#8221;stretch_row&#8221; gap=&#8221;30&#8243; css=&#8221;.vc_custom_1505724146750{border-top-width: 1px !important;padding-top: 30px !important;padding-bottom: 30px !important;border-top-color: #e0e0e0 !important;border-top-style: solid !important;}&#8221;][vc_column css=&#8221;.vc_custom_1664459786561{padding-top: 0px !important;}&#8221;][vc_custom_heading text=&#8221;Who We Are&#8221; font_container=&#8221;tag:h2|font_size:40|text_align:center|color:%23000000|line_height:54px&#8221; google_fonts=&#8221;font_family:Merriweather%3A300%2C300italic%2Cregular%2Citalic%2C700%2C700italic%2C900%2C900italic|font_style:400%20regular%3A400%3Anormal&#8221; css=&#8221;.vc_custom_1742287259909{margin-top: 20px !important;margin-bottom: 50px !important;}&#8221;][vc_column_text css=&#8221;&#8221;]<span style=\"color: #555555;\">Zurbar\u00e1n Abogados<\/span>\u00a0was established in January 2019 as a result of the merger of Cu\u00e9llar &amp; Asociados and the lawyers Jos\u00e9 Manuel Garc\u00eda-Qu\u00edlez and Ricardo Astorga.<\/p>\n<p>Thanks to the prestige of its associates and professionals, the firm is currently positioned as one of the leading law firms in Spain, with offices in Madrid and Seville.<\/p>\n<p>Since its inception,\u00a0<span style=\"color: #555555;\">Zurbar\u00e1n Abogados<\/span>\u00a0has had a solid international vocation through cooperation with leading law firms in their respective jurisdictions. As a result of these relationships, the firm provides legal advice to international clients with interests in Spain and Spanish clients with interests abroad.<\/p>\n<p>Excellence and in-depth analysis are two of the firm\u2019s hallmarks, complemented by proactivity in the search for the most appropriate solution for each case. In this sense, the firm has highly qualified professionals in the main branches of law, allowing us to offer our clients comprehensive legal advice of the highest level.<\/p>\n<p><span style=\"color: #555555;\">Zurbar\u00e1n Abogados<\/span>\u00a0is distinguished by its eagerness to generate and disseminate knowledge and to promote the talent of new generations of lawyers. Therefore, our associates and professionals provide legal services and contribute actively as lecturers in universities and educational institutions such as Cajasol Institute of Studies, Loyola University, and the University of Seville.<\/p>\n<p>In addition, the firm cooperates with the Pro Bono Foundation to strengthen its objectives and facilitate access to Law and Justice to social organizations that, ordinarily, would not have access to specialized services in these fields.<\/p>\n<p>&nbsp;<\/p>\n<hr \/>\n<p>[\/vc_column_text][\/vc_column][vc_column width=&#8221;1\/4&#8243; css=&#8221;.vc_custom_1505722846835{padding-top: 0px !important;padding-bottom: 0px !important;}&#8221;][vc_custom_heading text=&#8221;Offices&#8221; font_container=&#8221;tag:h2|font_size:22|text_align:left|color:%230a0a0a&#8221; use_theme_fonts=&#8221;yes&#8221; css=&#8221;.vc_custom_1663768700724{padding-top: 5px !important;}&#8221;][vc_column_text css=&#8221;.vc_custom_1726040155463{margin-top: -10px !important;}&#8221;]<\/p>\n<p style=\"text-align: left;\">The offices of <span style=\"color: #555555;\">Zurbar\u00e1n Abogados<\/span> are strategically located in two main Spanish cities: Madrid and Seville.<\/p>\n<p>[\/vc_column_text][\/vc_column][vc_column width=&#8221;3\/4&#8243; css=&#8221;.vc_custom_1505725470015{padding-top: 0px !important;}&#8221;][vc_tta_accordion][vc_tta_section title=&#8221;SEVILLA&#8221; tab_id=&#8221;1483956158796-d5a3db77-b8b8&#8243;][vc_column_text]<strong>&#8211; Managing Partner: <\/strong><a href=\"https:\/\/zurbaran.devplatform.tech\/en\/miguel-cuellar-portero\/\">Miguel Cu\u00e9llar Portero<\/a><br \/>\n<strong>&#8211; Address: <\/strong>Avda. Diego Mart\u00ednez Barrio, 10 &#8211; Planta 4\u00aa Edificio Insur, Sevilla (41013)<br \/>\n<strong>&#8211; Phone: <\/strong>(+34) 954 470 470<br \/>\n<strong>&#8211; Email: <\/strong><a href=\"mailto:sevilla@zurbaran.devplatform.tech\">sevilla@zurbaran.devplatform.tech<\/a><\/p>\n<p><iframe loading=\"lazy\" style=\"border: 0;\" src=\"https:\/\/www.google.com\/maps\/embed?pb=!1m18!1m12!1m3!1d3170.6554097611483!2d-5.9786621843963665!3d37.37432974286949!2m3!1f0!2f0!3f0!3m2!1i1024!2i768!4f13.1!3m3!1m2!1s0xd126e9b97eda8f9%3A0x29f5a339a5367856!2sAv.%20de%20Diego%20Mart%C3%ADnez%20Barrio%2C%2010%2C%2041013%20Sevilla!5e0!3m2!1ses!2ses!4v1654699437548!5m2!1ses!2ses\" width=\"600\" height=\"250\" allowfullscreen=\"allowfullscreen\"><\/iframe>[\/vc_column_text][\/vc_tta_section][vc_tta_section title=&#8221;MADRID&#8221; tab_id=&#8221;1483956159216-ccf1ffaa-f3f3&#8243;][vc_column_text css=&#8221;&#8221;]<strong>&#8211; Managing Partner: <\/strong><a href=\"https:\/\/zurbaran.devplatform.tech\/ricardo-astorga-morano\/\">Ricardo Astorga Morano<\/a><br \/>\n<strong>&#8211; Address: <\/strong>C\/ Don Ram\u00f3n de la Cruz 12, Madrid (28001)<br \/>\n<strong>&#8211; Phone: <\/strong>(+34) 919 996 996<br \/>\n<strong>&#8211; Email: <\/strong><a href=\"mailto:madrid@zurbaran.devplatform.tech\">madrid@zurbaran.devplatform.tech<\/a><\/p>\n<p><iframe loading=\"lazy\" style=\"border: 0;\" src=\"https:\/\/www.google.com\/maps\/embed?pb=!1m18!1m12!1m3!1d3037.0892109033603!2d-3.6881096235719135!3d40.42902345489027!2m3!1f0!2f0!3f0!3m2!1i1024!2i768!4f13.1!3m3!1m2!1s0xd4228942935b829%3A0x9466c9e3e21ad01e!2sCalle%20de%20Don%20Ram%C3%B3n%20de%20la%20Cruz%2C%2012%2C%20Salamanca%2C%2028001%20Madrid!5e0!3m2!1ses!2ses!4v1723045873859!5m2!1ses!2ses\" width=\"600\" height=\"250\" allowfullscreen=\"allowfullscreen\"><\/iframe>[\/vc_column_text][\/vc_tta_section][\/vc_tta_accordion][\/vc_column][\/vc_row]<\/p>\n<\/section>","protected":false},"excerpt":{"rendered":"<p>[vc_row full_width=&#8221;stretch_row&#8221; content_placement=&#8221;middle&#8221; parallax=&#8221;content-moving&#8221; parallax_image=&#8221;15472&#8243; css=&#8221;.vc_custom_1742287193982{margin-top: 0px !important;border-top-width: 0px !important;padding-top: 0px !important;}&#8221;][vc_column css=&#8221;.vc_custom_1642073463106{margin-top: 70px !important;}&#8221;][vc_custom_heading text=&#8221;The Firm&#8221; font_container=&#8221;tag:h2|font_size:56|text_align:right|color:%23ffffff|line_height:70px&#8221; google_fonts=&#8221;font_family:Merriweather%3A300%2C300italic%2Cregular%2Citalic%2C700%2C700italic%2C900%2C900italic|font_style:700%20bold%20regular%3A700%3Anormal&#8221; css=&#8221;.vc_custom_1742287157340{margin-top: 35px !important;margin-bottom: 80px !important;padding-top: 0px !important;}&#8221;][\/vc_column][\/vc_row][vc_row full_width=&#8221;stretch_row&#8221; gap=&#8221;30&#8243; css=&#8221;.vc_custom_1505724146750{border-top-width: 1px !important;padding-top: 30px !important;padding-bottom: 30px !important;border-top-color: #e0e0e0 !important;border-top-style: solid !important;}&#8221;][vc_column css=&#8221;.vc_custom_1664459786561{padding-top: 0px !important;}&#8221;][vc_custom_heading text=&#8221;Who We Are&#8221; font_container=&#8221;tag:h2|font_size:40|text_align:center|color:%23000000|line_height:54px&#8221; google_fonts=&#8221;font_family:Merriweather%3A300%2C300italic%2Cregular%2Citalic%2C700%2C700italic%2C900%2C900italic|font_style:400%20regular%3A400%3Anormal&#8221; css=&#8221;.vc_custom_1742287259909{margin-top: 20px !important;margin-bottom: 50px !important;}&#8221;][vc_column_text css=&#8221;&#8221;]Zurbar\u00e1n Abogados\u00a0was established&#8230;<\/p>\n","protected":false},"author":1,"featured_media":0,"parent":0,"menu_order":0,"comment_status":"closed","ping_status":"closed","template":"","meta":[],"categories":[],"tags":[],"yoast_head":"<!-- This site is optimized with the Yoast SEO plugin v20.10 - https:\/\/yoast.com\/wordpress\/plugins\/seo\/ -->\n<title>The Firm - Zurbar\u00e1n Abogados<\/title>\n<meta name=\"robots\" content=\"index, follow, max-snippet:-1, max-image-preview:large, max-video-preview:-1\" \/>\n<link rel=\"canonical\" href=\"https:\/\/zurbaran.devplatform.tech\/en\/the-firm\/\" \/>\n<meta property=\"og:locale\" content=\"en_US\" \/>\n<meta property=\"og:type\" content=\"article\" \/>\n<meta property=\"og:title\" content=\"The Firm - Zurbar\u00e1n Abogados\" \/>\n<meta property=\"og:description\" content=\"[vc_row full_width=&#8221;stretch_row&#8221; content_placement=&#8221;middle&#8221; parallax=&#8221;content-moving&#8221; parallax_image=&#8221;15472&#8243; css=&#8221;.vc_custom_1742287193982{margin-top: 0px !important;border-top-width: 0px !important;padding-top: 0px !important;}&#8221;][vc_column css=&#8221;.vc_custom_1642073463106{margin-top: 70px !important;}&#8221;][vc_custom_heading text=&#8221;The Firm&#8221; font_container=&#8221;tag:h2|font_size:56|text_align:right|color:%23ffffff|line_height:70px&#8221; google_fonts=&#8221;font_family:Merriweather%3A300%2C300italic%2Cregular%2Citalic%2C700%2C700italic%2C900%2C900italic|font_style:700%20bold%20regular%3A700%3Anormal&#8221; css=&#8221;.vc_custom_1742287157340{margin-top: 35px !important;margin-bottom: 80px !important;padding-top: 0px !important;}&#8221;][\/vc_column][\/vc_row][vc_row full_width=&#8221;stretch_row&#8221; gap=&#8221;30&#8243; css=&#8221;.vc_custom_1505724146750{border-top-width: 1px !important;padding-top: 30px !important;padding-bottom: 30px !important;border-top-color: #e0e0e0 !important;border-top-style: solid !important;}&#8221;][vc_column css=&#8221;.vc_custom_1664459786561{padding-top: 0px !important;}&#8221;][vc_custom_heading text=&#8221;Who We Are&#8221; font_container=&#8221;tag:h2|font_size:40|text_align:center|color:%23000000|line_height:54px&#8221; google_fonts=&#8221;font_family:Merriweather%3A300%2C300italic%2Cregular%2Citalic%2C700%2C700italic%2C900%2C900italic|font_style:400%20regular%3A400%3Anormal&#8221; css=&#8221;.vc_custom_1742287259909{margin-top: 20px !important;margin-bottom: 50px !important;}&#8221;][vc_column_text css=&#8221;&#8221;]Zurbar\u00e1n Abogados\u00a0was established...\" \/>\n<meta property=\"og:url\" content=\"https:\/\/zurbaran.devplatform.tech\/en\/the-firm\/\" \/>\n<meta property=\"og:site_name\" content=\"Zurbar\u00e1n Abogados\" \/>\n<meta property=\"article:modified_time\" content=\"2025-03-18T08:41:05+00:00\" \/>\n<meta name=\"twitter:card\" content=\"summary_large_image\" \/>\n<meta name=\"twitter:label1\" content=\"Est. reading time\" \/>\n\t<meta name=\"twitter:data1\" content=\"2 minutes\" \/>\n<script type=\"application\/ld+json\" class=\"yoast-schema-graph\">{\"@context\":\"https:\/\/schema.org\",\"@graph\":[{\"@type\":\"WebPage\",\"@id\":\"https:\/\/zurbaran.devplatform.tech\/en\/the-firm\/\",\"url\":\"https:\/\/zurbaran.devplatform.tech\/en\/the-firm\/\",\"name\":\"The Firm - Zurbar\u00e1n Abogados\",\"isPartOf\":{\"@id\":\"https:\/\/zurbaran.devplatform.tech\/#website\"},\"datePublished\":\"2020-08-25T07:43:07+00:00\",\"dateModified\":\"2025-03-18T08:41:05+00:00\",\"breadcrumb\":{\"@id\":\"https:\/\/zurbaran.devplatform.tech\/en\/the-firm\/#breadcrumb\"},\"inLanguage\":\"en-US\",\"potentialAction\":[{\"@type\":\"ReadAction\",\"target\":[\"https:\/\/zurbaran.devplatform.tech\/en\/the-firm\/\"]}]},{\"@type\":\"BreadcrumbList\",\"@id\":\"https:\/\/zurbaran.devplatform.tech\/en\/the-firm\/#breadcrumb\",\"itemListElement\":[{\"@type\":\"ListItem\",\"position\":1,\"name\":\"Home\",\"item\":\"https:\/\/zurbaran.devplatform.tech\/en\/home\/\"},{\"@type\":\"ListItem\",\"position\":2,\"name\":\"The Firm\"}]},{\"@type\":\"WebSite\",\"@id\":\"https:\/\/zurbaran.devplatform.tech\/#website\",\"url\":\"https:\/\/zurbaran.devplatform.tech\/\",\"name\":\"Zurbar\u00e1n Abogados\",\"description\":\"Zurbar\u00e1n Abogados - Legal Solutions\",\"potentialAction\":[{\"@type\":\"SearchAction\",\"target\":{\"@type\":\"EntryPoint\",\"urlTemplate\":\"https:\/\/zurbaran.devplatform.tech\/?s={search_term_string}\"},\"query-input\":\"required name=search_term_string\"}],\"inLanguage\":\"en-US\"}]}<\/script>\n<!-- \/ Yoast SEO plugin. -->","yoast_head_json":{"title":"The Firm - Zurbar\u00e1n Abogados","robots":{"index":"index","follow":"follow","max-snippet":"max-snippet:-1","max-image-preview":"max-image-preview:large","max-video-preview":"max-video-preview:-1"},"canonical":"https:\/\/zurbaran.devplatform.tech\/en\/the-firm\/","og_locale":"en_US","og_type":"article","og_title":"The Firm - Zurbar\u00e1n Abogados","og_description":"[vc_row full_width=&#8221;stretch_row&#8221; content_placement=&#8221;middle&#8221; parallax=&#8221;content-moving&#8221; parallax_image=&#8221;15472&#8243; css=&#8221;.vc_custom_1742287193982{margin-top: 0px !important;border-top-width: 0px !important;padding-top: 0px !important;}&#8221;][vc_column css=&#8221;.vc_custom_1642073463106{margin-top: 70px !important;}&#8221;][vc_custom_heading text=&#8221;The Firm&#8221; font_container=&#8221;tag:h2|font_size:56|text_align:right|color:%23ffffff|line_height:70px&#8221; google_fonts=&#8221;font_family:Merriweather%3A300%2C300italic%2Cregular%2Citalic%2C700%2C700italic%2C900%2C900italic|font_style:700%20bold%20regular%3A700%3Anormal&#8221; css=&#8221;.vc_custom_1742287157340{margin-top: 35px !important;margin-bottom: 80px !important;padding-top: 0px !important;}&#8221;][\/vc_column][\/vc_row][vc_row full_width=&#8221;stretch_row&#8221; gap=&#8221;30&#8243; css=&#8221;.vc_custom_1505724146750{border-top-width: 1px !important;padding-top: 30px !important;padding-bottom: 30px !important;border-top-color: #e0e0e0 !important;border-top-style: solid !important;}&#8221;][vc_column css=&#8221;.vc_custom_1664459786561{padding-top: 0px !important;}&#8221;][vc_custom_heading text=&#8221;Who We Are&#8221; font_container=&#8221;tag:h2|font_size:40|text_align:center|color:%23000000|line_height:54px&#8221; google_fonts=&#8221;font_family:Merriweather%3A300%2C300italic%2Cregular%2Citalic%2C700%2C700italic%2C900%2C900italic|font_style:400%20regular%3A400%3Anormal&#8221; css=&#8221;.vc_custom_1742287259909{margin-top: 20px !important;margin-bottom: 50px !important;}&#8221;][vc_column_text css=&#8221;&#8221;]Zurbar\u00e1n Abogados\u00a0was established...","og_url":"https:\/\/zurbaran.devplatform.tech\/en\/the-firm\/","og_site_name":"Zurbar\u00e1n Abogados","article_modified_time":"2025-03-18T08:41:05+00:00","twitter_card":"summary_large_image","twitter_misc":{"Est. reading time":"2 minutes"},"schema":{"@context":"https:\/\/schema.org","@graph":[{"@type":"WebPage","@id":"https:\/\/zurbaran.devplatform.tech\/en\/the-firm\/","url":"https:\/\/zurbaran.devplatform.tech\/en\/the-firm\/","name":"The Firm - Zurbar\u00e1n Abogados","isPartOf":{"@id":"https:\/\/zurbaran.devplatform.tech\/#website"},"datePublished":"2020-08-25T07:43:07+00:00","dateModified":"2025-03-18T08:41:05+00:00","breadcrumb":{"@id":"https:\/\/zurbaran.devplatform.tech\/en\/the-firm\/#breadcrumb"},"inLanguage":"en-US","potentialAction":[{"@type":"ReadAction","target":["https:\/\/zurbaran.devplatform.tech\/en\/the-firm\/"]}]},{"@type":"BreadcrumbList","@id":"https:\/\/zurbaran.devplatform.tech\/en\/the-firm\/#breadcrumb","itemListElement":[{"@type":"ListItem","position":1,"name":"Home","item":"https:\/\/zurbaran.devplatform.tech\/en\/home\/"},{"@type":"ListItem","position":2,"name":"The Firm"}]},{"@type":"WebSite","@id":"https:\/\/zurbaran.devplatform.tech\/#website","url":"https:\/\/zurbaran.devplatform.tech\/","name":"Zurbar\u00e1n Abogados","description":"Zurbar\u00e1n Abogados - Legal Solutions","potentialAction":[{"@type":"SearchAction","target":{"@type":"EntryPoint","urlTemplate":"https:\/\/zurbaran.devplatform.tech\/?s={search_term_string}"},"query-input":"required name=search_term_string"}],"inLanguage":"en-US"}]}},"_links":{"self":[{"href":"https:\/\/zurbaran.devplatform.tech\/en\/wp-json\/wp\/v2\/pages\/11581"}],"collection":[{"href":"https:\/\/zurbaran.devplatform.tech\/en\/wp-json\/wp\/v2\/pages"}],"about":[{"href":"https:\/\/zurbaran.devplatform.tech\/en\/wp-json\/wp\/v2\/types\/page"}],"author":[{"embeddable":true,"href":"https:\/\/zurbaran.devplatform.tech\/en\/wp-json\/wp\/v2\/users\/1"}],"replies":[{"embeddable":true,"href":"https:\/\/zurbaran.devplatform.tech\/en\/wp-json\/wp\/v2\/comments?post=11581"}],"version-history":[{"count":19,"href":"https:\/\/zurbaran.devplatform.tech\/en\/wp-json\/wp\/v2\/pages\/11581\/revisions"}],"predecessor-version":[{"id":15711,"href":"https:\/\/zurbaran.devplatform.tech\/en\/wp-json\/wp\/v2\/pages\/11581\/revisions\/15711"}],"wp:attachment":[{"href":"https:\/\/zurbaran.devplatform.tech\/en\/wp-json\/wp\/v2\/media?parent=11581"}],"wp:term":[{"taxonomy":"category","embeddable":true,"href":"https:\/\/zurbaran.devplatform.tech\/en\/wp-json\/wp\/v2\/categories?post=11581"},{"taxonomy":"post_tag","embeddable":true,"href":"https:\/\/zurbaran.devplatform.tech\/en\/wp-json\/wp\/v2\/tags?post=11581"}],"curies":[{"name":"wp","href":"https:\/\/api.w.org\/{rel}","templated":true}]}}