{"id":11576,"date":"2021-01-20T16:35:18","date_gmt":"2021-01-20T15:35:18","guid":{"rendered":"https:\/\/zurbaran.devplatform.tech\/energia\/"},"modified":"2025-03-18T10:33:53","modified_gmt":"2025-03-18T09:33:53","slug":"energy","status":"publish","type":"page","link":"https:\/\/zurbaran.devplatform.tech\/en\/energy\/","title":{"rendered":"Energy"},"content":{"rendered":"<section class=\"wpb-content-wrapper\"><style type=\"text\/css\" data-type=\"vc_cmsms_shortcodes-custom-css\"><\/style><p>[vc_row full_width=&#8221;stretch_row&#8221; content_placement=&#8221;middle&#8221; parallax=&#8221;content-moving&#8221; parallax_image=&#8221;15572&#8243; css=&#8221;.vc_custom_1742290416888{margin-top: 0px !important;border-top-width: 0px !important;padding-top: 0px !important;}&#8221;][vc_column css=&#8221;.vc_custom_1642088459357{margin-top: 70px !important;}&#8221;][vc_custom_heading text=&#8221;Areas of Practice&#8221; font_container=&#8221;tag:h2|font_size:56|text_align:right|color:%23ffffff|line_height:70px&#8221; google_fonts=&#8221;font_family:Merriweather%3A300%2C300italic%2Cregular%2Citalic%2C700%2C700italic%2C900%2C900italic|font_style:700%20bold%20regular%3A700%3Anormal&#8221; css=&#8221;.vc_custom_1742289528916{margin-top: 35px !important;margin-bottom: 80px !important;}&#8221;][\/vc_column][\/vc_row][vc_row][vc_column][vc_custom_heading text=&#8221;Energy&#8221; font_container=&#8221;tag:h2|font_size:45|text_align:center|line_height:50px&#8221; google_fonts=&#8221;font_family:Merriweather%3A300%2C300italic%2Cregular%2Citalic%2C700%2C700italic%2C900%2C900italic|font_style:400%20regular%3A400%3Anormal&#8221; css=&#8221;.vc_custom_1742290429459{margin-bottom: 15px !important;}&#8221;][\/vc_column][\/vc_row][vc_row css=&#8221;.vc_custom_1598269582888{margin-top: 20px !important;}&#8221;][vc_column width=&#8221;3\/4&#8243;][vc_column_text]The Energy Department advises our clients on renewable energy matters across various transactions, including wind, photovoltaic, hydroelectric, and biomass technologies. The actions are carried out by a cross-disciplinary team of professionals specialized in commercial, regulatory, environmental, financial, tax, and litigation to meet the particular requirements of an area in constant growth and development.<\/p>\n<p>Our services cover the complete legal advice in processing renewable energy projects in the different technologies, up to the\u00a0<em>ready-to-build <\/em>situation.<\/p>\n<p>We advise our clients on the purchase and sale of projects and their financing, including legal\u00a0and <em>due diligence<\/em>\u00a0processes.<\/p>\n<p>We also participate in the formalization of contracts for co-development, construction, EPC, BOP, supplies of wind turbines, photovoltaic modules, structures and trackers, inverters, etc., and the operation and maintenance contracts for the generation facilities and the lease contracts for the land of each project.<\/p>\n<p>The multidisciplinary nature of the team allows us to assume the legal management of administrative (e.g., before the CNMC), judicial, or arbitration proceedings, on the occasion of incidents of all kinds typical of this practice.[\/vc_column_text][\/vc_column][vc_column width=&#8221;1\/2&#8243; css=&#8221;.vc_custom_1657721842071{margin-top: 5px !important;margin-bottom: 30px !important;padding-top: 0px !important;padding-right: 5px !important;padding-left: 30px !important;background-position: center !important;background-repeat: no-repeat !important;background-size: cover !important;}&#8221; offset=&#8221;vc_col-lg-3 vc_col-xs-12&#8243; el_id=&#8221;perfiles-del-area&#8221;][vc_single_image image=&#8221;10806&#8243; img_size=&#8221;full&#8221;][\/vc_column][\/vc_row]<\/p>\n<\/section>","protected":false},"excerpt":{"rendered":"<p>Asesoramos a nuestros clientes en materia de energ\u00edas renovables en un amplio espectro de transacciones, incluyendo las siguientes tecnolog\u00edas: e\u00f3lica, fotovoltaica y biomasa. Las acciones se llevan a cabo por un equipo transversal de profesionales especialistas en mercantil, regulatorio, medioambiente, financiero, tributario y procesal\/arbitraje, a fin de cumplir con los requerimientos particulares de un \u00e1rea en constante crecimiento y evoluci\u00f3n.<\/p>\n","protected":false},"author":4,"featured_media":10807,"parent":0,"menu_order":0,"comment_status":"closed","ping_status":"closed","template":"","meta":[],"categories":[79,83],"tags":[],"yoast_head":"<!-- This site is optimized with the Yoast SEO plugin v20.10 - https:\/\/yoast.com\/wordpress\/plugins\/seo\/ -->\n<title>Energy - Zurbar\u00e1n Abogados<\/title>\n<meta name=\"robots\" content=\"index, follow, max-snippet:-1, max-image-preview:large, max-video-preview:-1\" \/>\n<link rel=\"canonical\" href=\"https:\/\/zurbaran.devplatform.tech\/en\/energy\/\" \/>\n<meta property=\"og:locale\" content=\"en_US\" \/>\n<meta property=\"og:type\" content=\"article\" \/>\n<meta property=\"og:title\" content=\"Energy - Zurbar\u00e1n Abogados\" \/>\n<meta property=\"og:description\" content=\"Asesoramos a nuestros clientes en materia de energ\u00edas renovables en un amplio espectro de transacciones, incluyendo las siguientes tecnolog\u00edas: e\u00f3lica, fotovoltaica y biomasa. Las acciones se llevan a cabo por un equipo transversal de profesionales especialistas en mercantil, regulatorio, medioambiente, financiero, tributario y procesal\/arbitraje, a fin de cumplir con los requerimientos particulares de un \u00e1rea en constante crecimiento y evoluci\u00f3n.\" \/>\n<meta property=\"og:url\" content=\"https:\/\/zurbaran.devplatform.tech\/en\/energy\/\" \/>\n<meta property=\"og:site_name\" content=\"Zurbar\u00e1n Abogados\" \/>\n<meta property=\"article:modified_time\" content=\"2025-03-18T09:33:53+00:00\" \/>\n<meta property=\"og:image\" content=\"https:\/\/zurbaran.devplatform.tech\/wp-content\/uploads\/2022\/06\/energia.jpg\" \/>\n\t<meta property=\"og:image:width\" content=\"700\" \/>\n\t<meta property=\"og:image:height\" content=\"467\" \/>\n\t<meta property=\"og:image:type\" content=\"image\/jpeg\" \/>\n<meta name=\"twitter:card\" content=\"summary_large_image\" \/>\n<meta name=\"twitter:label1\" content=\"Est. reading time\" \/>\n\t<meta name=\"twitter:data1\" content=\"2 minutes\" \/>\n<script type=\"application\/ld+json\" class=\"yoast-schema-graph\">{\"@context\":\"https:\/\/schema.org\",\"@graph\":[{\"@type\":\"WebPage\",\"@id\":\"https:\/\/zurbaran.devplatform.tech\/en\/energy\/\",\"url\":\"https:\/\/zurbaran.devplatform.tech\/en\/energy\/\",\"name\":\"Energy - Zurbar\u00e1n Abogados\",\"isPartOf\":{\"@id\":\"https:\/\/zurbaran.devplatform.tech\/#website\"},\"datePublished\":\"2021-01-20T15:35:18+00:00\",\"dateModified\":\"2025-03-18T09:33:53+00:00\",\"breadcrumb\":{\"@id\":\"https:\/\/zurbaran.devplatform.tech\/en\/energy\/#breadcrumb\"},\"inLanguage\":\"en-US\",\"potentialAction\":[{\"@type\":\"ReadAction\",\"target\":[\"https:\/\/zurbaran.devplatform.tech\/en\/energy\/\"]}]},{\"@type\":\"BreadcrumbList\",\"@id\":\"https:\/\/zurbaran.devplatform.tech\/en\/energy\/#breadcrumb\",\"itemListElement\":[{\"@type\":\"ListItem\",\"position\":1,\"name\":\"Home\",\"item\":\"https:\/\/zurbaran.devplatform.tech\/en\/home\/\"},{\"@type\":\"ListItem\",\"position\":2,\"name\":\"Energy\"}]},{\"@type\":\"WebSite\",\"@id\":\"https:\/\/zurbaran.devplatform.tech\/#website\",\"url\":\"https:\/\/zurbaran.devplatform.tech\/\",\"name\":\"Zurbar\u00e1n Abogados\",\"description\":\"Zurbar\u00e1n Abogados - Legal Solutions\",\"potentialAction\":[{\"@type\":\"SearchAction\",\"target\":{\"@type\":\"EntryPoint\",\"urlTemplate\":\"https:\/\/zurbaran.devplatform.tech\/?s={search_term_string}\"},\"query-input\":\"required name=search_term_string\"}],\"inLanguage\":\"en-US\"}]}<\/script>\n<!-- \/ Yoast SEO plugin. -->","yoast_head_json":{"title":"Energy - Zurbar\u00e1n Abogados","robots":{"index":"index","follow":"follow","max-snippet":"max-snippet:-1","max-image-preview":"max-image-preview:large","max-video-preview":"max-video-preview:-1"},"canonical":"https:\/\/zurbaran.devplatform.tech\/en\/energy\/","og_locale":"en_US","og_type":"article","og_title":"Energy - Zurbar\u00e1n Abogados","og_description":"Asesoramos a nuestros clientes en materia de energ\u00edas renovables en un amplio espectro de transacciones, incluyendo las siguientes tecnolog\u00edas: e\u00f3lica, fotovoltaica y biomasa. Las acciones se llevan a cabo por un equipo transversal de profesionales especialistas en mercantil, regulatorio, medioambiente, financiero, tributario y procesal\/arbitraje, a fin de cumplir con los requerimientos particulares de un \u00e1rea en constante crecimiento y evoluci\u00f3n.","og_url":"https:\/\/zurbaran.devplatform.tech\/en\/energy\/","og_site_name":"Zurbar\u00e1n Abogados","article_modified_time":"2025-03-18T09:33:53+00:00","og_image":[{"width":700,"height":467,"url":"https:\/\/zurbaran.devplatform.tech\/wp-content\/uploads\/2022\/06\/energia.jpg","type":"image\/jpeg"}],"twitter_card":"summary_large_image","twitter_misc":{"Est. reading time":"2 minutes"},"schema":{"@context":"https:\/\/schema.org","@graph":[{"@type":"WebPage","@id":"https:\/\/zurbaran.devplatform.tech\/en\/energy\/","url":"https:\/\/zurbaran.devplatform.tech\/en\/energy\/","name":"Energy - Zurbar\u00e1n Abogados","isPartOf":{"@id":"https:\/\/zurbaran.devplatform.tech\/#website"},"datePublished":"2021-01-20T15:35:18+00:00","dateModified":"2025-03-18T09:33:53+00:00","breadcrumb":{"@id":"https:\/\/zurbaran.devplatform.tech\/en\/energy\/#breadcrumb"},"inLanguage":"en-US","potentialAction":[{"@type":"ReadAction","target":["https:\/\/zurbaran.devplatform.tech\/en\/energy\/"]}]},{"@type":"BreadcrumbList","@id":"https:\/\/zurbaran.devplatform.tech\/en\/energy\/#breadcrumb","itemListElement":[{"@type":"ListItem","position":1,"name":"Home","item":"https:\/\/zurbaran.devplatform.tech\/en\/home\/"},{"@type":"ListItem","position":2,"name":"Energy"}]},{"@type":"WebSite","@id":"https:\/\/zurbaran.devplatform.tech\/#website","url":"https:\/\/zurbaran.devplatform.tech\/","name":"Zurbar\u00e1n Abogados","description":"Zurbar\u00e1n Abogados - Legal Solutions","potentialAction":[{"@type":"SearchAction","target":{"@type":"EntryPoint","urlTemplate":"https:\/\/zurbaran.devplatform.tech\/?s={search_term_string}"},"query-input":"required name=search_term_string"}],"inLanguage":"en-US"}]}},"_links":{"self":[{"href":"https:\/\/zurbaran.devplatform.tech\/en\/wp-json\/wp\/v2\/pages\/11576"}],"collection":[{"href":"https:\/\/zurbaran.devplatform.tech\/en\/wp-json\/wp\/v2\/pages"}],"about":[{"href":"https:\/\/zurbaran.devplatform.tech\/en\/wp-json\/wp\/v2\/types\/page"}],"author":[{"embeddable":true,"href":"https:\/\/zurbaran.devplatform.tech\/en\/wp-json\/wp\/v2\/users\/4"}],"replies":[{"embeddable":true,"href":"https:\/\/zurbaran.devplatform.tech\/en\/wp-json\/wp\/v2\/comments?post=11576"}],"version-history":[{"count":9,"href":"https:\/\/zurbaran.devplatform.tech\/en\/wp-json\/wp\/v2\/pages\/11576\/revisions"}],"predecessor-version":[{"id":15720,"href":"https:\/\/zurbaran.devplatform.tech\/en\/wp-json\/wp\/v2\/pages\/11576\/revisions\/15720"}],"wp:featuredmedia":[{"embeddable":true,"href":"https:\/\/zurbaran.devplatform.tech\/en\/wp-json\/wp\/v2\/media\/10807"}],"wp:attachment":[{"href":"https:\/\/zurbaran.devplatform.tech\/en\/wp-json\/wp\/v2\/media?parent=11576"}],"wp:term":[{"taxonomy":"category","embeddable":true,"href":"https:\/\/zurbaran.devplatform.tech\/en\/wp-json\/wp\/v2\/categories?post=11576"},{"taxonomy":"post_tag","embeddable":true,"href":"https:\/\/zurbaran.devplatform.tech\/en\/wp-json\/wp\/v2\/tags?post=11576"}],"curies":[{"name":"wp","href":"https:\/\/api.w.org\/{rel}","templated":true}]}}