{"id":11572,"date":"2021-01-20T15:49:03","date_gmt":"2021-01-20T14:49:03","guid":{"rendered":"https:\/\/zurbaran.devplatform.tech\/litigacion\/"},"modified":"2025-03-18T10:32:27","modified_gmt":"2025-03-18T09:32:27","slug":"litigation","status":"publish","type":"page","link":"https:\/\/zurbaran.devplatform.tech\/en\/litigation\/","title":{"rendered":"Litigation"},"content":{"rendered":"<section class=\"wpb-content-wrapper\"><style type=\"text\/css\" data-type=\"vc_cmsms_shortcodes-custom-css\"><\/style><p>[vc_row full_width=&#8221;stretch_row&#8221; content_placement=&#8221;middle&#8221; parallax=&#8221;content-moving&#8221; parallax_image=&#8221;15640&#8243; css=&#8221;.vc_custom_1742290332501{margin-top: 0px !important;border-top-width: 0px !important;padding-top: 0px !important;}&#8221;][vc_column css=&#8221;.vc_custom_1642088459357{margin-top: 70px !important;}&#8221;][vc_custom_heading text=&#8221;Areas of Practice&#8221; font_container=&#8221;tag:h2|font_size:56|text_align:right|color:%23ffffff|line_height:70px&#8221; google_fonts=&#8221;font_family:Merriweather%3A300%2C300italic%2Cregular%2Citalic%2C700%2C700italic%2C900%2C900italic|font_style:700%20bold%20regular%3A700%3Anormal&#8221; css=&#8221;.vc_custom_1742289528916{margin-top: 35px !important;margin-bottom: 80px !important;}&#8221;][\/vc_column][\/vc_row][vc_row][vc_column][vc_custom_heading text=&#8221;Litigation&#8221; font_container=&#8221;tag:h2|font_size:45|text_align:center|line_height:50px&#8221; google_fonts=&#8221;font_family:Merriweather%3A300%2C300italic%2Cregular%2Citalic%2C700%2C700italic%2C900%2C900italic|font_style:400%20regular%3A400%3Anormal&#8221; css=&#8221;.vc_custom_1742290343668{margin-top: 20px !important;margin-bottom: 20px !important;}&#8221;][\/vc_column][\/vc_row][vc_row css=&#8221;.vc_custom_1657721651402{margin-top: 20px !important;}&#8221;][vc_column width=&#8221;3\/4&#8243;][vc_column_text css=&#8221;&#8221;]The intervention of our Litigation Department begins in the pre-litigation phase, analyzing the client&#8217;s interests in each case, outlining by mutual agreement the strategy to achieve those interests, and advising on an eventual agreement that will end the controversy. In cases where it is impossible to resolve conflicts out of court or by agreement, and it is necessary to resort to litigation, the Department is responsible for organizing with the client and executing the most appropriate and effective defense for each case.<\/p>\n<p>Our services include the defense of the client&#8217;s interests in proceedings before the civil and commercial jurisdiction, such as in matters of compliance or termination of contracts, civil liability claims, industrial and intellectual property, unfair competition, etc.<\/p>\n<p>We also have a team dedicated to criminal law to defend the client&#8217;s interests in proceedings in this area, especially in crimes of an economic, corporate, land use planning, or tax nature.<\/p>\n<p>On the other hand, the Litigation Department handles all types of banking litigation (floor clauses, swaps, bonds, preferred shares, etc.), representing clients and financial institutions.<\/p>\n<p><a href=\"\/wp-content\/uploads\/2024\/09\/DOSIER-PROCESAL-ZURBARAN-Rev2.pdf\"><img decoding=\"async\" loading=\"lazy\" class=\"alignnone wp-image-12869\" src=\"https:\/\/zurbaran.devplatform.tech\/wp-content\/uploads\/2022\/11\/download-en-300x58.png\" alt=\"\" width=\"254\" height=\"49\" srcset=\"https:\/\/zurbaran.devplatform.tech\/wp-content\/uploads\/2022\/11\/download-en-300x58.png 300w, https:\/\/zurbaran.devplatform.tech\/wp-content\/uploads\/2022\/11\/download-en-600x116.png 600w, https:\/\/zurbaran.devplatform.tech\/wp-content\/uploads\/2022\/11\/download-en.png 750w\" sizes=\"(max-width: 254px) 100vw, 254px\" \/><\/a>[\/vc_column_text][\/vc_column][vc_column width=&#8221;1\/2&#8243; css=&#8221;.vc_custom_1657721694151{margin-top: 0px !important;margin-bottom: 30px !important;padding-top: 0px !important;padding-right: 5px !important;padding-left: 30px !important;background-position: center !important;background-repeat: no-repeat !important;background-size: cover !important;}&#8221; offset=&#8221;vc_col-lg-3 vc_col-xs-12&#8243; el_id=&#8221;perfiles-del-area&#8221;][vc_single_image image=&#8221;10812&#8243; img_size=&#8221;full&#8221;][cmsms_profile uniqid=&#8221;cmsms_shcd_6336d4b130c175_44025681&#8243; image=&#8221;12622&#8243; title=&#8221;Jos\u00e9 Manuel Garc\u00eda-Qu\u00edlez G\u00f3mez&#8221; subtitle=&#8221;Partner&#8221; icons=&#8221;%5B%7B%7D%5D&#8221; text=&#8221;<!--Especializado en la pr\u00e1ctica procesal civil y penal, es \u00e1rbitro en la Asociaci\u00f3n para el Ejercicio de la Mediaci\u00f3n y el Arbitraje (ASEMARB) y Miembro del Chartered Institute of Arbitrators (CIArb).-->&#8221; css=&#8221;.vc_custom_1664537783781{margin-bottom: 0px !important;}&#8221; link=&#8221;url:https%3A%2F%2Fzurbaran.devplatform.tech%2Fen%2Fjose-manuel-garcia-quilez-gomez%2F|title:Jos%C3%A9%20Manuel%20Garc%C3%ADa-Qu%C3%ADlez%20G%C3%B3mez||&#8221;][cmsms_profile uniqid=&#8221;cmsms_shcd_632c842c97ac03_10296980&#8243; image=&#8221;11730&#8243; title=&#8221;Adolfo Cu\u00e9llar Portero&#8221; subtitle=&#8221;Partner&#8221; icons=&#8221;%5B%7B%7D%5D&#8221; text=&#8221;<!--Vicedecano de la Junta de Gobierno del Ilustre Colegio de Abogados de Sevilla, Consejero del Colegio Andaluz de Colegios de Abogados, Vicepresidente de la Comisi\u00f3n Ejecutiva de la Asociaci\u00f3n para el ejercicio de la Mediaci\u00f3n y Arbitraje de Sevilla.-->&#8221; css=&#8221;.vc_custom_1663861806956{margin-bottom: 0px !important;}&#8221; link=&#8221;url:https%3A%2F%2Fzurbaran.devplatform.tech%2Fen%2Fadolfo-cuellar-portero%2F|title:Adolfo%20Cu%C3%A9llar%20Portero||&#8221;][\/vc_column][\/vc_row]<\/p>\n<\/section>","protected":false},"excerpt":{"rendered":"<p>Asesoramiento, asistencia y defensa jur\u00eddica en las principales relaciones constituyentes del \u00e1rea, entre las que se encuentran la negociaci\u00f3n y redacci\u00f3n de toda clase de contratos, resoluci\u00f3n por la v\u00eda judicial o extrajudicial de conflictos relacionados con diferentes tipos de arrendamientos o asistencia jur\u00eddica en relaci\u00f3n con propiedad industrial e intelectual y otros derechos inmateriales.<\/p>\n","protected":false},"author":4,"featured_media":10813,"parent":0,"menu_order":0,"comment_status":"closed","ping_status":"closed","template":"","meta":[],"categories":[79,82],"tags":[],"yoast_head":"<!-- This site is optimized with the Yoast SEO plugin v20.10 - https:\/\/yoast.com\/wordpress\/plugins\/seo\/ -->\n<title>Litigation - Zurbar\u00e1n Abogados<\/title>\n<meta name=\"robots\" content=\"index, follow, max-snippet:-1, max-image-preview:large, max-video-preview:-1\" \/>\n<link rel=\"canonical\" href=\"https:\/\/zurbaran.devplatform.tech\/en\/litigation\/\" \/>\n<meta property=\"og:locale\" content=\"en_US\" \/>\n<meta property=\"og:type\" content=\"article\" \/>\n<meta property=\"og:title\" content=\"Litigation - Zurbar\u00e1n Abogados\" \/>\n<meta property=\"og:description\" content=\"Asesoramiento, asistencia y defensa jur\u00eddica en las principales relaciones constituyentes del \u00e1rea, entre las que se encuentran la negociaci\u00f3n y redacci\u00f3n de toda clase de contratos, resoluci\u00f3n por la v\u00eda judicial o extrajudicial de conflictos relacionados con diferentes tipos de arrendamientos o asistencia jur\u00eddica en relaci\u00f3n con propiedad industrial e intelectual y otros derechos inmateriales.\" \/>\n<meta property=\"og:url\" content=\"https:\/\/zurbaran.devplatform.tech\/en\/litigation\/\" \/>\n<meta property=\"og:site_name\" content=\"Zurbar\u00e1n Abogados\" \/>\n<meta property=\"article:modified_time\" content=\"2025-03-18T09:32:27+00:00\" \/>\n<meta property=\"og:image\" content=\"https:\/\/zurbaran.devplatform.tech\/wp-content\/uploads\/2022\/06\/litigacion.jpg\" \/>\n\t<meta property=\"og:image:width\" content=\"700\" \/>\n\t<meta property=\"og:image:height\" content=\"467\" \/>\n\t<meta property=\"og:image:type\" content=\"image\/jpeg\" \/>\n<meta name=\"twitter:card\" content=\"summary_large_image\" \/>\n<meta name=\"twitter:label1\" content=\"Est. reading time\" \/>\n\t<meta name=\"twitter:data1\" content=\"3 minutes\" \/>\n<script type=\"application\/ld+json\" class=\"yoast-schema-graph\">{\"@context\":\"https:\/\/schema.org\",\"@graph\":[{\"@type\":\"WebPage\",\"@id\":\"https:\/\/zurbaran.devplatform.tech\/en\/litigation\/\",\"url\":\"https:\/\/zurbaran.devplatform.tech\/en\/litigation\/\",\"name\":\"Litigation - Zurbar\u00e1n Abogados\",\"isPartOf\":{\"@id\":\"https:\/\/zurbaran.devplatform.tech\/#website\"},\"datePublished\":\"2021-01-20T14:49:03+00:00\",\"dateModified\":\"2025-03-18T09:32:27+00:00\",\"breadcrumb\":{\"@id\":\"https:\/\/zurbaran.devplatform.tech\/en\/litigation\/#breadcrumb\"},\"inLanguage\":\"en-US\",\"potentialAction\":[{\"@type\":\"ReadAction\",\"target\":[\"https:\/\/zurbaran.devplatform.tech\/en\/litigation\/\"]}]},{\"@type\":\"BreadcrumbList\",\"@id\":\"https:\/\/zurbaran.devplatform.tech\/en\/litigation\/#breadcrumb\",\"itemListElement\":[{\"@type\":\"ListItem\",\"position\":1,\"name\":\"Home\",\"item\":\"https:\/\/zurbaran.devplatform.tech\/en\/home\/\"},{\"@type\":\"ListItem\",\"position\":2,\"name\":\"Litigation\"}]},{\"@type\":\"WebSite\",\"@id\":\"https:\/\/zurbaran.devplatform.tech\/#website\",\"url\":\"https:\/\/zurbaran.devplatform.tech\/\",\"name\":\"Zurbar\u00e1n Abogados\",\"description\":\"Zurbar\u00e1n Abogados - Legal Solutions\",\"potentialAction\":[{\"@type\":\"SearchAction\",\"target\":{\"@type\":\"EntryPoint\",\"urlTemplate\":\"https:\/\/zurbaran.devplatform.tech\/?s={search_term_string}\"},\"query-input\":\"required name=search_term_string\"}],\"inLanguage\":\"en-US\"}]}<\/script>\n<!-- \/ Yoast SEO plugin. -->","yoast_head_json":{"title":"Litigation - Zurbar\u00e1n Abogados","robots":{"index":"index","follow":"follow","max-snippet":"max-snippet:-1","max-image-preview":"max-image-preview:large","max-video-preview":"max-video-preview:-1"},"canonical":"https:\/\/zurbaran.devplatform.tech\/en\/litigation\/","og_locale":"en_US","og_type":"article","og_title":"Litigation - Zurbar\u00e1n Abogados","og_description":"Asesoramiento, asistencia y defensa jur\u00eddica en las principales relaciones constituyentes del \u00e1rea, entre las que se encuentran la negociaci\u00f3n y redacci\u00f3n de toda clase de contratos, resoluci\u00f3n por la v\u00eda judicial o extrajudicial de conflictos relacionados con diferentes tipos de arrendamientos o asistencia jur\u00eddica en relaci\u00f3n con propiedad industrial e intelectual y otros derechos inmateriales.","og_url":"https:\/\/zurbaran.devplatform.tech\/en\/litigation\/","og_site_name":"Zurbar\u00e1n Abogados","article_modified_time":"2025-03-18T09:32:27+00:00","og_image":[{"width":700,"height":467,"url":"https:\/\/zurbaran.devplatform.tech\/wp-content\/uploads\/2022\/06\/litigacion.jpg","type":"image\/jpeg"}],"twitter_card":"summary_large_image","twitter_misc":{"Est. reading time":"3 minutes"},"schema":{"@context":"https:\/\/schema.org","@graph":[{"@type":"WebPage","@id":"https:\/\/zurbaran.devplatform.tech\/en\/litigation\/","url":"https:\/\/zurbaran.devplatform.tech\/en\/litigation\/","name":"Litigation - Zurbar\u00e1n Abogados","isPartOf":{"@id":"https:\/\/zurbaran.devplatform.tech\/#website"},"datePublished":"2021-01-20T14:49:03+00:00","dateModified":"2025-03-18T09:32:27+00:00","breadcrumb":{"@id":"https:\/\/zurbaran.devplatform.tech\/en\/litigation\/#breadcrumb"},"inLanguage":"en-US","potentialAction":[{"@type":"ReadAction","target":["https:\/\/zurbaran.devplatform.tech\/en\/litigation\/"]}]},{"@type":"BreadcrumbList","@id":"https:\/\/zurbaran.devplatform.tech\/en\/litigation\/#breadcrumb","itemListElement":[{"@type":"ListItem","position":1,"name":"Home","item":"https:\/\/zurbaran.devplatform.tech\/en\/home\/"},{"@type":"ListItem","position":2,"name":"Litigation"}]},{"@type":"WebSite","@id":"https:\/\/zurbaran.devplatform.tech\/#website","url":"https:\/\/zurbaran.devplatform.tech\/","name":"Zurbar\u00e1n Abogados","description":"Zurbar\u00e1n Abogados - Legal Solutions","potentialAction":[{"@type":"SearchAction","target":{"@type":"EntryPoint","urlTemplate":"https:\/\/zurbaran.devplatform.tech\/?s={search_term_string}"},"query-input":"required name=search_term_string"}],"inLanguage":"en-US"}]}},"_links":{"self":[{"href":"https:\/\/zurbaran.devplatform.tech\/en\/wp-json\/wp\/v2\/pages\/11572"}],"collection":[{"href":"https:\/\/zurbaran.devplatform.tech\/en\/wp-json\/wp\/v2\/pages"}],"about":[{"href":"https:\/\/zurbaran.devplatform.tech\/en\/wp-json\/wp\/v2\/types\/page"}],"author":[{"embeddable":true,"href":"https:\/\/zurbaran.devplatform.tech\/en\/wp-json\/wp\/v2\/users\/4"}],"replies":[{"embeddable":true,"href":"https:\/\/zurbaran.devplatform.tech\/en\/wp-json\/wp\/v2\/comments?post=11572"}],"version-history":[{"count":11,"href":"https:\/\/zurbaran.devplatform.tech\/en\/wp-json\/wp\/v2\/pages\/11572\/revisions"}],"predecessor-version":[{"id":15719,"href":"https:\/\/zurbaran.devplatform.tech\/en\/wp-json\/wp\/v2\/pages\/11572\/revisions\/15719"}],"wp:featuredmedia":[{"embeddable":true,"href":"https:\/\/zurbaran.devplatform.tech\/en\/wp-json\/wp\/v2\/media\/10813"}],"wp:attachment":[{"href":"https:\/\/zurbaran.devplatform.tech\/en\/wp-json\/wp\/v2\/media?parent=11572"}],"wp:term":[{"taxonomy":"category","embeddable":true,"href":"https:\/\/zurbaran.devplatform.tech\/en\/wp-json\/wp\/v2\/categories?post=11572"},{"taxonomy":"post_tag","embeddable":true,"href":"https:\/\/zurbaran.devplatform.tech\/en\/wp-json\/wp\/v2\/tags?post=11572"}],"curies":[{"name":"wp","href":"https:\/\/api.w.org\/{rel}","templated":true}]}}