{"id":11568,"date":"2020-08-24T13:46:52","date_gmt":"2020-08-24T11:46:52","guid":{"rendered":"https:\/\/zurbaran.devplatform.tech\/mercantil\/"},"modified":"2025-03-18T10:30:44","modified_gmt":"2025-03-18T09:30:44","slug":"commercial","status":"publish","type":"page","link":"https:\/\/zurbaran.devplatform.tech\/en\/commercial\/","title":{"rendered":"Commercial"},"content":{"rendered":"<section class=\"wpb-content-wrapper\"><style type=\"text\/css\" data-type=\"vc_cmsms_shortcodes-custom-css\"><\/style><p>[vc_row full_width=&#8221;stretch_row&#8221; content_placement=&#8221;middle&#8221; parallax=&#8221;content-moving&#8221; parallax_image=&#8221;15578&#8243; css=&#8221;.vc_custom_1742290205164{margin-top: 0px !important;border-top-width: 0px !important;padding-top: 0px !important;}&#8221;][vc_column css=&#8221;.vc_custom_1642088459357{margin-top: 70px !important;}&#8221;][vc_custom_heading text=&#8221;Areas of Practice&#8221; font_container=&#8221;tag:h2|font_size:56|text_align:right|color:%23ffffff|line_height:70px&#8221; google_fonts=&#8221;font_family:Merriweather%3A300%2C300italic%2Cregular%2Citalic%2C700%2C700italic%2C900%2C900italic|font_style:700%20bold%20regular%3A700%3Anormal&#8221; css=&#8221;.vc_custom_1742290240957{margin-top: 35px !important;margin-bottom: 80px !important;}&#8221;][\/vc_column][\/vc_row][vc_row full_width=&#8221;stretch_row&#8221; parallax=&#8221;content-moving&#8221;][vc_column css=&#8221;.vc_custom_1657118515473{margin-top: 0px !important;}&#8221;][vc_custom_heading text=&#8221;Commercial Law&#8221; font_container=&#8221;tag:h2|font_size:45|text_align:center|color:%23000000|line_height:50px&#8221; google_fonts=&#8221;font_family:Merriweather%3A300%2C300italic%2Cregular%2Citalic%2C700%2C700italic%2C900%2C900italic|font_style:400%20regular%3A400%3Anormal&#8221; css=&#8221;.vc_custom_1742290233908{margin-top: 20px !important;margin-bottom: 20px !important;}&#8221;][\/vc_column][\/vc_row][vc_row css=&#8221;.vc_custom_1654789716950{margin-top: 20px !important;}&#8221;][vc_column width=&#8221;3\/4&#8243;][vc_column_text]Our Commercial Law Department provides comprehensive advice on all types of commercial and corporate transactions. With a team of highly qualified and specialized professionals, we provide business advice to domestic and foreign companies regularly.<\/p>\n<p>The Department&#8217;s professionals have participated in some of the most relevant commercial transactions in the sector at the national level. The experience accumulated over the years and deep knowledge of the market gives us a global vision that allows us to identify the singularities of each case and offer solutions tailored to each transaction. Among the department&#8217;s recurring commercial operations are the incorporation, mergers, and acquisitions of companies and other structural modifications, performing the corresponding legal and due diligence of these types of transactions.<\/p>\n<p>Our department has extensive experience in corporate conflicts, in which we design together with our clients the strategy to be followed during the conflict period and assume their defense in judicial and arbitration proceedings (liability of directors, the challenge of corporate agreements, etc.). This practice, in turn, leads us to adopt the appropriate precautions in drafting the corporate and parasocial agreements inherent to the incorporation and development of the activity of a company.<\/p>\n<p>In addition, within the department, we have a team specialized in insolvency law, with experience and in-depth knowledge in all phases of insolvency and pre-insolvency proceedings, having represented both debtors and creditors in the main insolvency proceedings at the national level. In this area, we advise our clients in acquiring assets and debt of companies in insolvency.<\/p>\n<p>We also provide advice on the securities market and banking law, with experience in financing contracts and bond issues, as well as alternative financing transactions.[\/vc_column_text][\/vc_column][vc_column width=&#8221;1\/2&#8243; css=&#8221;.vc_custom_1657118400977{margin-top: 25px !important;margin-bottom: 30px !important;padding-top: 40px !important;padding-right: 5px !important;padding-left: 30px !important;background-position: center !important;background-repeat: no-repeat !important;background-size: cover !important;}&#8221; offset=&#8221;vc_col-lg-3 vc_col-xs-12&#8243; el_id=&#8221;perfiles-del-area&#8221;][vc_single_image image=&#8221;10797&#8243; img_size=&#8221;full&#8221; css=&#8221;.vc_custom_1656514383847{margin-bottom: 25px !important;}&#8221;][cmsms_profile uniqid=&#8221;cmsms_shcd_632c83fb8ce687_58723443&#8243; image=&#8221;11727&#8243; title=&#8221;Ricardo Astorga Morano&#8221; subtitle=&#8221;Managing Partner&#8221; icons=&#8221;%5B%7B%7D%5D&#8221; text=&#8221;<!--Profesor asociado de Derecho Mercantil de la Facultad de Derecho de la Universidad de Sevilla desde 1993, director del M\u00e1ster de Asesor\u00eda Jur\u00eddica de Empresas del Instituto de Estudios Cajasol y profesor en el M\u00e1ster Universitario en Abogac\u00eda de la Universidad de Sevilla (Facultad de Derecho).-->&#8221; css=&#8221;.vc_custom_1663861760702{margin-bottom: 0px !important;border-radius: 2px !important;}&#8221; link=&#8221;url:https%3A%2F%2Fzurbaran.devplatform.tech%2Fen%2Fricardo-astorga-morano%2F|title:Ricardo%20Astorga%20Morano||&#8221; el_class=&#8221;sombra&#8221;][\/vc_column][\/vc_row][vc_row css=&#8221;.vc_custom_1654789649020{margin-top: 45px !important;}&#8221;][vc_column css=&#8221;.vc_custom_1654789735123{margin-top: 50px !important;}&#8221;][\/vc_column][\/vc_row]<\/p>\n<\/section>","protected":false},"excerpt":{"rendered":"<p>Regulaci\u00f3n, gesti\u00f3n y asesoramiento \u00edntegro en todo tipo de actuaciones relativas al \u00e1rea, desde la secretar\u00eda de sociedades cotizadas y no cotizadas hasta la constituci\u00f3n, disoluci\u00f3n y liquidaci\u00f3n de sociedades y Joint Ventures; pasando por la planificaci\u00f3n y ejecuci\u00f3n de modificaciones estructurales de sociedades, entre otras acciones.<\/p>\n","protected":false},"author":1,"featured_media":10798,"parent":0,"menu_order":0,"comment_status":"closed","ping_status":"closed","template":"","meta":[],"categories":[79,81],"tags":[],"yoast_head":"<!-- This site is optimized with the Yoast SEO plugin v20.10 - https:\/\/yoast.com\/wordpress\/plugins\/seo\/ -->\n<title>Commercial - Zurbar\u00e1n Abogados<\/title>\n<meta name=\"robots\" content=\"index, follow, max-snippet:-1, max-image-preview:large, max-video-preview:-1\" \/>\n<link rel=\"canonical\" href=\"https:\/\/zurbaran.devplatform.tech\/en\/commercial\/\" \/>\n<meta property=\"og:locale\" content=\"en_US\" \/>\n<meta property=\"og:type\" content=\"article\" \/>\n<meta property=\"og:title\" content=\"Commercial - Zurbar\u00e1n Abogados\" \/>\n<meta property=\"og:description\" content=\"Regulaci\u00f3n, gesti\u00f3n y asesoramiento \u00edntegro en todo tipo de actuaciones relativas al \u00e1rea, desde la secretar\u00eda de sociedades cotizadas y no cotizadas hasta la constituci\u00f3n, disoluci\u00f3n y liquidaci\u00f3n de sociedades y Joint Ventures; pasando por la planificaci\u00f3n y ejecuci\u00f3n de modificaciones estructurales de sociedades, entre otras acciones.\" \/>\n<meta property=\"og:url\" content=\"https:\/\/zurbaran.devplatform.tech\/en\/commercial\/\" \/>\n<meta property=\"og:site_name\" content=\"Zurbar\u00e1n Abogados\" \/>\n<meta property=\"article:modified_time\" content=\"2025-03-18T09:30:44+00:00\" \/>\n<meta property=\"og:image\" content=\"https:\/\/zurbaran.devplatform.tech\/wp-content\/uploads\/2022\/06\/mercantil.jpg\" \/>\n\t<meta property=\"og:image:width\" content=\"700\" \/>\n\t<meta property=\"og:image:height\" content=\"467\" \/>\n\t<meta property=\"og:image:type\" content=\"image\/jpeg\" \/>\n<meta name=\"twitter:card\" content=\"summary_large_image\" \/>\n<meta name=\"twitter:label1\" content=\"Est. reading time\" \/>\n\t<meta name=\"twitter:data1\" content=\"3 minutes\" \/>\n<script type=\"application\/ld+json\" class=\"yoast-schema-graph\">{\"@context\":\"https:\/\/schema.org\",\"@graph\":[{\"@type\":\"WebPage\",\"@id\":\"https:\/\/zurbaran.devplatform.tech\/en\/commercial\/\",\"url\":\"https:\/\/zurbaran.devplatform.tech\/en\/commercial\/\",\"name\":\"Commercial - Zurbar\u00e1n Abogados\",\"isPartOf\":{\"@id\":\"https:\/\/zurbaran.devplatform.tech\/#website\"},\"datePublished\":\"2020-08-24T11:46:52+00:00\",\"dateModified\":\"2025-03-18T09:30:44+00:00\",\"breadcrumb\":{\"@id\":\"https:\/\/zurbaran.devplatform.tech\/en\/commercial\/#breadcrumb\"},\"inLanguage\":\"en-US\",\"potentialAction\":[{\"@type\":\"ReadAction\",\"target\":[\"https:\/\/zurbaran.devplatform.tech\/en\/commercial\/\"]}]},{\"@type\":\"BreadcrumbList\",\"@id\":\"https:\/\/zurbaran.devplatform.tech\/en\/commercial\/#breadcrumb\",\"itemListElement\":[{\"@type\":\"ListItem\",\"position\":1,\"name\":\"Home\",\"item\":\"https:\/\/zurbaran.devplatform.tech\/en\/home\/\"},{\"@type\":\"ListItem\",\"position\":2,\"name\":\"Commercial\"}]},{\"@type\":\"WebSite\",\"@id\":\"https:\/\/zurbaran.devplatform.tech\/#website\",\"url\":\"https:\/\/zurbaran.devplatform.tech\/\",\"name\":\"Zurbar\u00e1n Abogados\",\"description\":\"Zurbar\u00e1n Abogados - Legal Solutions\",\"potentialAction\":[{\"@type\":\"SearchAction\",\"target\":{\"@type\":\"EntryPoint\",\"urlTemplate\":\"https:\/\/zurbaran.devplatform.tech\/?s={search_term_string}\"},\"query-input\":\"required name=search_term_string\"}],\"inLanguage\":\"en-US\"}]}<\/script>\n<!-- \/ Yoast SEO plugin. -->","yoast_head_json":{"title":"Commercial - Zurbar\u00e1n Abogados","robots":{"index":"index","follow":"follow","max-snippet":"max-snippet:-1","max-image-preview":"max-image-preview:large","max-video-preview":"max-video-preview:-1"},"canonical":"https:\/\/zurbaran.devplatform.tech\/en\/commercial\/","og_locale":"en_US","og_type":"article","og_title":"Commercial - Zurbar\u00e1n Abogados","og_description":"Regulaci\u00f3n, gesti\u00f3n y asesoramiento \u00edntegro en todo tipo de actuaciones relativas al \u00e1rea, desde la secretar\u00eda de sociedades cotizadas y no cotizadas hasta la constituci\u00f3n, disoluci\u00f3n y liquidaci\u00f3n de sociedades y Joint Ventures; pasando por la planificaci\u00f3n y ejecuci\u00f3n de modificaciones estructurales de sociedades, entre otras acciones.","og_url":"https:\/\/zurbaran.devplatform.tech\/en\/commercial\/","og_site_name":"Zurbar\u00e1n Abogados","article_modified_time":"2025-03-18T09:30:44+00:00","og_image":[{"width":700,"height":467,"url":"https:\/\/zurbaran.devplatform.tech\/wp-content\/uploads\/2022\/06\/mercantil.jpg","type":"image\/jpeg"}],"twitter_card":"summary_large_image","twitter_misc":{"Est. reading time":"3 minutes"},"schema":{"@context":"https:\/\/schema.org","@graph":[{"@type":"WebPage","@id":"https:\/\/zurbaran.devplatform.tech\/en\/commercial\/","url":"https:\/\/zurbaran.devplatform.tech\/en\/commercial\/","name":"Commercial - Zurbar\u00e1n Abogados","isPartOf":{"@id":"https:\/\/zurbaran.devplatform.tech\/#website"},"datePublished":"2020-08-24T11:46:52+00:00","dateModified":"2025-03-18T09:30:44+00:00","breadcrumb":{"@id":"https:\/\/zurbaran.devplatform.tech\/en\/commercial\/#breadcrumb"},"inLanguage":"en-US","potentialAction":[{"@type":"ReadAction","target":["https:\/\/zurbaran.devplatform.tech\/en\/commercial\/"]}]},{"@type":"BreadcrumbList","@id":"https:\/\/zurbaran.devplatform.tech\/en\/commercial\/#breadcrumb","itemListElement":[{"@type":"ListItem","position":1,"name":"Home","item":"https:\/\/zurbaran.devplatform.tech\/en\/home\/"},{"@type":"ListItem","position":2,"name":"Commercial"}]},{"@type":"WebSite","@id":"https:\/\/zurbaran.devplatform.tech\/#website","url":"https:\/\/zurbaran.devplatform.tech\/","name":"Zurbar\u00e1n Abogados","description":"Zurbar\u00e1n Abogados - Legal Solutions","potentialAction":[{"@type":"SearchAction","target":{"@type":"EntryPoint","urlTemplate":"https:\/\/zurbaran.devplatform.tech\/?s={search_term_string}"},"query-input":"required name=search_term_string"}],"inLanguage":"en-US"}]}},"_links":{"self":[{"href":"https:\/\/zurbaran.devplatform.tech\/en\/wp-json\/wp\/v2\/pages\/11568"}],"collection":[{"href":"https:\/\/zurbaran.devplatform.tech\/en\/wp-json\/wp\/v2\/pages"}],"about":[{"href":"https:\/\/zurbaran.devplatform.tech\/en\/wp-json\/wp\/v2\/types\/page"}],"author":[{"embeddable":true,"href":"https:\/\/zurbaran.devplatform.tech\/en\/wp-json\/wp\/v2\/users\/1"}],"replies":[{"embeddable":true,"href":"https:\/\/zurbaran.devplatform.tech\/en\/wp-json\/wp\/v2\/comments?post=11568"}],"version-history":[{"count":13,"href":"https:\/\/zurbaran.devplatform.tech\/en\/wp-json\/wp\/v2\/pages\/11568\/revisions"}],"predecessor-version":[{"id":15718,"href":"https:\/\/zurbaran.devplatform.tech\/en\/wp-json\/wp\/v2\/pages\/11568\/revisions\/15718"}],"wp:featuredmedia":[{"embeddable":true,"href":"https:\/\/zurbaran.devplatform.tech\/en\/wp-json\/wp\/v2\/media\/10798"}],"wp:attachment":[{"href":"https:\/\/zurbaran.devplatform.tech\/en\/wp-json\/wp\/v2\/media?parent=11568"}],"wp:term":[{"taxonomy":"category","embeddable":true,"href":"https:\/\/zurbaran.devplatform.tech\/en\/wp-json\/wp\/v2\/categories?post=11568"},{"taxonomy":"post_tag","embeddable":true,"href":"https:\/\/zurbaran.devplatform.tech\/en\/wp-json\/wp\/v2\/tags?post=11568"}],"curies":[{"name":"wp","href":"https:\/\/api.w.org\/{rel}","templated":true}]}}